{"id":217299,"date":"2025-03-20T14:49:47","date_gmt":"2025-03-20T14:49:47","guid":{"rendered":"https:\/\/aromasentia.com\/product\/scented-ear-candles-lavender\/"},"modified":"2025-12-31T15:52:12","modified_gmt":"2025-12-31T15:52:12","slug":"oronljus-med-doft-lavendel","status":"publish","type":"product","link":"https:\/\/aromasentia.com\/sv\/oronljus-med-doft-lavendel\/","title":{"rendered":"\u00d6ronljus Med Doft &#8211; Lavendel"},"content":{"rendered":"<p>\u00d6ronljus har blivit otroligt popul\u00e4ra under de senaste \u00e5ren med m\u00e5nga entusiaster som h\u00e4vdar anm\u00e4rkningsv\u00e4rda fysiska och andliga effekter fr\u00e5n behandling med \u00f6ronljus. D\u00e4remot verkar det som om ingen \u00e4r helt s\u00e4ker p\u00e5 var \u00f6ronljusen kom ifr\u00e5n och vad de hade f\u00f6r ursprunglig anv\u00e4ndning. Olika k\u00e4llor h\u00e4vdar att de anv\u00e4ndes i antika kulturer som Kina, Indien, Sibirien och Nordamerika.&nbsp;<\/p>\n<p>Vi erbjuder ett sortiment av \u00f6ronljus och produkter i grossistledet som passar dem flesta. V\u00e5ra \u00f6ronljus \u00e4r gjorda av oblekt naturlig bomull och bivax och \u00e4r perfekta f\u00f6r ett professionellt spa- eller aromaterapibruk.&nbsp;<\/p>\n<p>Observera att det \u00e4r tillr\u00e5dligt att s\u00e4lja dina \u00f6ronljus med n\u00e5gon form av instruktioner och information om hur du anv\u00e4nder produkten effektivt och s\u00e4kert.&nbsp;<\/p>\n<p><strong>Varningar&nbsp;<\/strong><\/p>\n<p>Anv\u00e4ndningen av \u00f6ronljus sker p\u00e5 din kunds egen risk och ansvar. Vid n\u00e4rvaro av n\u00e5gon form av inflammation i \u00f6rat eller huden runt \u00f6rat rekommenderar vi absolut inte anv\u00e4ndning av \u00f6ronljus. F\u00f6r personlig s\u00e4kerhet rekommenderar vi inte att du utf\u00f6r behandlingen sj\u00e4lv. Det ska alltid g\u00f6ras av en andra person.<\/p>\n","protected":false},"excerpt":{"rendered":"<p>\u00d6ronljus har blivit otroligt popul\u00e4ra under de senaste \u00e5ren med m\u00e5nga entusiaster som h\u00e4vdar anm\u00e4rkningsv\u00e4rda fysiska och andliga effekter fr\u00e5n behandling med \u00f6ronljus. D\u00e4remot verkar det som om ingen \u00e4r helt s\u00e4ker p\u00e5 var \u00f6ronljusen kom ifr\u00e5n och vad de hade f\u00f6r ursprunglig anv\u00e4ndning. Olika k\u00e4llor h\u00e4vdar att de anv\u00e4ndes i antika kulturer som Kina, [&hellip;]<\/p>\n","protected":false},"featured_media":260797,"comment_status":"closed","ping_status":"open","template":"","meta":{"_angie_page":false},"product_brand":[],"product_cat":[11868,26836,25845,26032],"product_tag":[],"class_list":{"0":"post-217299","1":"product","2":"type-product","3":"status-publish","4":"has-post-thumbnail","6":"product_cat-aromaterapi-och-rumsdofter","7":"product_cat-blommig","8":"product_cat-dofter-aromer","9":"product_cat-lavendel","10":"pa_collection-ear-candles-sv","11":"pa_made-in-kina","13":"first","14":"instock","15":"purchasable","16":"product-type-simple"},"supplier_id":null,"supplier_sku":"EarC-09","barcode":null,"atum_controlled":true,"out_stock_date":null,"out_stock_threshold":null,"inheritable":false,"inbound_stock":null,"stock_on_hold":0,"sold_today":0,"sales_last_days":0,"reserved_stock":null,"customer_returns":null,"warehouse_damage":null,"lost_in_post":null,"other_logs":null,"out_stock_days":112,"lost_sales":0,"has_location":null,"update_date":"2026-04-26T00:02:22","atum_locations":[],"atum_stock_status":"instock","restock_status":false,"low_stock_amount":"","sales_update_date":"2026-01-30T01:25:19","calc_backorders":null,"_links":{"self":[{"href":"https:\/\/aromasentia.com\/sv\/wp-json\/wp\/v2\/product\/217299","targetHints":{"allow":["GET"]}}],"collection":[{"href":"https:\/\/aromasentia.com\/sv\/wp-json\/wp\/v2\/product"}],"about":[{"href":"https:\/\/aromasentia.com\/sv\/wp-json\/wp\/v2\/types\/product"}],"replies":[{"embeddable":true,"href":"https:\/\/aromasentia.com\/sv\/wp-json\/wp\/v2\/comments?post=217299"}],"version-history":[{"count":0,"href":"https:\/\/aromasentia.com\/sv\/wp-json\/wp\/v2\/product\/217299\/revisions"}],"wp:featuredmedia":[{"embeddable":true,"href":"https:\/\/aromasentia.com\/sv\/wp-json\/wp\/v2\/media\/260797"}],"wp:attachment":[{"href":"https:\/\/aromasentia.com\/sv\/wp-json\/wp\/v2\/media?parent=217299"}],"wp:term":[{"taxonomy":"product_brand","embeddable":true,"href":"https:\/\/aromasentia.com\/sv\/wp-json\/wp\/v2\/product_brand?post=217299"},{"taxonomy":"product_cat","embeddable":true,"href":"https:\/\/aromasentia.com\/sv\/wp-json\/wp\/v2\/product_cat?post=217299"},{"taxonomy":"product_tag","embeddable":true,"href":"https:\/\/aromasentia.com\/sv\/wp-json\/wp\/v2\/product_tag?post=217299"}],"curies":[{"name":"wp","href":"https:\/\/api.w.org\/{rel}","templated":true}]}}