{"id":217264,"date":"2025-03-20T14:51:04","date_gmt":"2025-03-20T14:51:04","guid":{"rendered":"https:\/\/aromasentia.com\/product\/10-ml-fennel-essential-oil\/"},"modified":"2025-12-31T15:51:50","modified_gmt":"2025-12-31T15:51:50","slug":"fankal-eterisk-olja","status":"publish","type":"product","link":"https:\/\/aromasentia.com\/sv\/fankal-eterisk-olja\/","title":{"rendered":"F\u00e4nk\u00e5l Eterisk Olja"},"content":{"rendered":"<p><strong>Latinskt namn:&nbsp;<\/strong><em>Foeniculum Vulgare&nbsp;<\/em><\/p>\n<p><strong>Del av v\u00e4xt som anv\u00e4nds:<\/strong> <em>K<\/em><em>rossade fr\u00f6n&nbsp;<\/em><\/p>\n<p><strong>Ursprung:<\/strong> <em>Ukraina&nbsp;<\/em><\/p>\n<p><strong>Extraktionsmetod:<\/strong> <em>\u00c5ngdestillation&nbsp;<\/em><\/p>\n<p>Grossist F\u00e4nk\u00e5l Eterisk Olja utvinns fr\u00e5n v\u00e4xten Foeniculum Vulgare Var. Dulce, som \u00e4r s\u00f6t f\u00e4nk\u00e5l, \u00e4ven k\u00e4nd som romersk f\u00e4nk\u00e5l. Den extraheras fr\u00e5n de krossade fr\u00f6na genom \u00e5ngdestillation. Den anv\u00e4nds i aromaterapi f\u00f6r att behandla oljig hud, rynkor och fetma. Den s\u00e4gs \u00f6ka mod, beslutsamhet och styrka.&nbsp;<\/p>\n<p>Denna olja \u00e4r ett popul\u00e4rt botemedel mot matsm\u00e4ltningsproblem som flatulens, f\u00f6rstoppning, kolik, illam\u00e5ende, kr\u00e4kningar, anorexi och dyspepsi. Den hj\u00e4lper ocks\u00e5 vid viktminskning eftersom den s\u00e4gs fr\u00e4mja k\u00e4nslan av en full mage. Dess urindrivande effekt tros hj\u00e4lpa till att skingra celluliter. F\u00e4nk\u00e5lsolja anses tona mj\u00e4lten och levern. Den har en reng\u00f6rande och tonande effekt p\u00e5 huden och hj\u00e4lper mot bl\u00e5m\u00e4rken. Observera att denna olja inte b\u00f6r anv\u00e4ndas i stora doser och b\u00f6r undvikas helt under graviditet, amning och av dem som lider av br\u00f6stcancer och epilepsi.&nbsp;<\/p>\n<p>Ordet f\u00e4nk\u00e5l kommer fr\u00e5n latinets &quot;foenum&quot;, som betyder &quot;h\u00f6&quot;. &nbsp;Det var en popul\u00e4r \u00f6rt som anv\u00e4ndes av de gamla kineserna, egyptierna och romarna, som trodde att f\u00e4nk\u00e5l bidrog till att ge l\u00e4ngre liv och f\u00f6rb\u00e4ttrade en persons mod och styrka. Den ans\u00e5gs ocks\u00e5 h\u00e5lla borta onda andar. Det s\u00e4gs att f\u00e4nk\u00e5l anv\u00e4ndes f\u00f6r att st\u00e4rka synen, bota ormbett och lindra kolik. I Indien serveras ofta vanliga, rostade eller mintbelagda f\u00e4nk\u00e5lsfr\u00f6n, som kallas &quot;saunf&quot; efter m\u00e5ltider f\u00f6r att hj\u00e4lpa matsm\u00e4ltningen.&nbsp;<\/p>\n<p><strong><span style=\"color: rgb(84, 172, 210);\">OBS: V\u00e5ra eteriska oljor \u00e4r inte l\u00e4mpliga f\u00f6r internt bruk.<\/span><\/strong><\/p>\n","protected":false},"excerpt":{"rendered":"<p>Latinskt namn:&nbsp;Foeniculum Vulgare&nbsp; Del av v\u00e4xt som anv\u00e4nds: Krossade fr\u00f6n&nbsp; Ursprung: Ukraina&nbsp; Extraktionsmetod: \u00c5ngdestillation&nbsp; Grossist F\u00e4nk\u00e5l Eterisk Olja utvinns fr\u00e5n v\u00e4xten Foeniculum Vulgare Var. Dulce, som \u00e4r s\u00f6t f\u00e4nk\u00e5l, \u00e4ven k\u00e4nd som romersk f\u00e4nk\u00e5l. Den extraheras fr\u00e5n de krossade fr\u00f6na genom \u00e5ngdestillation. Den anv\u00e4nds i aromaterapi f\u00f6r att behandla oljig hud, rynkor och fetma. Den [&hellip;]<\/p>\n","protected":false},"featured_media":261191,"comment_status":"closed","ping_status":"open","template":"","meta":[],"product_brand":[27091],"product_cat":[11868,25845,13648,26022,26864],"product_tag":[],"class_list":{"0":"post-217264","1":"product","2":"type-product","3":"status-publish","4":"has-post-thumbnail","6":"product_brand-ancient-wisdom","7":"product_cat-aromaterapi-och-rumsdofter","8":"product_cat-dofter-aromer","9":"product_cat-eteriska-oljor","10":"product_cat-fankal","11":"product_cat-ort-aromatisk","12":"pa_collection-aromatherapy-essential-oils-10ml-sv","13":"pa_made-in-ukraina","14":"pa_size-10ml","16":"first","17":"instock","18":"purchasable","19":"product-type-simple"},"supplier_id":null,"supplier_sku":"EO-16","barcode":null,"atum_controlled":true,"out_stock_date":null,"out_stock_threshold":null,"inheritable":false,"inbound_stock":null,"stock_on_hold":0,"sold_today":0,"sales_last_days":0,"reserved_stock":null,"customer_returns":null,"warehouse_damage":null,"lost_in_post":null,"other_logs":null,"out_stock_days":0,"lost_sales":0,"has_location":null,"update_date":"2026-02-09T17:00:06","atum_locations":[],"atum_stock_status":"instock","restock_status":false,"low_stock_amount":"","sales_update_date":"2025-09-03T00:27:38","calc_backorders":null,"_links":{"self":[{"href":"https:\/\/aromasentia.com\/sv\/wp-json\/wp\/v2\/product\/217264","targetHints":{"allow":["GET"]}}],"collection":[{"href":"https:\/\/aromasentia.com\/sv\/wp-json\/wp\/v2\/product"}],"about":[{"href":"https:\/\/aromasentia.com\/sv\/wp-json\/wp\/v2\/types\/product"}],"replies":[{"embeddable":true,"href":"https:\/\/aromasentia.com\/sv\/wp-json\/wp\/v2\/comments?post=217264"}],"version-history":[{"count":0,"href":"https:\/\/aromasentia.com\/sv\/wp-json\/wp\/v2\/product\/217264\/revisions"}],"wp:featuredmedia":[{"embeddable":true,"href":"https:\/\/aromasentia.com\/sv\/wp-json\/wp\/v2\/media\/261191"}],"wp:attachment":[{"href":"https:\/\/aromasentia.com\/sv\/wp-json\/wp\/v2\/media?parent=217264"}],"wp:term":[{"taxonomy":"product_brand","embeddable":true,"href":"https:\/\/aromasentia.com\/sv\/wp-json\/wp\/v2\/product_brand?post=217264"},{"taxonomy":"product_cat","embeddable":true,"href":"https:\/\/aromasentia.com\/sv\/wp-json\/wp\/v2\/product_cat?post=217264"},{"taxonomy":"product_tag","embeddable":true,"href":"https:\/\/aromasentia.com\/sv\/wp-json\/wp\/v2\/product_tag?post=217264"}],"curies":[{"name":"wp","href":"https:\/\/api.w.org\/{rel}","templated":true}]}}