{"id":217260,"date":"2025-03-20T14:51:35","date_gmt":"2025-03-20T14:51:35","guid":{"rendered":"https:\/\/aromasentia.com\/product\/10-ml-rose-absolute-essential-oil\/"},"modified":"2025-12-31T15:51:43","modified_gmt":"2025-12-31T15:51:43","slug":"ros-absolut-eterisk-olja","status":"publish","type":"product","link":"https:\/\/aromasentia.com\/sv\/ros-absolut-eterisk-olja\/","title":{"rendered":"Ros Absolut Eterisk Olja"},"content":{"rendered":"<p><strong>Latinskt namn:&nbsp;<\/strong><em>Rosa Damascena<\/em><\/p>\n<p><strong>Del av v\u00e4xt som anv\u00e4nds:&nbsp;<\/strong><em>Kronblad&nbsp;<\/em><\/p>\n<p><strong>Ursprung:&nbsp;<\/strong><em>Marocko&nbsp;<\/em><\/p>\n<p><strong>Extraktionsmetod:&nbsp;<\/strong><em>L\u00f6sningsmedelsextraktion&nbsp;<\/em><\/p>\n<p>Grossist Ros Eterisk Olja \u00e4r mer \u00e4n bara en vacker blommig doft. Den har flera terapeutiska egenskaper som g\u00f6r den till en fantastisk ingrediens i hudv\u00e5rdsprodukter. Rose Absolute har flera terapeutiska egenskaper inklusive antidepressiva, antiseptiska, sammandragande och lugnande. Den hj\u00e4lper till att \u00f6ka sj\u00e4lvf\u00f6rtroendet, f\u00f6rb\u00e4ttrar mental h\u00e4lsa och bek\u00e4mpar depression.<\/p>\n<p>Akne uppst\u00e5r oftast n\u00e4r det finns en \u00f6verproduktion av talg i en persons porer, men \u00f6kade bakterier spelar ocks\u00e5 en stor roll i utvecklingen av akne. Som tur \u00e4r, har Ros Eterisk Olja flera egenskaper som kan minska akne, inklusive sammandragande, antivirala och bakteried\u00f6dande.&nbsp;<\/p>\n<p><strong><span style=\"color: rgb(84, 172, 210);\">OBS: V\u00e5ra eteriska oljor \u00e4r inte l\u00e4mpliga f\u00f6r internt bruk.<\/span><\/strong><\/p>\n","protected":false},"excerpt":{"rendered":"<p>Latinskt namn:&nbsp;Rosa Damascena Del av v\u00e4xt som anv\u00e4nds:&nbsp;Kronblad&nbsp; Ursprung:&nbsp;Marocko&nbsp; Extraktionsmetod:&nbsp;L\u00f6sningsmedelsextraktion&nbsp; Grossist Ros Eterisk Olja \u00e4r mer \u00e4n bara en vacker blommig doft. Den har flera terapeutiska egenskaper som g\u00f6r den till en fantastisk ingrediens i hudv\u00e5rdsprodukter. Rose Absolute har flera terapeutiska egenskaper inklusive antidepressiva, antiseptiska, sammandragande och lugnande. Den hj\u00e4lper till att \u00f6ka sj\u00e4lvf\u00f6rtroendet, f\u00f6rb\u00e4ttrar [&hellip;]<\/p>\n","protected":false},"featured_media":261541,"comment_status":"closed","ping_status":"open","template":"","meta":{"_angie_page":false},"product_brand":[27091],"product_cat":[11868,26836,25845,13648,26059],"product_tag":[],"class_list":{"0":"post-217260","1":"product","2":"type-product","3":"status-publish","4":"has-post-thumbnail","6":"product_brand-ancient-wisdom","7":"product_cat-aromaterapi-och-rumsdofter","8":"product_cat-blommig","9":"product_cat-dofter-aromer","10":"product_cat-eteriska-oljor","11":"product_cat-ros","12":"pa_collection-aromatherapy-essential-oils-10ml-sv","13":"pa_made-in-marocko","14":"pa_size-10ml","16":"first","17":"instock","18":"purchasable","19":"product-type-simple"},"supplier_id":null,"supplier_sku":"EO-38","barcode":null,"atum_controlled":true,"out_stock_date":null,"out_stock_threshold":null,"inheritable":false,"inbound_stock":null,"stock_on_hold":0,"sold_today":0,"sales_last_days":0,"reserved_stock":null,"customer_returns":null,"warehouse_damage":null,"lost_in_post":null,"other_logs":null,"out_stock_days":71,"lost_sales":0,"has_location":null,"update_date":"2026-05-08T05:07:22","atum_locations":[],"atum_stock_status":"instock","restock_status":false,"low_stock_amount":"","sales_update_date":"2026-01-30T01:24:20","calc_backorders":null,"_links":{"self":[{"href":"https:\/\/aromasentia.com\/sv\/wp-json\/wp\/v2\/product\/217260","targetHints":{"allow":["GET"]}}],"collection":[{"href":"https:\/\/aromasentia.com\/sv\/wp-json\/wp\/v2\/product"}],"about":[{"href":"https:\/\/aromasentia.com\/sv\/wp-json\/wp\/v2\/types\/product"}],"replies":[{"embeddable":true,"href":"https:\/\/aromasentia.com\/sv\/wp-json\/wp\/v2\/comments?post=217260"}],"version-history":[{"count":0,"href":"https:\/\/aromasentia.com\/sv\/wp-json\/wp\/v2\/product\/217260\/revisions"}],"wp:featuredmedia":[{"embeddable":true,"href":"https:\/\/aromasentia.com\/sv\/wp-json\/wp\/v2\/media\/261541"}],"wp:attachment":[{"href":"https:\/\/aromasentia.com\/sv\/wp-json\/wp\/v2\/media?parent=217260"}],"wp:term":[{"taxonomy":"product_brand","embeddable":true,"href":"https:\/\/aromasentia.com\/sv\/wp-json\/wp\/v2\/product_brand?post=217260"},{"taxonomy":"product_cat","embeddable":true,"href":"https:\/\/aromasentia.com\/sv\/wp-json\/wp\/v2\/product_cat?post=217260"},{"taxonomy":"product_tag","embeddable":true,"href":"https:\/\/aromasentia.com\/sv\/wp-json\/wp\/v2\/product_tag?post=217260"}],"curies":[{"name":"wp","href":"https:\/\/api.w.org\/{rel}","templated":true}]}}