{"id":217258,"date":"2025-03-20T14:51:35","date_gmt":"2025-03-20T14:51:35","guid":{"rendered":"https:\/\/aromasentia.com\/product\/10-ml-palmarosa-essential-oil\/"},"modified":"2025-12-31T15:51:43","modified_gmt":"2025-12-31T15:51:43","slug":"palmarosa-eterisk-olja","status":"publish","type":"product","link":"https:\/\/aromasentia.com\/sv\/palmarosa-eterisk-olja\/","title":{"rendered":"Palmarosa Eterisk Olja"},"content":{"rendered":"<p><strong>Latinskt namn:<\/strong> <em>Cymbopogon Martinii&nbsp;<\/em><\/p>\n<p><strong>Del av v\u00e4xt som anv\u00e4nds:<\/strong> <em>Gr\u00e4s&nbsp;<\/em><\/p>\n<p><strong>Ursprung:<\/strong> <em>Indien&nbsp;<\/em><\/p>\n<p><strong>Extraktionsmetod:<\/strong> <em>\u00c5ngdestillation&nbsp;<\/em><\/p>\n<p>Grossist Palmarosa Eterisk Olja har en rosliknande doft som g\u00f6r den till ett fint till\u00e4gg till din samling av eteriska oljor. Den \u00e4r k\u00e4nd f\u00f6r sina naturliga hudf\u00f6rdelar.&nbsp;<\/p>\n<p>Palmarosa \u00e4r en av naturens stj\u00e4rnuppeh\u00e5llare av hudh\u00e4lsa. Den reglerar hudens fukt och oljeproduktion, och d\u00e4rf\u00f6r \u00e4r den anv\u00e4ndbar f\u00f6r b\u00e5de torr och fet hud. Detta \u00e4r anledningen till att Palmarosa Eterisk Olja tills\u00e4tts i hudprodukter som tv\u00e5l, kr\u00e4mer, osv. Palmarosa Eterisk Olja ger n\u00e4ring och \u00e5terst\u00e4ller hudens h\u00e4lsa och harmoni. Den \u00e4r ocks\u00e5 k\u00e4nd f\u00f6r sin f\u00f6rm\u00e5ga att f\u00f6ryngra tr\u00f6tta och \u00f6mma f\u00f6tter, s\u00e5 den \u00e4r fantastisk till fotbad. &nbsp;<\/p>\n<p>Den har b\u00e5de lugnande och upplyftande effekter och \u00e4r en tonic f\u00f6r hj\u00e4rtat och sinnet. Den st\u00f6djer djup s\u00f6mn, lyfter, lugnar hum\u00f6ret och ger komfort och st\u00f6d f\u00f6r feminina cykler. Samtidigt kan palmarosa hj\u00e4lpa att f\u00f6rkorta \u00e5terh\u00e4mtningstiden fr\u00e5n sjukdomar under den utmanande vinters\u00e4songen. Eftersom palmarosa \u00e4r i huvudsak svalkande och fuktande, kan den erbjuda lindring fr\u00e5n psykiska lidandena som os\u00e4kerhet, sorg eller defensivitet.&nbsp;<\/p>\n<p><strong><span style=\"color: rgb(84, 172, 210);\">OBS: V\u00e5ra eteriska oljor \u00e4r inte l\u00e4mpliga f\u00f6r internt bruk.<\/span><\/strong><\/p>\n","protected":false},"excerpt":{"rendered":"<p>Latinskt namn: Cymbopogon Martinii&nbsp; Del av v\u00e4xt som anv\u00e4nds: Gr\u00e4s&nbsp; Ursprung: Indien&nbsp; Extraktionsmetod: \u00c5ngdestillation&nbsp; Grossist Palmarosa Eterisk Olja har en rosliknande doft som g\u00f6r den till ett fint till\u00e4gg till din samling av eteriska oljor. Den \u00e4r k\u00e4nd f\u00f6r sina naturliga hudf\u00f6rdelar.&nbsp; Palmarosa \u00e4r en av naturens stj\u00e4rnuppeh\u00e5llare av hudh\u00e4lsa. Den reglerar hudens fukt och [&hellip;]<\/p>\n","protected":false},"featured_media":261507,"comment_status":"closed","ping_status":"open","template":"","meta":{"_angie_page":false},"product_brand":[27091],"product_cat":[11868,26836,25845,13648,26050],"product_tag":[],"class_list":{"0":"post-217258","1":"product","2":"type-product","3":"status-publish","4":"has-post-thumbnail","6":"product_brand-ancient-wisdom","7":"product_cat-aromaterapi-och-rumsdofter","8":"product_cat-blommig","9":"product_cat-dofter-aromer","10":"product_cat-eteriska-oljor","11":"product_cat-palmarosa","12":"pa_collection-aromatherapy-essential-oils-10ml-sv","13":"pa_made-in-indien","14":"pa_size-10ml","16":"first","17":"instock","18":"purchasable","19":"product-type-simple"},"supplier_id":null,"supplier_sku":"EO-36","barcode":null,"atum_controlled":true,"out_stock_date":null,"out_stock_threshold":null,"inheritable":false,"inbound_stock":null,"stock_on_hold":0,"sold_today":0,"sales_last_days":0,"reserved_stock":null,"customer_returns":null,"warehouse_damage":null,"lost_in_post":null,"other_logs":null,"out_stock_days":0,"lost_sales":0,"has_location":null,"update_date":"2026-04-27T07:00:40","atum_locations":[],"atum_stock_status":"instock","restock_status":false,"low_stock_amount":"","sales_update_date":"2025-09-03T00:27:46","calc_backorders":null,"_links":{"self":[{"href":"https:\/\/aromasentia.com\/sv\/wp-json\/wp\/v2\/product\/217258","targetHints":{"allow":["GET"]}}],"collection":[{"href":"https:\/\/aromasentia.com\/sv\/wp-json\/wp\/v2\/product"}],"about":[{"href":"https:\/\/aromasentia.com\/sv\/wp-json\/wp\/v2\/types\/product"}],"replies":[{"embeddable":true,"href":"https:\/\/aromasentia.com\/sv\/wp-json\/wp\/v2\/comments?post=217258"}],"version-history":[{"count":0,"href":"https:\/\/aromasentia.com\/sv\/wp-json\/wp\/v2\/product\/217258\/revisions"}],"wp:featuredmedia":[{"embeddable":true,"href":"https:\/\/aromasentia.com\/sv\/wp-json\/wp\/v2\/media\/261507"}],"wp:attachment":[{"href":"https:\/\/aromasentia.com\/sv\/wp-json\/wp\/v2\/media?parent=217258"}],"wp:term":[{"taxonomy":"product_brand","embeddable":true,"href":"https:\/\/aromasentia.com\/sv\/wp-json\/wp\/v2\/product_brand?post=217258"},{"taxonomy":"product_cat","embeddable":true,"href":"https:\/\/aromasentia.com\/sv\/wp-json\/wp\/v2\/product_cat?post=217258"},{"taxonomy":"product_tag","embeddable":true,"href":"https:\/\/aromasentia.com\/sv\/wp-json\/wp\/v2\/product_tag?post=217258"}],"curies":[{"name":"wp","href":"https:\/\/api.w.org\/{rel}","templated":true}]}}