{"id":217252,"date":"2025-03-20T14:51:35","date_gmt":"2025-03-20T14:51:35","guid":{"rendered":"https:\/\/aromasentia.com\/product\/10-ml-mandarin-essential-oil\/"},"modified":"2025-12-31T15:51:43","modified_gmt":"2025-12-31T15:51:43","slug":"mandarin-eterisk-olja-2","status":"publish","type":"product","link":"https:\/\/aromasentia.com\/sv\/mandarin-eterisk-olja-2\/","title":{"rendered":"Mandarin Eterisk Olja"},"content":{"rendered":"<p><strong>Latinskt namn:<\/strong> <em>Citrus&nbsp;<\/em><em>Nobilis&nbsp;<\/em><\/p>\n<p><strong>Del av v\u00e4xt som anv\u00e4nds:<\/strong> <em>Fruktskal&nbsp;<\/em><\/p>\n<p><strong>Ursprung:&nbsp;<\/strong><em>Italien&nbsp;<\/em><\/p>\n<p><strong>Extraktionsmetod:&nbsp;<\/strong><em>Kallpressning<\/em><\/p>\n<p>Grossist Mandarin Eterisk Olja erh\u00e5lls fr\u00e5n Citrus Nobilis genom kallpressning av skalet. Mandarin Petitgrain-olja utvinns ocks\u00e5 i sm\u00e5 m\u00e4ngder genom \u00e5ngdestillation av l\u00f6v och kvistar. Oljan \u00e4r gyllene gul-orange och har doften av en f\u00e4rsk apelsin. En hel grupp citrusfrukter tillh\u00f6r gruppen av mandarinapelsiner, inklusive Satsuma, Clementine, Dancy, Honung, Pixie och mandariner.&nbsp;<\/p>\n<p>Denna olja \u00e4r mycket skonsam och man tror d\u00e4rf\u00f6r att den kan anv\u00e4ndas f\u00f6r att behandla \u00e4ven barn och gravida kvinnor; en av f\u00e5 oljor som anv\u00e4nds p\u00e5 detta s\u00e4tt. Med sin toniska och stimulerande effekt p\u00e5 b\u00e5de mage och lever \u00e4r den till hj\u00e4lp vid matsm\u00e4ltningsproblem. Mandarinolja \u00e4r ocks\u00e5 anv\u00e4ndbar f\u00f6r att behandla akne, oljig hud och fl\u00e4ckar. Den tros kunna lindra problem som v\u00e4tskeretention och fetma ocks\u00e5. Oljan, som \u00e4r utsp\u00e4dd cirka 1-2 % i en b\u00e4rarolja, kan masseras f\u00f6rsiktigt p\u00e5 ett barns mage f\u00f6r att lindra magsm\u00e4rtor. N\u00e5gra droppar i badvattnet kan lugna hyperaktiva barn. Den kan skingra depression och lindrar \u00e5ngest n\u00e4r den anv\u00e4nds i en oljebr\u00e4nnare.<\/p>\n<p>Frukten kallas just &#39;mandarinapelsiner&#39;, eftersom de traditionellt erbj\u00f6ds som g\u00e5vor till kinesiska mandariner. I Frankrike anses mandarinen vara ett s\u00e4kert botemedel f\u00f6r att behandla matsm\u00e4ltningsbesv\u00e4r hos barn och f\u00f6r \u00e4ldre, eftersom den hj\u00e4lper till att st\u00e4rka matsm\u00e4ltningssystemet och levern. Mandarinen kommer fr\u00e5n s\u00f6dra Kina och Fj\u00e4rran \u00d6stern, och f\u00f6rdes till Europa 1805 och till Amerika 1845.&nbsp;<\/p>\n<p><strong><span style=\"color: rgb(84, 172, 210);\">OBS: V\u00e5ra eteriska oljor \u00e4r inte l\u00e4mpliga f\u00f6r internt bruk.<\/span><\/strong><\/p>\n","protected":false},"excerpt":{"rendered":"<p>Latinskt namn: Citrus&nbsp;Nobilis&nbsp; Del av v\u00e4xt som anv\u00e4nds: Fruktskal&nbsp; Ursprung:&nbsp;Italien&nbsp; Extraktionsmetod:&nbsp;Kallpressning Grossist Mandarin Eterisk Olja erh\u00e5lls fr\u00e5n Citrus Nobilis genom kallpressning av skalet. Mandarin Petitgrain-olja utvinns ocks\u00e5 i sm\u00e5 m\u00e4ngder genom \u00e5ngdestillation av l\u00f6v och kvistar. Oljan \u00e4r gyllene gul-orange och har doften av en f\u00e4rsk apelsin. En hel grupp citrusfrukter tillh\u00f6r gruppen av mandarinapelsiner, [&hellip;]<\/p>\n","protected":false},"featured_media":261413,"comment_status":"closed","ping_status":"open","template":"","meta":{"_angie_page":false},"product_brand":[27091],"product_cat":[11868,25845,13648,26038],"product_tag":[],"class_list":{"0":"post-217252","1":"product","2":"type-product","3":"status-publish","4":"has-post-thumbnail","6":"product_brand-ancient-wisdom","7":"product_cat-aromaterapi-och-rumsdofter","8":"product_cat-dofter-aromer","9":"product_cat-eteriska-oljor","10":"product_cat-mandarin","11":"pa_collection-aromatherapy-essential-oils-10ml-sv","12":"pa_made-in-argentina","13":"pa_size-10ml","15":"first","16":"instock","17":"purchasable","18":"product-type-simple"},"supplier_id":null,"supplier_sku":"EO-30","barcode":null,"atum_controlled":true,"out_stock_date":null,"out_stock_threshold":null,"inheritable":false,"inbound_stock":null,"stock_on_hold":0,"sold_today":0,"sales_last_days":0,"reserved_stock":null,"customer_returns":null,"warehouse_damage":null,"lost_in_post":null,"other_logs":null,"out_stock_days":0,"lost_sales":0,"has_location":null,"update_date":"2026-04-27T07:00:40","atum_locations":[],"atum_stock_status":"instock","restock_status":false,"low_stock_amount":"","sales_update_date":"2025-09-03T00:27:45","calc_backorders":null,"_links":{"self":[{"href":"https:\/\/aromasentia.com\/sv\/wp-json\/wp\/v2\/product\/217252","targetHints":{"allow":["GET"]}}],"collection":[{"href":"https:\/\/aromasentia.com\/sv\/wp-json\/wp\/v2\/product"}],"about":[{"href":"https:\/\/aromasentia.com\/sv\/wp-json\/wp\/v2\/types\/product"}],"replies":[{"embeddable":true,"href":"https:\/\/aromasentia.com\/sv\/wp-json\/wp\/v2\/comments?post=217252"}],"version-history":[{"count":0,"href":"https:\/\/aromasentia.com\/sv\/wp-json\/wp\/v2\/product\/217252\/revisions"}],"wp:featuredmedia":[{"embeddable":true,"href":"https:\/\/aromasentia.com\/sv\/wp-json\/wp\/v2\/media\/261413"}],"wp:attachment":[{"href":"https:\/\/aromasentia.com\/sv\/wp-json\/wp\/v2\/media?parent=217252"}],"wp:term":[{"taxonomy":"product_brand","embeddable":true,"href":"https:\/\/aromasentia.com\/sv\/wp-json\/wp\/v2\/product_brand?post=217252"},{"taxonomy":"product_cat","embeddable":true,"href":"https:\/\/aromasentia.com\/sv\/wp-json\/wp\/v2\/product_cat?post=217252"},{"taxonomy":"product_tag","embeddable":true,"href":"https:\/\/aromasentia.com\/sv\/wp-json\/wp\/v2\/product_tag?post=217252"}],"curies":[{"name":"wp","href":"https:\/\/api.w.org\/{rel}","templated":true}]}}