{"id":217247,"date":"2025-03-20T14:52:06","date_gmt":"2025-03-20T14:52:06","guid":{"rendered":"https:\/\/aromasentia.com\/product\/10-ml-cajeput-essential-oil\/"},"modified":"2025-12-31T15:51:35","modified_gmt":"2025-12-31T15:51:35","slug":"cajeput-eterisk-olja","status":"publish","type":"product","link":"https:\/\/aromasentia.com\/sv\/cajeput-eterisk-olja\/","title":{"rendered":"Cajeput Eterisk Olja"},"content":{"rendered":"<p><strong>Latinskt namn:<\/strong> <em>Melaleuca Cajuputi&nbsp;<\/em><\/p>\n<p><strong>Del av v\u00e4xt som anv\u00e4nds:<\/strong> L<em>\u00f6v och kvistar&nbsp;<\/em><\/p>\n<p><strong>Ursprung:<\/strong> <em>Indonesien&nbsp;<\/em><\/p>\n<p><strong>Extraktionsmetod:<\/strong> <em>\u00c5ngdestillation&nbsp;<\/em><\/p>\n<p>Grossist Cajeput Eterisk Olja anv\u00e4nds f\u00f6r att behandla f\u00f6rkylning, huvudv\u00e4rk och tandv\u00e4rk. Den \u00e4r mycket effektiv f\u00f6r att bek\u00e4mpa infektioner orsakade av bakterier, virus och svampar, s\u00e5som stelkramp (bakterier), influensa (virus) och infektionssjukdomar som kolera och tyfus.&nbsp;<\/p>\n<p>Cajeput Eterisk Olja \u00e4r mycket effektiv f\u00f6r att d\u00f6da och driva bort insekter. Dess insektsbek\u00e4mpande egenskaper \u00e4r s\u00e5 starka att dess utsp\u00e4dda l\u00f6sning kan sprayas eller f\u00f6r\u00e5ngas f\u00f6r att driva bort myggor, myror och m\u00e5nga andra typer av skadedjur fr\u00e5n hemmet. En utsp\u00e4dd l\u00f6sning av oljan kan ocks\u00e5 gnidas p\u00e5 kroppen f\u00f6r att h\u00e5lla insekter borta.&nbsp;<\/p>\n<p>Precis som eukalyptusolja fungerar cajeputolja ocks\u00e5 som ett utm\u00e4rkt avsv\u00e4llande och sleml\u00f6sande medel. Den ger omedelbar lindring vid n\u00e4st\u00e4ppa, hosta, infektioner och resulterande inflammation i halsen.&nbsp;<\/p>\n<p>Den \u00e4r naturligt sm\u00e4rtstillande n\u00e4r den appliceras lokalt, till exempel p\u00e5 en infekterad tand vid tandv\u00e4rk eller gnuggad p\u00e5 pannan vid huvudv\u00e4rk. Applicera endast i mycket utsp\u00e4dd form.<\/p>\n<p><strong><span style=\"color: rgb(84, 172, 210);\">OBS: V\u00e5ra eteriska oljor \u00e4r inte l\u00e4mpliga f\u00f6r internt bruk.<\/span><\/strong><\/p>\n","protected":false},"excerpt":{"rendered":"<p>Latinskt namn: Melaleuca Cajuputi&nbsp; Del av v\u00e4xt som anv\u00e4nds: L\u00f6v och kvistar&nbsp; Ursprung: Indonesien&nbsp; Extraktionsmetod: \u00c5ngdestillation&nbsp; Grossist Cajeput Eterisk Olja anv\u00e4nds f\u00f6r att behandla f\u00f6rkylning, huvudv\u00e4rk och tandv\u00e4rk. Den \u00e4r mycket effektiv f\u00f6r att bek\u00e4mpa infektioner orsakade av bakterier, virus och svampar, s\u00e5som stelkramp (bakterier), influensa (virus) och infektionssjukdomar som kolera och tyfus.&nbsp; Cajeput Eterisk [&hellip;]<\/p>\n","protected":false},"featured_media":261754,"comment_status":"closed","ping_status":"open","template":"","meta":{"_angie_page":false},"product_brand":[27091],"product_cat":[11868,25845,13648,26008,26871],"product_tag":[],"class_list":{"0":"post-217247","1":"product","2":"type-product","3":"status-publish","4":"has-post-thumbnail","6":"product_brand-ancient-wisdom","7":"product_cat-aromaterapi-och-rumsdofter","8":"product_cat-dofter-aromer","9":"product_cat-eteriska-oljor","10":"product_cat-kajeput","11":"product_cat-medicinsk-kamferdoftande","12":"pa_collection-aromatherapy-essential-oils-10ml-sv","13":"pa_made-in-indonesien","14":"pa_size-10ml","16":"first","17":"instock","18":"purchasable","19":"product-type-simple"},"supplier_id":null,"supplier_sku":"EO-56","barcode":null,"atum_controlled":true,"out_stock_date":null,"out_stock_threshold":null,"inheritable":false,"inbound_stock":null,"stock_on_hold":0,"sold_today":0,"sales_last_days":0,"reserved_stock":null,"customer_returns":null,"warehouse_damage":null,"lost_in_post":null,"other_logs":null,"out_stock_days":0,"lost_sales":0,"has_location":null,"update_date":"2026-04-27T07:00:50","atum_locations":[],"atum_stock_status":"instock","restock_status":false,"low_stock_amount":"","sales_update_date":"2025-09-03T00:27:52","calc_backorders":null,"_links":{"self":[{"href":"https:\/\/aromasentia.com\/sv\/wp-json\/wp\/v2\/product\/217247","targetHints":{"allow":["GET"]}}],"collection":[{"href":"https:\/\/aromasentia.com\/sv\/wp-json\/wp\/v2\/product"}],"about":[{"href":"https:\/\/aromasentia.com\/sv\/wp-json\/wp\/v2\/types\/product"}],"replies":[{"embeddable":true,"href":"https:\/\/aromasentia.com\/sv\/wp-json\/wp\/v2\/comments?post=217247"}],"version-history":[{"count":0,"href":"https:\/\/aromasentia.com\/sv\/wp-json\/wp\/v2\/product\/217247\/revisions"}],"wp:featuredmedia":[{"embeddable":true,"href":"https:\/\/aromasentia.com\/sv\/wp-json\/wp\/v2\/media\/261754"}],"wp:attachment":[{"href":"https:\/\/aromasentia.com\/sv\/wp-json\/wp\/v2\/media?parent=217247"}],"wp:term":[{"taxonomy":"product_brand","embeddable":true,"href":"https:\/\/aromasentia.com\/sv\/wp-json\/wp\/v2\/product_brand?post=217247"},{"taxonomy":"product_cat","embeddable":true,"href":"https:\/\/aromasentia.com\/sv\/wp-json\/wp\/v2\/product_cat?post=217247"},{"taxonomy":"product_tag","embeddable":true,"href":"https:\/\/aromasentia.com\/sv\/wp-json\/wp\/v2\/product_tag?post=217247"}],"curies":[{"name":"wp","href":"https:\/\/api.w.org\/{rel}","templated":true}]}}