{"id":217246,"date":"2025-03-20T14:52:06","date_gmt":"2025-03-20T14:52:06","guid":{"rendered":"https:\/\/aromasentia.com\/product\/10-ml-carrot-seed-essential-oil\/"},"modified":"2025-12-31T15:51:35","modified_gmt":"2025-12-31T15:51:35","slug":"morotsfro-eterisk-olja","status":"publish","type":"product","link":"https:\/\/aromasentia.com\/sv\/morotsfro-eterisk-olja\/","title":{"rendered":"Morotsfr\u00f6 Eterisk Olja"},"content":{"rendered":"<p><strong>Latinskt namn:<\/strong> <em>Daucus Carota Sativa&nbsp;<\/em><\/p>\n<p><strong>Del av v\u00e4xt som anv\u00e4nds:&nbsp;<\/strong><em>Torkade fr\u00f6n&nbsp;<\/em><\/p>\n<p><strong>Ursprung:<\/strong> <em>Ungern&nbsp;<\/em><\/p>\n<p><strong>Extraktionsmetod:<\/strong> <em>\u00c5ngdestillation&nbsp;<\/em><\/p>\n<p>Oljan \u00e4r popul\u00e4r inom aromaterapi tack vare dess f\u00f6rm\u00e5ga att stimulera cirkulationen, s\u00e5v\u00e4l som hj\u00e4rn- och nervfunktioner. Dess varma, jordn\u00e4ra, tr\u00e4iga och \u00f6rtartade doft har en lugnande, uppfriskande och jordande effekt som s\u00e4gs minska k\u00e4nslor av tr\u00f6tthet, svaghet, \u00e5ngest och stress.&nbsp;<\/p>\n<p>Morotsfr\u00f6 Eterisk Olja har en anti-aging effekt. Antioxidanter i denna eteriska olja reparerar skadorna p\u00e5 dina v\u00e4vnader orsakade av oxidanter och hindrar dem fr\u00e5n att g\u00f6ra ytterligare skada. Dessa antioxidanter skyddar din hud fr\u00e5n rynkor, samt f\u00f6rebygger att h\u00e5ret blir vitt, att lederna stelnar, att musklerna f\u00f6rsvagas och att synen f\u00f6rs\u00e4mras.&nbsp;<\/p>\n<p>Denna kraftfulla eteriska olja kan behandla infektioner och har antiseptiska egenskaper, inklusive dess f\u00f6rm\u00e5ga att f\u00f6rhindra stelkramp. Morotsfr\u00f6olja kan anv\u00e4ndas f\u00f6r behandling av infektioner p\u00e5 huden och i \u00f6ppna s\u00e5r. Den anv\u00e4nds f\u00f6r behandling av virusinfektioner i luftv\u00e4garna, inklusive bronkit. Den \u00e4r ocks\u00e5 effektiv mot andra virusinfektioner, inklusive influensa, p\u00e5ssjuka, hosta, f\u00f6rkylning och m\u00e4ssling.&nbsp;<\/p>\n<p>Morotsfr\u00f6olja har f\u00f6rm\u00e5gan att avgifta blod, v\u00e4vnader, muskler och inre organ som lever och njurar. Den eliminerar toxiner som urinsyra fr\u00e5n blodet, v\u00e4vnader, muskler och leder, och hj\u00e4lper d\u00e4rigenom att behandla och bromsa utvecklingen av \u00f6dem, artrit, gikt och reumatism.&nbsp;<\/p>\n<p><strong><span style=\"color: rgb(84, 172, 210);\">OBS: V\u00e5ra eteriska oljor \u00e4r inte l\u00e4mpliga f\u00f6r internt bruk.<\/span><\/strong><\/p>\n","protected":false},"excerpt":{"rendered":"<p>Latinskt namn: Daucus Carota Sativa&nbsp; Del av v\u00e4xt som anv\u00e4nds:&nbsp;Torkade fr\u00f6n&nbsp; Ursprung: Ungern&nbsp; Extraktionsmetod: \u00c5ngdestillation&nbsp; Oljan \u00e4r popul\u00e4r inom aromaterapi tack vare dess f\u00f6rm\u00e5ga att stimulera cirkulationen, s\u00e5v\u00e4l som hj\u00e4rn- och nervfunktioner. Dess varma, jordn\u00e4ra, tr\u00e4iga och \u00f6rtartade doft har en lugnande, uppfriskande och jordande effekt som s\u00e4gs minska k\u00e4nslor av tr\u00f6tthet, svaghet, \u00e5ngest och [&hellip;]<\/p>\n","protected":false},"featured_media":261737,"comment_status":"closed","ping_status":"open","template":"","meta":{"_angie_page":false},"product_brand":[27091],"product_cat":[11868,25845,13648,26829,26009],"product_tag":[],"class_list":{"0":"post-217246","1":"product","2":"type-product","3":"status-publish","4":"has-post-thumbnail","6":"product_brand-ancient-wisdom","7":"product_cat-aromaterapi-och-rumsdofter","8":"product_cat-dofter-aromer","9":"product_cat-eteriska-oljor","10":"product_cat-jordig-gron","11":"product_cat-morotsfro","12":"pa_collection-aromatherapy-essential-oils-10ml-sv","13":"pa_made-in-indien","14":"pa_size-10ml","16":"first","17":"instock","18":"purchasable","19":"product-type-simple"},"supplier_id":null,"supplier_sku":"EO-55","barcode":null,"atum_controlled":true,"out_stock_date":null,"out_stock_threshold":null,"inheritable":false,"inbound_stock":null,"stock_on_hold":0,"sold_today":0,"sales_last_days":0,"reserved_stock":null,"customer_returns":null,"warehouse_damage":null,"lost_in_post":null,"other_logs":null,"out_stock_days":0,"lost_sales":0,"has_location":null,"update_date":"2026-04-27T07:00:50","atum_locations":[],"atum_stock_status":"instock","restock_status":false,"low_stock_amount":"","sales_update_date":"2026-01-30T01:24:38","calc_backorders":null,"_links":{"self":[{"href":"https:\/\/aromasentia.com\/sv\/wp-json\/wp\/v2\/product\/217246","targetHints":{"allow":["GET"]}}],"collection":[{"href":"https:\/\/aromasentia.com\/sv\/wp-json\/wp\/v2\/product"}],"about":[{"href":"https:\/\/aromasentia.com\/sv\/wp-json\/wp\/v2\/types\/product"}],"replies":[{"embeddable":true,"href":"https:\/\/aromasentia.com\/sv\/wp-json\/wp\/v2\/comments?post=217246"}],"version-history":[{"count":0,"href":"https:\/\/aromasentia.com\/sv\/wp-json\/wp\/v2\/product\/217246\/revisions"}],"wp:featuredmedia":[{"embeddable":true,"href":"https:\/\/aromasentia.com\/sv\/wp-json\/wp\/v2\/media\/261737"}],"wp:attachment":[{"href":"https:\/\/aromasentia.com\/sv\/wp-json\/wp\/v2\/media?parent=217246"}],"wp:term":[{"taxonomy":"product_brand","embeddable":true,"href":"https:\/\/aromasentia.com\/sv\/wp-json\/wp\/v2\/product_brand?post=217246"},{"taxonomy":"product_cat","embeddable":true,"href":"https:\/\/aromasentia.com\/sv\/wp-json\/wp\/v2\/product_cat?post=217246"},{"taxonomy":"product_tag","embeddable":true,"href":"https:\/\/aromasentia.com\/sv\/wp-json\/wp\/v2\/product_tag?post=217246"}],"curies":[{"name":"wp","href":"https:\/\/api.w.org\/{rel}","templated":true}]}}