{"id":217239,"date":"2025-03-20T14:52:06","date_gmt":"2025-03-20T14:52:06","guid":{"rendered":"https:\/\/aromasentia.com\/product\/10-ml-niaouli-essential-oil\/"},"modified":"2025-12-31T15:51:28","modified_gmt":"2025-12-31T15:51:28","slug":"niaouli-eterisk-olja","status":"publish","type":"product","link":"https:\/\/aromasentia.com\/sv\/niaouli-eterisk-olja\/","title":{"rendered":"Niaouli Eterisk Olja"},"content":{"rendered":"<p><strong>Latinskt namn<\/strong>: <em>Melaleueca Viridiflora&nbsp;<\/em><\/p>\n<p><strong>Del av v\u00e4xt som anv\u00e4nds<\/strong>: <em>L\u00f6v och kvistar&nbsp;<\/em><\/p>\n<p><strong>Ursprung:&nbsp;<\/strong><em>Indonesien&nbsp;<\/em><\/p>\n<p><strong>Extraktionsmetod<\/strong>: <em>\u00c5ngdestillation&nbsp;<\/em><\/p>\n<p>Den sm\u00e4rtlindrande egenskapen hos Niaouli g\u00f6r den till ett mycket bra sm\u00e4rtstillande medel. Det \u00e4r mycket effektivt f\u00f6r att lindra sm\u00e4rtan av huvudv\u00e4rk, migr\u00e4n, tandv\u00e4rk, \u00f6ronv\u00e4rk och muskel- och ledv\u00e4rk, samt sm\u00e4rta p\u00e5 grund av stukningar.&nbsp;<\/p>\n<p>Niaouli stimulerar blod- och lymfcirkulationen och f\u00f6rhindrar d\u00e4rigenom ansamling av urinsyra i lederna och ger v\u00e4rme till olika delar av kroppen. Dessa tv\u00e5 faktorer bidrar tillsammans till att lindra reumatism, artrit och gikt.<\/p>\n<p><strong>Niaouli anv\u00e4nds f\u00f6r dess terapeutiska f\u00f6rdelar:<\/strong><\/p>\n<ol style='border: 0px solid rgb(217, 217, 227); box-sizing: border-box; --tw-border-spacing-x:0; --tw-border-spacing-y:0; --tw-translate-x:0; --tw-translate-y:0; --tw-rotate:0; --tw-skew-x:0; --tw-skew-y:0; --tw-scale-x:1; --tw-scale-y:1; --tw-pan-x: ; --tw-pan-y: ; --tw-pinch-zoom: ; --tw-scroll-snap-strictness:proximity; --tw-ordinal: ; --tw-slashed-zero: ; --tw-numeric-figure: ; --tw-numeric-spacing: ; --tw-numeric-fraction: ; --tw-ring-inset: ; --tw-ring-offset-width:0px; --tw-ring-offset-color:#fff; --tw-ring-color:rgba(59,130,246,0.5); --tw-ring-offset-shadow:0 0 transparent; --tw-ring-shadow:0 0 transparent; --tw-shadow:0 0 transparent; --tw-shadow-colored:0 0 transparent; --tw-blur: ; --tw-brightness: ; --tw-contrast: ; --tw-grayscale: ; --tw-hue-rotate: ; --tw-invert: ; --tw-saturate: ; --tw-sepia: ; --tw-drop-shadow: ; --tw-backdrop-blur: ; --tw-backdrop-brightness: ; --tw-backdrop-contrast: ; --tw-backdrop-grayscale: ; --tw-backdrop-hue-rotate: ; --tw-backdrop-invert: ; --tw-backdrop-opacity: ; --tw-backdrop-saturate: ; --tw-backdrop-sepia: ; list-style: decimal; margin: 1.25em 0px; padding: 0px 0px 0px 1rem; counter-reset: item 0; display: flex; flex-direction: column; color: rgb(55, 65, 81); font-family: S\u00f6hne, ui-sans-serif, system-ui, -apple-system, \"Segoe UI\", Roboto, Ubuntu, Cantarell, \"Noto Sans\", sans-serif, \"Helvetica Neue\", Arial, \"Apple Color Emoji\", \"Segoe UI Emoji\", \"Segoe UI Symbol\", \"Noto Color Emoji\"; font-size: 16px; font-style: normal; font-variant-ligatures: normal; font-variant-caps: normal; font-weight: 400; letter-spacing: normal; orphans: 2; text-align: start; text-indent: 0px; text-transform: none; white-space: pre-wrap; widows: 2; word-spacing: 0px; -webkit-text-stroke-width: 0px; background-color: rgb(247, 247, 248); text-decoration-thickness: initial; text-decoration-style: initial; text-decoration-color: initial;'>\n<li style=\"border: 0px solid rgb(217, 217, 227); box-sizing: border-box; --tw-border-spacing-x:0; --tw-border-spacing-y:0; --tw-translate-x:0; --tw-translate-y:0; --tw-rotate:0; --tw-skew-x:0; --tw-skew-y:0; --tw-scale-x:1; --tw-scale-y:1; --tw-pan-x: ; --tw-pan-y: ; --tw-pinch-zoom: ; --tw-scroll-snap-strictness:proximity; --tw-ordinal: ; --tw-slashed-zero: ; --tw-numeric-figure: ; --tw-numeric-spacing: ; --tw-numeric-fraction: ; --tw-ring-inset: ; --tw-ring-offset-width:0px; --tw-ring-offset-color:#fff; --tw-ring-color:rgba(59,130,246,0.5); --tw-ring-offset-shadow:0 0 transparent; --tw-ring-shadow:0 0 transparent; --tw-shadow:0 0 transparent; --tw-shadow-colored:0 0 transparent; --tw-blur: ; --tw-brightness: ; --tw-contrast: ; --tw-grayscale: ; --tw-hue-rotate: ; --tw-invert: ; --tw-saturate: ; --tw-sepia: ; --tw-drop-shadow: ; --tw-backdrop-blur: ; --tw-backdrop-brightness: ; --tw-backdrop-contrast: ; --tw-backdrop-grayscale: ; --tw-backdrop-hue-rotate: ; --tw-backdrop-invert: ; --tw-backdrop-opacity: ; --tw-backdrop-saturate: ; --tw-backdrop-sepia: ; margin: 0px; padding-left: 0.375em;\">\n<p><strong>Antibakteriell<\/strong>: Niaouli olja har en h\u00f6g koncentration av terpener, vilket g\u00f6r den till en kraftfull antibakteriell olja. Den kan anv\u00e4ndas f\u00f6r att behandla hudinfektioner och andra bakteriella infektioner, t.e.x. urinv\u00e4gsinfektion.<\/p>\n<\/li>\n<li style=\"border: 0px solid rgb(217, 217, 227); box-sizing: border-box; --tw-border-spacing-x:0; --tw-border-spacing-y:0; --tw-translate-x:0; --tw-translate-y:0; --tw-rotate:0; --tw-skew-x:0; --tw-skew-y:0; --tw-scale-x:1; --tw-scale-y:1; --tw-pan-x: ; --tw-pan-y: ; --tw-pinch-zoom: ; --tw-scroll-snap-strictness:proximity; --tw-ordinal: ; --tw-slashed-zero: ; --tw-numeric-figure: ; --tw-numeric-spacing: ; --tw-numeric-fraction: ; --tw-ring-inset: ; --tw-ring-offset-width:0px; --tw-ring-offset-color:#fff; --tw-ring-color:rgba(59,130,246,0.5); --tw-ring-offset-shadow:0 0 transparent; --tw-ring-shadow:0 0 transparent; --tw-shadow:0 0 transparent; --tw-shadow-colored:0 0 transparent; --tw-blur: ; --tw-brightness: ; --tw-contrast: ; --tw-grayscale: ; --tw-hue-rotate: ; --tw-invert: ; --tw-saturate: ; --tw-sepia: ; --tw-drop-shadow: ; --tw-backdrop-blur: ; --tw-backdrop-brightness: ; --tw-backdrop-contrast: ; --tw-backdrop-grayscale: ; --tw-backdrop-hue-rotate: ; --tw-backdrop-invert: ; --tw-backdrop-opacity: ; --tw-backdrop-saturate: ; --tw-backdrop-sepia: ; margin: 0px; padding-left: 0.375em;\">\n<p><strong>Antiinflammatorisk:&nbsp;<\/strong>Niaouli \u00e4r ocks\u00e5 k\u00e4nd f\u00f6r sin antiinflammatoriska egenskaper. Den kan anv\u00e4ndas f\u00f6r att minska inflammation i kroppen och hj\u00e4lpa till att lindra sm\u00e4rta och svullnad.<\/p>\n<\/li>\n<li style=\"border: 0px solid rgb(217, 217, 227); box-sizing: border-box; --tw-border-spacing-x:0; --tw-border-spacing-y:0; --tw-translate-x:0; --tw-translate-y:0; --tw-rotate:0; --tw-skew-x:0; --tw-skew-y:0; --tw-scale-x:1; --tw-scale-y:1; --tw-pan-x: ; --tw-pan-y: ; --tw-pinch-zoom: ; --tw-scroll-snap-strictness:proximity; --tw-ordinal: ; --tw-slashed-zero: ; --tw-numeric-figure: ; --tw-numeric-spacing: ; --tw-numeric-fraction: ; --tw-ring-inset: ; --tw-ring-offset-width:0px; --tw-ring-offset-color:#fff; --tw-ring-color:rgba(59,130,246,0.5); --tw-ring-offset-shadow:0 0 transparent; --tw-ring-shadow:0 0 transparent; --tw-shadow:0 0 transparent; --tw-shadow-colored:0 0 transparent; --tw-blur: ; --tw-brightness: ; --tw-contrast: ; --tw-grayscale: ; --tw-hue-rotate: ; --tw-invert: ; --tw-saturate: ; --tw-sepia: ; --tw-drop-shadow: ; --tw-backdrop-blur: ; --tw-backdrop-brightness: ; --tw-backdrop-contrast: ; --tw-backdrop-grayscale: ; --tw-backdrop-hue-rotate: ; --tw-backdrop-invert: ; --tw-backdrop-opacity: ; --tw-backdrop-saturate: ; --tw-backdrop-sepia: ; margin: 0px; padding-left: 0.375em;\">\n<p><strong>Stimulerande:<\/strong> Niaouli kan ocks\u00e5 hj\u00e4lpa till att \u00f6ka blodcirkulationen och stimulera kroppen. Den kan ocks\u00e5 hj\u00e4lpa till att \u00f6ka mental klarhet och fokus.<\/p>\n<\/li>\n<li style=\"border: 0px solid rgb(217, 217, 227); box-sizing: border-box; --tw-border-spacing-x:0; --tw-border-spacing-y:0; --tw-translate-x:0; --tw-translate-y:0; --tw-rotate:0; --tw-skew-x:0; --tw-skew-y:0; --tw-scale-x:1; --tw-scale-y:1; --tw-pan-x: ; --tw-pan-y: ; --tw-pinch-zoom: ; --tw-scroll-snap-strictness:proximity; --tw-ordinal: ; --tw-slashed-zero: ; --tw-numeric-figure: ; --tw-numeric-spacing: ; --tw-numeric-fraction: ; --tw-ring-inset: ; --tw-ring-offset-width:0px; --tw-ring-offset-color:#fff; --tw-ring-color:rgba(59,130,246,0.5); --tw-ring-offset-shadow:0 0 transparent; --tw-ring-shadow:0 0 transparent; --tw-shadow:0 0 transparent; --tw-shadow-colored:0 0 transparent; --tw-blur: ; --tw-brightness: ; --tw-contrast: ; --tw-grayscale: ; --tw-hue-rotate: ; --tw-invert: ; --tw-saturate: ; --tw-sepia: ; --tw-drop-shadow: ; --tw-backdrop-blur: ; --tw-backdrop-brightness: ; --tw-backdrop-contrast: ; --tw-backdrop-grayscale: ; --tw-backdrop-hue-rotate: ; --tw-backdrop-invert: ; --tw-backdrop-opacity: ; --tw-backdrop-saturate: ; --tw-backdrop-sepia: ; margin: 0px; padding-left: 0.375em;\">\n<p><strong>Antiviral:<\/strong> Niaouli har visat sig vara effektiv mot vissa typer av virus, inklusive influensavirus.<\/p>\n<\/li>\n<li style=\"border: 0px solid rgb(217, 217, 227); box-sizing: border-box; --tw-border-spacing-x:0; --tw-border-spacing-y:0; --tw-translate-x:0; --tw-translate-y:0; --tw-rotate:0; --tw-skew-x:0; --tw-skew-y:0; --tw-scale-x:1; --tw-scale-y:1; --tw-pan-x: ; --tw-pan-y: ; --tw-pinch-zoom: ; --tw-scroll-snap-strictness:proximity; --tw-ordinal: ; --tw-slashed-zero: ; --tw-numeric-figure: ; --tw-numeric-spacing: ; --tw-numeric-fraction: ; --tw-ring-inset: ; --tw-ring-offset-width:0px; --tw-ring-offset-color:#fff; --tw-ring-color:rgba(59,130,246,0.5); --tw-ring-offset-shadow:0 0 transparent; --tw-ring-shadow:0 0 transparent; --tw-shadow:0 0 transparent; --tw-shadow-colored:0 0 transparent; --tw-blur: ; --tw-brightness: ; --tw-contrast: ; --tw-grayscale: ; --tw-hue-rotate: ; --tw-invert: ; --tw-saturate: ; --tw-sepia: ; --tw-drop-shadow: ; --tw-backdrop-blur: ; --tw-backdrop-brightness: ; --tw-backdrop-contrast: ; --tw-backdrop-grayscale: ; --tw-backdrop-hue-rotate: ; --tw-backdrop-invert: ; --tw-backdrop-opacity: ; --tw-backdrop-saturate: ; --tw-backdrop-sepia: ; margin: 0px; padding-left: 0.375em;\">\n<p><strong>Immunstimulerande:<\/strong> Niaouli har visat sig kunna stimulera immunsystemet och hj\u00e4lpa kroppen att bek\u00e4mpa infektioner.<\/p>\n<\/li>\n<li style=\"border: 0px solid rgb(217, 217, 227); box-sizing: border-box; --tw-border-spacing-x:0; --tw-border-spacing-y:0; --tw-translate-x:0; --tw-translate-y:0; --tw-rotate:0; --tw-skew-x:0; --tw-skew-y:0; --tw-scale-x:1; --tw-scale-y:1; --tw-pan-x: ; --tw-pan-y: ; --tw-pinch-zoom: ; --tw-scroll-snap-strictness:proximity; --tw-ordinal: ; --tw-slashed-zero: ; --tw-numeric-figure: ; --tw-numeric-spacing: ; --tw-numeric-fraction: ; --tw-ring-inset: ; --tw-ring-offset-width:0px; --tw-ring-offset-color:#fff; --tw-ring-color:rgba(59,130,246,0.5); --tw-ring-offset-shadow:0 0 transparent; --tw-ring-shadow:0 0 transparent; --tw-shadow:0 0 transparent; --tw-shadow-colored:0 0 transparent; --tw-blur: ; --tw-brightness: ; --tw-contrast: ; --tw-grayscale: ; --tw-hue-rotate: ; --tw-invert: ; --tw-saturate: ; --tw-sepia: ; --tw-drop-shadow: ; --tw-backdrop-blur: ; --tw-backdrop-brightness: ; --tw-backdrop-contrast: ; --tw-backdrop-grayscale: ; --tw-backdrop-hue-rotate: ; --tw-backdrop-invert: ; --tw-backdrop-opacity: ; --tw-backdrop-saturate: ; --tw-backdrop-sepia: ; margin: 0px; padding-left: 0.375em;\">\n<p><strong>Expektorant:<\/strong> Niaouli kan ocks\u00e5 anv\u00e4ndas som en expektorant f\u00f6r att hj\u00e4lpa till att lindra hosta och andningsbesv\u00e4r.<\/p>\n<\/li>\n<li style=\"border: 0px solid rgb(217, 217, 227); box-sizing: border-box; --tw-border-spacing-x:0; --tw-border-spacing-y:0; --tw-translate-x:0; --tw-translate-y:0; --tw-rotate:0; --tw-skew-x:0; --tw-skew-y:0; --tw-scale-x:1; --tw-scale-y:1; --tw-pan-x: ; --tw-pan-y: ; --tw-pinch-zoom: ; --tw-scroll-snap-strictness:proximity; --tw-ordinal: ; --tw-slashed-zero: ; --tw-numeric-figure: ; --tw-numeric-spacing: ; --tw-numeric-fraction: ; --tw-ring-inset: ; --tw-ring-offset-width:0px; --tw-ring-offset-color:#fff; --tw-ring-color:rgba(59,130,246,0.5); --tw-ring-offset-shadow:0 0 transparent; --tw-ring-shadow:0 0 transparent; --tw-shadow:0 0 transparent; --tw-shadow-colored:0 0 transparent; --tw-blur: ; --tw-brightness: ; --tw-contrast: ; --tw-grayscale: ; --tw-hue-rotate: ; --tw-invert: ; --tw-saturate: ; --tw-sepia: ; --tw-drop-shadow: ; --tw-backdrop-blur: ; --tw-backdrop-brightness: ; --tw-backdrop-contrast: ; --tw-backdrop-grayscale: ; --tw-backdrop-hue-rotate: ; --tw-backdrop-invert: ; --tw-backdrop-opacity: ; --tw-backdrop-saturate: ; --tw-backdrop-sepia: ; margin: 0px; padding-left: 0.375em;\">\n<p><strong>Hudv\u00e5rd:<\/strong> Niaouli kan hj\u00e4lpa till att behandla akne, eksem och andra hudproblem. Det kan ocks\u00e5 anv\u00e4ndas f\u00f6r att minska synligheten av \u00e4rr och bristningar p\u00e5 huden.<\/p>\n<\/li>\n<li style=\"border: 0px solid rgb(217, 217, 227); box-sizing: border-box; --tw-border-spacing-x:0; --tw-border-spacing-y:0; --tw-translate-x:0; --tw-translate-y:0; --tw-rotate:0; --tw-skew-x:0; --tw-skew-y:0; --tw-scale-x:1; --tw-scale-y:1; --tw-pan-x: ; --tw-pan-y: ; --tw-pinch-zoom: ; --tw-scroll-snap-strictness:proximity; --tw-ordinal: ; --tw-slashed-zero: ; --tw-numeric-figure: ; --tw-numeric-spacing: ; --tw-numeric-fraction: ; --tw-ring-inset: ; --tw-ring-offset-width:0px; --tw-ring-offset-color:#fff; --tw-ring-color:rgba(59,130,246,0.5); --tw-ring-offset-shadow:0 0 transparent; --tw-ring-shadow:0 0 transparent; --tw-shadow:0 0 transparent; --tw-shadow-colored:0 0 transparent; --tw-blur: ; --tw-brightness: ; --tw-contrast: ; --tw-grayscale: ; --tw-hue-rotate: ; --tw-invert: ; --tw-saturate: ; --tw-sepia: ; --tw-drop-shadow: ; --tw-backdrop-blur: ; --tw-backdrop-brightness: ; --tw-backdrop-contrast: ; --tw-backdrop-grayscale: ; --tw-backdrop-hue-rotate: ; --tw-backdrop-invert: ; --tw-backdrop-opacity: ; --tw-backdrop-saturate: ; --tw-backdrop-sepia: ; margin: 0px; padding-left: 0.375em;\">\n<p><strong>Antiseptiska egenskaper:&nbsp;<\/strong>Oljan kan&nbsp;h\u00e4mma bakterietillv\u00e4xt i \u00f6ppna s\u00e5r och d\u00e4rf\u00f6r f\u00f6rhindra t.e.x. sepsis, stelkramp och andra infektioner.<\/p>\n<\/li>\n<li style=\"border: 0px solid rgb(217, 217, 227); box-sizing: border-box; --tw-border-spacing-x:0; --tw-border-spacing-y:0; --tw-translate-x:0; --tw-translate-y:0; --tw-rotate:0; --tw-skew-x:0; --tw-skew-y:0; --tw-scale-x:1; --tw-scale-y:1; --tw-pan-x: ; --tw-pan-y: ; --tw-pinch-zoom: ; --tw-scroll-snap-strictness:proximity; --tw-ordinal: ; --tw-slashed-zero: ; --tw-numeric-figure: ; --tw-numeric-spacing: ; --tw-numeric-fraction: ; --tw-ring-inset: ; --tw-ring-offset-width:0px; --tw-ring-offset-color:#fff; --tw-ring-color:rgba(59,130,246,0.5); --tw-ring-offset-shadow:0 0 transparent; --tw-ring-shadow:0 0 transparent; --tw-shadow:0 0 transparent; --tw-shadow-colored:0 0 transparent; --tw-blur: ; --tw-brightness: ; --tw-contrast: ; --tw-grayscale: ; --tw-hue-rotate: ; --tw-invert: ; --tw-saturate: ; --tw-sepia: ; --tw-drop-shadow: ; --tw-backdrop-blur: ; --tw-backdrop-brightness: ; --tw-backdrop-contrast: ; --tw-backdrop-grayscale: ; --tw-backdrop-hue-rotate: ; --tw-backdrop-invert: ; --tw-backdrop-opacity: ; --tw-backdrop-saturate: ; --tw-backdrop-sepia: ; margin: 0px; padding-left: 0.375em;\">\n<p>Niaoli kan hj\u00e4lpa till att <strong>\u00f6ka mental klarhet<\/strong> och fokus.<\/p>\n<\/li>\n<\/ol>\n<p>Det \u00e4r dock viktigt att notera att Niaouli olja \u00e4r starkt koncentrerad och b\u00f6r anv\u00e4ndas med f\u00f6rsiktighet. Det \u00e4r ocks\u00e5 viktigt att r\u00e5dg\u00f6ra med en l\u00e4kare eller aromaterapeut innan du anv\u00e4nder den p\u00e5 din hud eller f\u00f6r medicinska \u00e4ndam\u00e5l.<\/p>\n<p>Doften av Grossist Niaouli Eterisk Olja \u00e4r kamferig, jordig och lite stark.<\/p>\n<p><strong><span style=\"color: rgb(84, 172, 210);\">OBS: V\u00e5ra eteriska oljor \u00e4r inte l\u00e4mpliga f\u00f6r internt bruk.<\/span><\/strong><\/p>\n","protected":false},"excerpt":{"rendered":"<p>Latinskt namn: Melaleueca Viridiflora&nbsp; Del av v\u00e4xt som anv\u00e4nds: L\u00f6v och kvistar&nbsp; Ursprung:&nbsp;Indonesien&nbsp; Extraktionsmetod: \u00c5ngdestillation&nbsp; Den sm\u00e4rtlindrande egenskapen hos Niaouli g\u00f6r den till ett mycket bra sm\u00e4rtstillande medel. Det \u00e4r mycket effektivt f\u00f6r att lindra sm\u00e4rtan av huvudv\u00e4rk, migr\u00e4n, tandv\u00e4rk, \u00f6ronv\u00e4rk och muskel- och ledv\u00e4rk, samt sm\u00e4rta p\u00e5 grund av stukningar.&nbsp; Niaouli stimulerar blod- och [&hellip;]<\/p>\n","protected":false},"featured_media":261618,"comment_status":"closed","ping_status":"open","template":"","meta":[],"product_brand":[27091],"product_cat":[11868,25845,13648,26871,26045],"product_tag":[],"class_list":{"0":"post-217239","1":"product","2":"type-product","3":"status-publish","4":"has-post-thumbnail","6":"product_brand-ancient-wisdom","7":"product_cat-aromaterapi-och-rumsdofter","8":"product_cat-dofter-aromer","9":"product_cat-eteriska-oljor","10":"product_cat-medicinsk-kamferdoftande","11":"product_cat-niaouli","12":"pa_collection-aromatherapy-essential-oils-10ml-sv","13":"pa_made-in-indonesien","14":"pa_size-10ml","16":"first","17":"instock","18":"purchasable","19":"product-type-simple"},"supplier_id":null,"supplier_sku":"EO-44","barcode":null,"atum_controlled":true,"out_stock_date":null,"out_stock_threshold":null,"inheritable":false,"inbound_stock":null,"stock_on_hold":0,"sold_today":0,"sales_last_days":0,"reserved_stock":null,"customer_returns":null,"warehouse_damage":null,"lost_in_post":null,"other_logs":null,"out_stock_days":0,"lost_sales":0,"has_location":null,"update_date":"2026-02-09T17:54:54","atum_locations":[],"atum_stock_status":"instock","restock_status":false,"low_stock_amount":"","sales_update_date":"2025-09-03T00:27:44","calc_backorders":null,"_links":{"self":[{"href":"https:\/\/aromasentia.com\/sv\/wp-json\/wp\/v2\/product\/217239","targetHints":{"allow":["GET"]}}],"collection":[{"href":"https:\/\/aromasentia.com\/sv\/wp-json\/wp\/v2\/product"}],"about":[{"href":"https:\/\/aromasentia.com\/sv\/wp-json\/wp\/v2\/types\/product"}],"replies":[{"embeddable":true,"href":"https:\/\/aromasentia.com\/sv\/wp-json\/wp\/v2\/comments?post=217239"}],"version-history":[{"count":0,"href":"https:\/\/aromasentia.com\/sv\/wp-json\/wp\/v2\/product\/217239\/revisions"}],"wp:featuredmedia":[{"embeddable":true,"href":"https:\/\/aromasentia.com\/sv\/wp-json\/wp\/v2\/media\/261618"}],"wp:attachment":[{"href":"https:\/\/aromasentia.com\/sv\/wp-json\/wp\/v2\/media?parent=217239"}],"wp:term":[{"taxonomy":"product_brand","embeddable":true,"href":"https:\/\/aromasentia.com\/sv\/wp-json\/wp\/v2\/product_brand?post=217239"},{"taxonomy":"product_cat","embeddable":true,"href":"https:\/\/aromasentia.com\/sv\/wp-json\/wp\/v2\/product_cat?post=217239"},{"taxonomy":"product_tag","embeddable":true,"href":"https:\/\/aromasentia.com\/sv\/wp-json\/wp\/v2\/product_tag?post=217239"}],"curies":[{"name":"wp","href":"https:\/\/api.w.org\/{rel}","templated":true}]}}