{"id":217238,"date":"2025-03-20T14:52:06","date_gmt":"2025-03-20T14:52:06","guid":{"rendered":"https:\/\/aromasentia.com\/product\/10-ml-coriander-seed-essential-oil\/"},"modified":"2025-12-31T15:51:28","modified_gmt":"2025-12-31T15:51:28","slug":"korianderfro-eterisk-olja","status":"publish","type":"product","link":"https:\/\/aromasentia.com\/sv\/korianderfro-eterisk-olja\/","title":{"rendered":"Korianderfr\u00f6 Eterisk Olja"},"content":{"rendered":"<p><strong>Latinskt namn:&nbsp;<\/strong><em>Coriandrum Sativum&nbsp;<\/em><\/p>\n<p><strong>Del av v\u00e4xt som anv\u00e4nds:<\/strong> <em>Fr\u00f6&nbsp;<\/em><\/p>\n<p><strong>Ursprung:<\/strong> <em>Ryssland&nbsp;<\/em><\/p>\n<p><strong>Extraktionsmetod:&nbsp;<\/strong><em>\u00c5ngdestillation&nbsp;<\/em><\/p>\n<p>H\u00e4lsof\u00f6rdelarna med korianderfr\u00f6 kan tillskrivas dess egenskaper som en sm\u00e4rtstillande, afrodisiakum-, krampl\u00f6sande, karminativ, depurativ, deodorant, matsm\u00e4ltnings-, svampd\u00f6dande, lipolytisk, stimulerande och magfr\u00e4mjande substans.&nbsp;<\/p>\n<p>Eterisk korianderolja &nbsp;v\u00e4cker och \u00f6kar libido, samt botar tillf\u00e4llig impotens, frigiditet hos b\u00e5de m\u00e4n och kvinnor, erektil dysfunktion och allm\u00e4nt f\u00f6rlorat intresse f\u00f6r sex.&nbsp;<\/p>\n<p>M\u00e4nniskor som \u00e4r tr\u00f6tta p\u00e5 att prova alla m\u00f6jliga metoder f\u00f6r att g\u00e5 ner i vikt, b\u00f6r vara uppm\u00e4rksamma p\u00e5 denna egenskap hos korianderv\u00e4xten. Den fr\u00e4mjar lipolys, vilket betyder hydrolys av lipider, vilket i sin tur betyder hydrolys eller nedbrytning av fetter och kolesterol. Ju snabbare lipolysen \u00e4r, desto snabbare blir du smal och g\u00e5r ner i vikt.&nbsp;<\/p>\n<p>Koriander lindrar ocks\u00e5 nervkramper och slappnar generellt av din kropp och sj\u00e4l. Den stimulerar och v\u00e4rmer ocks\u00e5 upp organsystemen och olika funktioner som p\u00e5g\u00e5r inuti kroppen. Den stimulerar hormon- och enzymuts\u00f6ndringar, matsm\u00e4ltning, uts\u00f6ndring, hj\u00e4rnfunktioner och nervsystemets aktivitet. Den bek\u00e4mpar ocks\u00e5 depression och f\u00f6rb\u00e4ttrar ditt hum\u00f6r.&nbsp;<\/p>\n<p><strong><span style=\"color: rgb(84, 172, 210);\">OBS: V\u00e5ra eteriska oljor \u00e4r inte l\u00e4mpliga f\u00f6r internt bruk.<\/span><\/strong><\/p>\n","protected":false},"excerpt":{"rendered":"<p>Latinskt namn:&nbsp;Coriandrum Sativum&nbsp; Del av v\u00e4xt som anv\u00e4nds: Fr\u00f6&nbsp; Ursprung: Ryssland&nbsp; Extraktionsmetod:&nbsp;\u00c5ngdestillation&nbsp; H\u00e4lsof\u00f6rdelarna med korianderfr\u00f6 kan tillskrivas dess egenskaper som en sm\u00e4rtstillande, afrodisiakum-, krampl\u00f6sande, karminativ, depurativ, deodorant, matsm\u00e4ltnings-, svampd\u00f6dande, lipolytisk, stimulerande och magfr\u00e4mjande substans.&nbsp; Eterisk korianderolja &nbsp;v\u00e4cker och \u00f6kar libido, samt botar tillf\u00e4llig impotens, frigiditet hos b\u00e5de m\u00e4n och kvinnor, erektil dysfunktion och allm\u00e4nt f\u00f6rlorat [&hellip;]<\/p>\n","protected":false},"featured_media":261601,"comment_status":"closed","ping_status":"open","template":"","meta":{"_angie_page":false},"product_brand":[27091],"product_cat":[11868,25845,13648,26016,26892],"product_tag":[],"class_list":{"0":"post-217238","1":"product","2":"type-product","3":"status-publish","4":"has-post-thumbnail","6":"product_brand-ancient-wisdom","7":"product_cat-aromaterapi-och-rumsdofter","8":"product_cat-dofter-aromer","9":"product_cat-eteriska-oljor","10":"product_cat-korianderfro","11":"product_cat-kryddig","12":"pa_collection-aromatherapy-essential-oils-10ml-sv","13":"pa_made-in-ungern","14":"pa_size-10ml","16":"first","17":"instock","18":"purchasable","19":"product-type-simple"},"supplier_id":null,"supplier_sku":"EO-42","barcode":null,"atum_controlled":true,"out_stock_date":null,"out_stock_threshold":null,"inheritable":false,"inbound_stock":null,"stock_on_hold":0,"sold_today":0,"sales_last_days":0,"reserved_stock":null,"customer_returns":null,"warehouse_damage":null,"lost_in_post":null,"other_logs":null,"out_stock_days":0,"lost_sales":0,"has_location":null,"update_date":"2026-04-27T07:00:50","atum_locations":[],"atum_stock_status":"instock","restock_status":false,"low_stock_amount":"","sales_update_date":"2026-02-06T00:02:52","calc_backorders":null,"_links":{"self":[{"href":"https:\/\/aromasentia.com\/sv\/wp-json\/wp\/v2\/product\/217238","targetHints":{"allow":["GET"]}}],"collection":[{"href":"https:\/\/aromasentia.com\/sv\/wp-json\/wp\/v2\/product"}],"about":[{"href":"https:\/\/aromasentia.com\/sv\/wp-json\/wp\/v2\/types\/product"}],"replies":[{"embeddable":true,"href":"https:\/\/aromasentia.com\/sv\/wp-json\/wp\/v2\/comments?post=217238"}],"version-history":[{"count":0,"href":"https:\/\/aromasentia.com\/sv\/wp-json\/wp\/v2\/product\/217238\/revisions"}],"wp:featuredmedia":[{"embeddable":true,"href":"https:\/\/aromasentia.com\/sv\/wp-json\/wp\/v2\/media\/261601"}],"wp:attachment":[{"href":"https:\/\/aromasentia.com\/sv\/wp-json\/wp\/v2\/media?parent=217238"}],"wp:term":[{"taxonomy":"product_brand","embeddable":true,"href":"https:\/\/aromasentia.com\/sv\/wp-json\/wp\/v2\/product_brand?post=217238"},{"taxonomy":"product_cat","embeddable":true,"href":"https:\/\/aromasentia.com\/sv\/wp-json\/wp\/v2\/product_cat?post=217238"},{"taxonomy":"product_tag","embeddable":true,"href":"https:\/\/aromasentia.com\/sv\/wp-json\/wp\/v2\/product_tag?post=217238"}],"curies":[{"name":"wp","href":"https:\/\/api.w.org\/{rel}","templated":true}]}}