{"id":217231,"date":"2025-03-20T14:52:42","date_gmt":"2025-03-20T14:52:42","guid":{"rendered":"https:\/\/aromasentia.com\/product\/10-ml-spruce-essential-oil\/"},"modified":"2025-12-31T15:51:28","modified_gmt":"2025-12-31T15:51:28","slug":"gran-eterisk-olja","status":"publish","type":"product","link":"https:\/\/aromasentia.com\/sv\/gran-eterisk-olja\/","title":{"rendered":"Gran Eterisk Olja"},"content":{"rendered":"<p><strong>Latinskt namn:<\/strong> <em>Tsuga Canadensis&nbsp;<\/em><\/p>\n<p><strong>Del av v\u00e4xt som anv\u00e4nds:<\/strong> Barr<em>&nbsp;och kvistar&nbsp;<\/em><\/p>\n<p><strong>Ursprung:&nbsp;<\/strong><em>USA&nbsp;<\/em><\/p>\n<p><strong>Extraktionsmetod:&nbsp;<\/strong><em>\u00c5ngdestillation&nbsp;<\/em><\/p>\n<p>Den jorddoftande Eteriska Granoljan, som \u00e4r gjord av barr och kvistar fr\u00e5n granar, kan kombineras med andra anm\u00e4rkningsv\u00e4rda eteriska oljor f\u00f6r att fr\u00e4mja l\u00e4kning fr\u00e5n muskelv\u00e4rk, stukningar och slitningar.&nbsp;<\/p>\n<p>Eterisk Granolja har potenta antibakteriella, antiinfekti\u00f6sa, anti-cancer, antiinflammatoriska, krampl\u00f6sande, antivirala, antiseptiska, desinficerande, sleml\u00f6sande och stimulerande egenskaper. Det g\u00f6r underverk f\u00f6r luftv\u00e4gsbesv\u00e4r, s\u00e5rl\u00e4kning, virusinfektioner, artrit, reumatism och andra former av muskelv\u00e4rk och sm\u00e4rta.&nbsp;<\/p>\n<p>Eterisk Granolja tills\u00e4tts ofta i tv\u00e5l, luftfr\u00e4schare och hush\u00e5llsreng\u00f6ringsmedel f\u00f6r att ge sin fr\u00e4scha doft och fungera som ett desinfektionsmedel. Den har en behaglig jordig doft, lugnande effekter och f\u00f6rm\u00e5ga att lindra \u00e5ngest och stress.&nbsp;<\/p>\n<p><strong><span style=\"color: rgb(84, 172, 210);\">OBS: V\u00e5ra eteriska oljor \u00e4r inte l\u00e4mpliga f\u00f6r internt bruk.<\/span><\/strong><\/p>\n","protected":false},"excerpt":{"rendered":"<p>Latinskt namn: Tsuga Canadensis&nbsp; Del av v\u00e4xt som anv\u00e4nds: Barr&nbsp;och kvistar&nbsp; Ursprung:&nbsp;USA&nbsp; Extraktionsmetod:&nbsp;\u00c5ngdestillation&nbsp; Den jorddoftande Eteriska Granoljan, som \u00e4r gjord av barr och kvistar fr\u00e5n granar, kan kombineras med andra anm\u00e4rkningsv\u00e4rda eteriska oljor f\u00f6r att fr\u00e4mja l\u00e4kning fr\u00e5n muskelv\u00e4rk, stukningar och slitningar.&nbsp; Eterisk Granolja har potenta antibakteriella, antiinfekti\u00f6sa, anti-cancer, antiinflammatoriska, krampl\u00f6sande, antivirala, antiseptiska, desinficerande, sleml\u00f6sande [&hellip;]<\/p>\n","protected":false},"featured_media":261916,"comment_status":"closed","ping_status":"open","template":"","meta":[],"product_brand":[27091],"product_cat":[11868,25845,13648,26065,26899],"product_tag":[],"class_list":{"0":"post-217231","1":"product","2":"type-product","3":"status-publish","4":"has-post-thumbnail","6":"product_brand-ancient-wisdom","7":"product_cat-aromaterapi-och-rumsdofter","8":"product_cat-dofter-aromer","9":"product_cat-eteriska-oljor","10":"product_cat-gran","11":"product_cat-traig","12":"pa_collection-aromatherapy-essential-oils-10ml-sv","13":"pa_made-in-osterrike","14":"pa_size-10ml","16":"first","17":"instock","18":"purchasable","19":"product-type-simple"},"supplier_id":null,"supplier_sku":"EO-68","barcode":null,"atum_controlled":true,"out_stock_date":null,"out_stock_threshold":null,"inheritable":false,"inbound_stock":null,"stock_on_hold":0,"sold_today":0,"sales_last_days":0,"reserved_stock":null,"customer_returns":null,"warehouse_damage":null,"lost_in_post":null,"other_logs":null,"out_stock_days":25,"lost_sales":0,"has_location":null,"update_date":"2026-02-10T16:34:25","atum_locations":[],"atum_stock_status":"instock","restock_status":false,"low_stock_amount":"","sales_update_date":"2026-01-30T01:24:20","calc_backorders":null,"_links":{"self":[{"href":"https:\/\/aromasentia.com\/sv\/wp-json\/wp\/v2\/product\/217231","targetHints":{"allow":["GET"]}}],"collection":[{"href":"https:\/\/aromasentia.com\/sv\/wp-json\/wp\/v2\/product"}],"about":[{"href":"https:\/\/aromasentia.com\/sv\/wp-json\/wp\/v2\/types\/product"}],"replies":[{"embeddable":true,"href":"https:\/\/aromasentia.com\/sv\/wp-json\/wp\/v2\/comments?post=217231"}],"version-history":[{"count":0,"href":"https:\/\/aromasentia.com\/sv\/wp-json\/wp\/v2\/product\/217231\/revisions"}],"wp:featuredmedia":[{"embeddable":true,"href":"https:\/\/aromasentia.com\/sv\/wp-json\/wp\/v2\/media\/261916"}],"wp:attachment":[{"href":"https:\/\/aromasentia.com\/sv\/wp-json\/wp\/v2\/media?parent=217231"}],"wp:term":[{"taxonomy":"product_brand","embeddable":true,"href":"https:\/\/aromasentia.com\/sv\/wp-json\/wp\/v2\/product_brand?post=217231"},{"taxonomy":"product_cat","embeddable":true,"href":"https:\/\/aromasentia.com\/sv\/wp-json\/wp\/v2\/product_cat?post=217231"},{"taxonomy":"product_tag","embeddable":true,"href":"https:\/\/aromasentia.com\/sv\/wp-json\/wp\/v2\/product_tag?post=217231"}],"curies":[{"name":"wp","href":"https:\/\/api.w.org\/{rel}","templated":true}]}}