{"id":217226,"date":"2025-03-20T14:52:42","date_gmt":"2025-03-20T14:52:42","guid":{"rendered":"https:\/\/aromasentia.com\/product\/10-ml-melissa-blend-essential-oil\/"},"modified":"2025-12-31T15:51:20","modified_gmt":"2025-12-31T15:51:20","slug":"melissa-blandning-eterisk-olja","status":"publish","type":"product","link":"https:\/\/aromasentia.com\/sv\/melissa-blandning-eterisk-olja\/","title":{"rendered":"Melissa (Blandning) Eterisk Olja"},"content":{"rendered":"<p><strong>Latinskt namn:<\/strong> <em>Ingen &#8211; Naturlig blandning&nbsp;<\/em><\/p>\n<p><strong>Ursprung:&nbsp;<\/strong><em>Blandat&nbsp;<\/em><\/p>\n<p><strong>Extraktionsmetod:<\/strong> <em>N\/A&nbsp;<\/em><\/p>\n<p>Melissa Blandning \u00e4r en speciell blandning av fraktionerade eteriska oljor designade f\u00f6r att ha samma doftprofil och egenskaper som \u00e4kta melissa, vilken \u00e4r extremt dyr.&nbsp;<\/p>\n<p>Den exakta formuleringen av denna olja \u00e4r en noga bevakad hemlighet, men inneh\u00e5llet i oljan \u00e4r f\u00f6ljande:&nbsp;<\/p>\n<p><em>Citral fr\u00e5n citrongr\u00e4s&nbsp;<\/em><\/p>\n<p><em>Citronolja&nbsp;<\/em><\/p>\n<p><em>D-Limonene fr\u00e5n Orange&nbsp;<\/em><\/p>\n<p><em>Ho Olja&nbsp;<\/em><\/p>\n<p><em>Beta Caryophylene fr\u00e5n Clove Oil&nbsp;<\/em><\/p>\n<p>Grossist Melissa Blandning Olja \u00e4r upplyftande, vitaliserande och harmoniserande. Den har en lugnande effekt p\u00e5 k\u00e4nslorna. Den har ocks\u00e5 en upplyftande effekt p\u00e5 hum\u00f6ret och \u00e4r k\u00e4nt f\u00f6r att optimera h\u00e4lsosam matsm\u00e4ltning och rensa huvudet. Den har en frisk, s\u00f6t och citronaktig arom.&nbsp;<\/p>\n<p><strong><span style=\"color: rgb(84, 172, 210);\">OBS: V\u00e5ra eteriska oljor \u00e4r inte l\u00e4mpliga f\u00f6r internt bruk.<\/span><\/strong><\/p>\n","protected":false},"excerpt":{"rendered":"<p>Latinskt namn: Ingen &#8211; Naturlig blandning&nbsp; Ursprung:&nbsp;Blandat&nbsp; Extraktionsmetod: N\/A&nbsp; Melissa Blandning \u00e4r en speciell blandning av fraktionerade eteriska oljor designade f\u00f6r att ha samma doftprofil och egenskaper som \u00e4kta melissa, vilken \u00e4r extremt dyr.&nbsp; Den exakta formuleringen av denna olja \u00e4r en noga bevakad hemlighet, men inneh\u00e5llet i oljan \u00e4r f\u00f6ljande:&nbsp; Citral fr\u00e5n citrongr\u00e4s&nbsp; Citronolja&nbsp; [&hellip;]<\/p>\n","protected":false},"featured_media":261831,"comment_status":"closed","ping_status":"open","template":"","meta":[],"product_brand":[27091],"product_cat":[11868,25845,26653,13648,26041,26864],"product_tag":[],"class_list":{"0":"post-217226","1":"product","2":"type-product","3":"status-publish","4":"has-post-thumbnail","6":"product_brand-ancient-wisdom","7":"product_cat-aromaterapi-och-rumsdofter","8":"product_cat-dofter-aromer","9":"product_cat-eteriska-oljeblandningar","10":"product_cat-eteriska-oljor","11":"product_cat-melissa-blandning","12":"product_cat-ort-aromatisk","13":"pa_collection-aromatherapy-essential-oils-10ml-sv","14":"pa_made-in-storbritannien","15":"pa_size-10ml","17":"first","18":"instock","19":"purchasable","20":"product-type-simple"},"supplier_id":null,"supplier_sku":"EO-61","barcode":null,"atum_controlled":true,"out_stock_date":null,"out_stock_threshold":null,"inheritable":false,"inbound_stock":null,"stock_on_hold":0,"sold_today":0,"sales_last_days":0,"reserved_stock":null,"customer_returns":null,"warehouse_damage":null,"lost_in_post":null,"other_logs":null,"out_stock_days":0,"lost_sales":0,"has_location":null,"update_date":"2026-02-11T07:26:01","atum_locations":[],"atum_stock_status":"instock","restock_status":false,"low_stock_amount":"","sales_update_date":"2025-09-03T00:27:50","calc_backorders":null,"_links":{"self":[{"href":"https:\/\/aromasentia.com\/sv\/wp-json\/wp\/v2\/product\/217226","targetHints":{"allow":["GET"]}}],"collection":[{"href":"https:\/\/aromasentia.com\/sv\/wp-json\/wp\/v2\/product"}],"about":[{"href":"https:\/\/aromasentia.com\/sv\/wp-json\/wp\/v2\/types\/product"}],"replies":[{"embeddable":true,"href":"https:\/\/aromasentia.com\/sv\/wp-json\/wp\/v2\/comments?post=217226"}],"version-history":[{"count":0,"href":"https:\/\/aromasentia.com\/sv\/wp-json\/wp\/v2\/product\/217226\/revisions"}],"wp:featuredmedia":[{"embeddable":true,"href":"https:\/\/aromasentia.com\/sv\/wp-json\/wp\/v2\/media\/261831"}],"wp:attachment":[{"href":"https:\/\/aromasentia.com\/sv\/wp-json\/wp\/v2\/media?parent=217226"}],"wp:term":[{"taxonomy":"product_brand","embeddable":true,"href":"https:\/\/aromasentia.com\/sv\/wp-json\/wp\/v2\/product_brand?post=217226"},{"taxonomy":"product_cat","embeddable":true,"href":"https:\/\/aromasentia.com\/sv\/wp-json\/wp\/v2\/product_cat?post=217226"},{"taxonomy":"product_tag","embeddable":true,"href":"https:\/\/aromasentia.com\/sv\/wp-json\/wp\/v2\/product_tag?post=217226"}],"curies":[{"name":"wp","href":"https:\/\/api.w.org\/{rel}","templated":true}]}}