{"id":217220,"date":"2025-03-20T14:53:15","date_gmt":"2025-03-20T14:53:15","guid":{"rendered":"https:\/\/aromasentia.com\/product\/10ml-bulgarian-lavender-essential-oil\/"},"modified":"2025-12-31T15:51:20","modified_gmt":"2025-12-31T15:51:20","slug":"bulgarisk-lavendel-eterisk-olja","status":"publish","type":"product","link":"https:\/\/aromasentia.com\/sv\/bulgarisk-lavendel-eterisk-olja\/","title":{"rendered":"Bulgarisk Lavendel Eterisk Olja"},"content":{"rendered":"<p><strong>Latinskt namn:&nbsp;<\/strong><em>Lavendula Angustifolia&nbsp;<\/em><\/p>\n<p><strong>Del av v\u00e4xt som anv\u00e4nds:&nbsp;<\/strong><em>Blommande spetsar<\/em><\/p>\n<p><strong>Ursprung:<\/strong> <em>Bulgarien<\/em><\/p>\n<p><strong>Extraktionsmetod:<\/strong> <em>\u00c5ngdestillation<\/em>&nbsp;<\/p>\n<p>Grossist Bulgarisk Lavendel Olja \u00e4r den koncentrerade v\u00e4tskan som inneh\u00e5ller flyktiga aromaf\u00f6reningar \u00e5ngdestillerade fr\u00e5n lavendelv\u00e4xten. Lavendel har anv\u00e4nts i \u00e5rhundraden f\u00f6r att hj\u00e4lpa till att l\u00e4ka olika \u00e5kommor fr\u00e5n mindre sk\u00e4rs\u00e5r, bl\u00e5m\u00e4rken och br\u00e4nnskador till kroniska sjukdomar som reumatism, astma och dermatit. Lavendel Eterisk Olja ses som v\u00e4ldigt attraktivt och anv\u00e4nds ofta i parfymindustrin tack vare sin fr\u00e4scha, s\u00f6ta och l\u00e4tt fruktiga blomdoft.&nbsp;<\/p>\n<p>Som de flesta eteriska oljor anv\u00e4nds denna olja vanligtvis blandat med en bas- eller b\u00e4rarolja s\u00e5som s\u00f6tmandel-, druvk\u00e4rne-, jojoba- eller avokadoolja med mera. Ska du d\u00e4remot anv\u00e4nda den i ditt bad beh\u00f6ver du inte blanda den och kan direkt l\u00e4gga till n\u00e5gra droppar i ditt badvatten. Anv\u00e4nd denna olja f\u00f6r en behaglig doft eller aromaterapi med en oljebr\u00e4nnare eller f\u00f6r\u00e5ngare. Inom aromaterapi anv\u00e4nds den ofta f\u00f6r att bek\u00e4mpa depression, stress och tr\u00f6tthet. R\u00e5dg\u00f6r alltid med en beh\u00f6rig l\u00e4kare innan du anv\u00e4nder Lavendel Eterisk Olja som l\u00e4kemedel eller f\u00f6r aromaterapi.&nbsp;<\/p>\n<p><span style=\"color: rgb(84, 172, 210);\"><strong>OBS: V\u00e5ra eteriska oljor \u00e4r inte l\u00e4mpliga f\u00f6r internt b<\/strong><\/span><strong><span style=\"color: rgb(84, 172, 210);\">ruk.<\/span><\/strong><\/p>\n","protected":false},"excerpt":{"rendered":"<p>Latinskt namn:&nbsp;Lavendula Angustifolia&nbsp; Del av v\u00e4xt som anv\u00e4nds:&nbsp;Blommande spetsar Ursprung: Bulgarien Extraktionsmetod: \u00c5ngdestillation&nbsp; Grossist Bulgarisk Lavendel Olja \u00e4r den koncentrerade v\u00e4tskan som inneh\u00e5ller flyktiga aromaf\u00f6reningar \u00e5ngdestillerade fr\u00e5n lavendelv\u00e4xten. Lavendel har anv\u00e4nts i \u00e5rhundraden f\u00f6r att hj\u00e4lpa till att l\u00e4ka olika \u00e5kommor fr\u00e5n mindre sk\u00e4rs\u00e5r, bl\u00e5m\u00e4rken och br\u00e4nnskador till kroniska sjukdomar som reumatism, astma och dermatit. [&hellip;]<\/p>\n","protected":false},"featured_media":262171,"comment_status":"closed","ping_status":"open","template":"","meta":{"_angie_page":false},"product_brand":[27091],"product_cat":[11868,26836,25845,13648,26032],"product_tag":[],"class_list":{"0":"post-217220","1":"product","2":"type-product","3":"status-publish","4":"has-post-thumbnail","6":"product_brand-ancient-wisdom","7":"product_cat-aromaterapi-och-rumsdofter","8":"product_cat-blommig","9":"product_cat-dofter-aromer","10":"product_cat-eteriska-oljor","11":"product_cat-lavendel","12":"pa_collection-aromatherapy-essential-oils-10ml-sv","13":"pa_made-in-bulgarien","14":"pa_size-10ml","16":"first","17":"instock","18":"purchasable","19":"product-type-simple"},"supplier_id":null,"supplier_sku":"EO-89","barcode":null,"atum_controlled":true,"out_stock_date":null,"out_stock_threshold":null,"inheritable":false,"inbound_stock":0,"stock_on_hold":0,"sold_today":0,"sales_last_days":0,"reserved_stock":0,"customer_returns":0,"warehouse_damage":0,"lost_in_post":0,"other_logs":0,"out_stock_days":9,"lost_sales":0,"has_location":false,"update_date":"2026-04-27T07:00:59","atum_locations":[],"atum_stock_status":"instock","restock_status":false,"low_stock_amount":"","sales_update_date":"2026-01-30T01:25:00","calc_backorders":null,"_links":{"self":[{"href":"https:\/\/aromasentia.com\/sv\/wp-json\/wp\/v2\/product\/217220","targetHints":{"allow":["GET"]}}],"collection":[{"href":"https:\/\/aromasentia.com\/sv\/wp-json\/wp\/v2\/product"}],"about":[{"href":"https:\/\/aromasentia.com\/sv\/wp-json\/wp\/v2\/types\/product"}],"replies":[{"embeddable":true,"href":"https:\/\/aromasentia.com\/sv\/wp-json\/wp\/v2\/comments?post=217220"}],"version-history":[{"count":0,"href":"https:\/\/aromasentia.com\/sv\/wp-json\/wp\/v2\/product\/217220\/revisions"}],"wp:featuredmedia":[{"embeddable":true,"href":"https:\/\/aromasentia.com\/sv\/wp-json\/wp\/v2\/media\/262171"}],"wp:attachment":[{"href":"https:\/\/aromasentia.com\/sv\/wp-json\/wp\/v2\/media?parent=217220"}],"wp:term":[{"taxonomy":"product_brand","embeddable":true,"href":"https:\/\/aromasentia.com\/sv\/wp-json\/wp\/v2\/product_brand?post=217220"},{"taxonomy":"product_cat","embeddable":true,"href":"https:\/\/aromasentia.com\/sv\/wp-json\/wp\/v2\/product_cat?post=217220"},{"taxonomy":"product_tag","embeddable":true,"href":"https:\/\/aromasentia.com\/sv\/wp-json\/wp\/v2\/product_tag?post=217220"}],"curies":[{"name":"wp","href":"https:\/\/api.w.org\/{rel}","templated":true}]}}