{"id":217219,"date":"2025-03-20T14:53:15","date_gmt":"2025-03-20T14:53:15","guid":{"rendered":"https:\/\/aromasentia.com\/product\/10ml-helichrysum-essential-oil\/"},"modified":"2025-12-31T15:51:13","modified_gmt":"2025-12-31T15:51:13","slug":"helichrysum-eterisk-olja","status":"publish","type":"product","link":"https:\/\/aromasentia.com\/sv\/helichrysum-eterisk-olja\/","title":{"rendered":"Helichrysum Eterisk Olja"},"content":{"rendered":"<p><strong>Latinskt namn:<\/strong> <em>Helichrysum Italicum<\/em><\/p>\n<p><strong>Del av v\u00e4xt som anv\u00e4nds:&nbsp;<\/strong><em>Blommor&nbsp;<\/em><\/p>\n<p><strong>Ursprung:<\/strong> <em>Italien&nbsp;<\/em><\/p>\n<p><strong>Extraktionsmetod:<\/strong> <em>\u00c5ngdestillation&nbsp;<\/em><\/p>\n<p><strong>Aromatisk beskrivning:&nbsp;<\/strong><em>\u00d6rtartad, honung, h\u00f6&nbsp;<\/em><\/p>\n<p>Helichrysum anv\u00e4nds ofta f\u00f6r att f\u00f6rhindra tecken p\u00e5 \u00e5ldrande och kallas &quot;den eviga blomman&quot; p\u00e5 grund av dess f\u00f6ryngrande verkan p\u00e5 huden och f\u00f6rm\u00e5gan att f\u00f6rb\u00e4ttra hyn.&nbsp;<\/p>\n<p>Helichrysum Italicum \u00e4r en liten perenn \u00f6rt med smala silverf\u00e4rgade blad och blommor som bildar en klunga av guldgula bollformade blommor. Namnet &#39;Helichrysum&#39; kommer fr\u00e5n det grekiska &#39;helios&#39; som betyder sol och &#39;chrysos&#39; som betyder guld, vilket syftar p\u00e5 f\u00e4rgen p\u00e5 blommorna. Helichrysum har anv\u00e4nts inom \u00f6rtmedicin sedan antikens Grekland och oljan \u00e4r h\u00f6gt uppskattad och eftertraktad f\u00f6r sina m\u00e5nga h\u00e4lsof\u00f6rdelar.&nbsp;<\/p>\n<p>Helichrysum Eterisk Olja \u00e4r mest k\u00e4nd f\u00f6r sina \u00e5terst\u00e4llande egenskaper f\u00f6r huden. Helichrysum, som \u00e4ven kallas den eviga eller od\u00f6dliga blomman, anv\u00e4nds i anti-aging produkter f\u00f6r dess f\u00f6ryngrande effekt p\u00e5 huden. Helichrysum kan hj\u00e4lpa till att minska uppkomsten av fl\u00e4ckar och fr\u00e4mjar en str\u00e5lande, ungdomlig hy.&nbsp;<\/p>\n<p><strong>Anv\u00e4ndning:<\/strong><\/p>\n<p>Applicera p\u00e5 ansiktet f\u00f6r att minska uppkomsten av rynkor och fr\u00e4mja en str\u00e5lande, ungdomlig hy.&nbsp;<\/p>\n<p>Massera in i tinningarna och p\u00e5 nacken f\u00f6r en lugnande k\u00e4nsla.&nbsp;<\/p>\n<p><strong><span style=\"color: rgb(84, 172, 210);\">OBS: V\u00e5ra eteriska oljor \u00e4r inte l\u00e4mpliga f\u00f6r internt bruk.<\/span><\/strong><\/p>\n","protected":false},"excerpt":{"rendered":"<p>Latinskt namn: Helichrysum Italicum Del av v\u00e4xt som anv\u00e4nds:&nbsp;Blommor&nbsp; Ursprung: Italien&nbsp; Extraktionsmetod: \u00c5ngdestillation&nbsp; Aromatisk beskrivning:&nbsp;\u00d6rtartad, honung, h\u00f6&nbsp; Helichrysum anv\u00e4nds ofta f\u00f6r att f\u00f6rhindra tecken p\u00e5 \u00e5ldrande och kallas &quot;den eviga blomman&quot; p\u00e5 grund av dess f\u00f6ryngrande verkan p\u00e5 huden och f\u00f6rm\u00e5gan att f\u00f6rb\u00e4ttra hyn.&nbsp; Helichrysum Italicum \u00e4r en liten perenn \u00f6rt med smala silverf\u00e4rgade blad [&hellip;]<\/p>\n","protected":false},"featured_media":262154,"comment_status":"closed","ping_status":"open","template":"","meta":{"_angie_page":false},"product_brand":[27091],"product_cat":[11868,26836,25845,13648,26027],"product_tag":[],"class_list":{"0":"post-217219","1":"product","2":"type-product","3":"status-publish","4":"has-post-thumbnail","6":"product_brand-ancient-wisdom","7":"product_cat-aromaterapi-och-rumsdofter","8":"product_cat-blommig","9":"product_cat-dofter-aromer","10":"product_cat-eteriska-oljor","11":"product_cat-helichrysum-eternell","12":"pa_collection-aromatherapy-essential-oils-10ml-sv","13":"pa_made-in-italien","14":"pa_size-10ml","16":"first","17":"instock","18":"purchasable","19":"product-type-simple"},"supplier_id":null,"supplier_sku":"EO-88","barcode":null,"atum_controlled":true,"out_stock_date":null,"out_stock_threshold":null,"inheritable":false,"inbound_stock":null,"stock_on_hold":0,"sold_today":0,"sales_last_days":0,"reserved_stock":null,"customer_returns":null,"warehouse_damage":null,"lost_in_post":null,"other_logs":null,"out_stock_days":0,"lost_sales":0,"has_location":null,"update_date":"2026-05-08T05:07:22","atum_locations":[],"atum_stock_status":"instock","restock_status":false,"low_stock_amount":"","sales_update_date":"2026-01-20T05:13:42","calc_backorders":null,"_links":{"self":[{"href":"https:\/\/aromasentia.com\/sv\/wp-json\/wp\/v2\/product\/217219","targetHints":{"allow":["GET"]}}],"collection":[{"href":"https:\/\/aromasentia.com\/sv\/wp-json\/wp\/v2\/product"}],"about":[{"href":"https:\/\/aromasentia.com\/sv\/wp-json\/wp\/v2\/types\/product"}],"replies":[{"embeddable":true,"href":"https:\/\/aromasentia.com\/sv\/wp-json\/wp\/v2\/comments?post=217219"}],"version-history":[{"count":0,"href":"https:\/\/aromasentia.com\/sv\/wp-json\/wp\/v2\/product\/217219\/revisions"}],"wp:featuredmedia":[{"embeddable":true,"href":"https:\/\/aromasentia.com\/sv\/wp-json\/wp\/v2\/media\/262154"}],"wp:attachment":[{"href":"https:\/\/aromasentia.com\/sv\/wp-json\/wp\/v2\/media?parent=217219"}],"wp:term":[{"taxonomy":"product_brand","embeddable":true,"href":"https:\/\/aromasentia.com\/sv\/wp-json\/wp\/v2\/product_brand?post=217219"},{"taxonomy":"product_cat","embeddable":true,"href":"https:\/\/aromasentia.com\/sv\/wp-json\/wp\/v2\/product_cat?post=217219"},{"taxonomy":"product_tag","embeddable":true,"href":"https:\/\/aromasentia.com\/sv\/wp-json\/wp\/v2\/product_tag?post=217219"}],"curies":[{"name":"wp","href":"https:\/\/api.w.org\/{rel}","templated":true}]}}