{"id":217217,"date":"2025-03-20T14:53:15","date_gmt":"2025-03-20T14:53:15","guid":{"rendered":"https:\/\/aromasentia.com\/product\/10ml-oregano-essential-oil\/"},"modified":"2025-12-31T15:51:13","modified_gmt":"2025-12-31T15:51:13","slug":"oregano-eterisk-olja","status":"publish","type":"product","link":"https:\/\/aromasentia.com\/sv\/oregano-eterisk-olja\/","title":{"rendered":"Oregano Eterisk Olja"},"content":{"rendered":"<p><strong>Latinskt namn:&nbsp;<\/strong><em>Origanum Vulgare&nbsp;<\/em><\/p>\n<p><strong>Del av v\u00e4xt som anv\u00e4nds:<\/strong> <em>B<\/em><em>lad och blommor&nbsp;<\/em><\/p>\n<p><strong>K\u00e4lla:&nbsp;<\/strong><em>Spanien&nbsp;<\/em><\/p>\n<p><strong>Extraktionsmetod:&nbsp;<\/strong><em>\u00c5ngdestillation&nbsp;<\/em><\/p>\n<p><strong>Aromatisk beskrivning:<\/strong> \u00d6rtartad, skarp, gr\u00f6n, kamferaktig&nbsp;<\/p>\n<p>Oregano \u00e4r en av de mest potenta och kraftfulla eteriska oljorna och har anv\u00e4nts i \u00e5rhundraden i folkmedicin. P\u00e5 grund av dess h\u00f6ga fenolhalt b\u00f6r man vara f\u00f6rsiktig vid inandning eller spridning av oregano; endast en eller tv\u00e5 droppar beh\u00f6vs.&nbsp;<\/p>\n<p>Dessutom b\u00f6r oregano sp\u00e4das med en basolja n\u00e4r den appliceras p\u00e5 huden.&nbsp;<\/p>\n<p><strong><span style=\"color: rgb(84, 172, 210);\">OBS: V\u00e5ra eteriska oljor \u00e4r inte l\u00e4mpliga f\u00f6r internt bruk.<\/span><\/strong><\/p>\n","protected":false},"excerpt":{"rendered":"<p>Latinskt namn:&nbsp;Origanum Vulgare&nbsp; Del av v\u00e4xt som anv\u00e4nds: Blad och blommor&nbsp; K\u00e4lla:&nbsp;Spanien&nbsp; Extraktionsmetod:&nbsp;\u00c5ngdestillation&nbsp; Aromatisk beskrivning: \u00d6rtartad, skarp, gr\u00f6n, kamferaktig&nbsp; Oregano \u00e4r en av de mest potenta och kraftfulla eteriska oljorna och har anv\u00e4nts i \u00e5rhundraden i folkmedicin. P\u00e5 grund av dess h\u00f6ga fenolhalt b\u00f6r man vara f\u00f6rsiktig vid inandning eller spridning av oregano; endast en [&hellip;]<\/p>\n","protected":false},"featured_media":262120,"comment_status":"closed","ping_status":"open","template":"","meta":{"_angie_page":false},"product_brand":[27091],"product_cat":[11868,25845,13648,26048,26864],"product_tag":[],"class_list":{"0":"post-217217","1":"product","2":"type-product","3":"status-publish","4":"has-post-thumbnail","6":"product_brand-ancient-wisdom","7":"product_cat-aromaterapi-och-rumsdofter","8":"product_cat-dofter-aromer","9":"product_cat-eteriska-oljor","10":"product_cat-oregano","11":"product_cat-ort-aromatisk","12":"pa_collection-aromatherapy-essential-oils-10ml-sv","13":"pa_made-in-spanien","14":"pa_size-10ml","16":"first","17":"instock","18":"purchasable","19":"product-type-simple"},"supplier_id":null,"supplier_sku":"EO-86","barcode":null,"atum_controlled":true,"out_stock_date":null,"out_stock_threshold":null,"inheritable":false,"inbound_stock":null,"stock_on_hold":0,"sold_today":0,"sales_last_days":0,"reserved_stock":null,"customer_returns":null,"warehouse_damage":null,"lost_in_post":null,"other_logs":null,"out_stock_days":0,"lost_sales":0,"has_location":null,"update_date":"2026-04-27T07:00:59","atum_locations":[],"atum_stock_status":"instock","restock_status":false,"low_stock_amount":"","sales_update_date":"2025-09-03T00:27:57","calc_backorders":null,"_links":{"self":[{"href":"https:\/\/aromasentia.com\/sv\/wp-json\/wp\/v2\/product\/217217","targetHints":{"allow":["GET"]}}],"collection":[{"href":"https:\/\/aromasentia.com\/sv\/wp-json\/wp\/v2\/product"}],"about":[{"href":"https:\/\/aromasentia.com\/sv\/wp-json\/wp\/v2\/types\/product"}],"replies":[{"embeddable":true,"href":"https:\/\/aromasentia.com\/sv\/wp-json\/wp\/v2\/comments?post=217217"}],"version-history":[{"count":0,"href":"https:\/\/aromasentia.com\/sv\/wp-json\/wp\/v2\/product\/217217\/revisions"}],"wp:featuredmedia":[{"embeddable":true,"href":"https:\/\/aromasentia.com\/sv\/wp-json\/wp\/v2\/media\/262120"}],"wp:attachment":[{"href":"https:\/\/aromasentia.com\/sv\/wp-json\/wp\/v2\/media?parent=217217"}],"wp:term":[{"taxonomy":"product_brand","embeddable":true,"href":"https:\/\/aromasentia.com\/sv\/wp-json\/wp\/v2\/product_brand?post=217217"},{"taxonomy":"product_cat","embeddable":true,"href":"https:\/\/aromasentia.com\/sv\/wp-json\/wp\/v2\/product_cat?post=217217"},{"taxonomy":"product_tag","embeddable":true,"href":"https:\/\/aromasentia.com\/sv\/wp-json\/wp\/v2\/product_tag?post=217217"}],"curies":[{"name":"wp","href":"https:\/\/api.w.org\/{rel}","templated":true}]}}