{"id":217215,"date":"2025-03-20T14:53:15","date_gmt":"2025-03-20T14:53:15","guid":{"rendered":"https:\/\/aromasentia.com\/product\/10-ml-spearmint-essential-oil\/"},"modified":"2025-12-31T15:51:13","modified_gmt":"2025-12-31T15:51:13","slug":"gronmynta-eterisk-olja","status":"publish","type":"product","link":"https:\/\/aromasentia.com\/sv\/gronmynta-eterisk-olja\/","title":{"rendered":"Gr\u00f6nmynta Eterisk Olja"},"content":{"rendered":"<p><strong>Latinskt namn:&nbsp;<\/strong><em>Mentha Spicata&nbsp;<\/em><\/p>\n<p><strong>Del av v\u00e4xt som anv\u00e4nds:&nbsp;<\/strong><em>Blommande toppar<\/em><\/p>\n<p><strong>Ursprung:<\/strong> <em>Kina&nbsp;<\/em><\/p>\n<p><strong>Extraktionsmetod:&nbsp;<\/strong><em>\u00c5ngdestillation&nbsp;<\/em><\/p>\n<p>Grossist Gr\u00f6nmynta Eterisk Olja \u00e4r en h\u00f6gkvalitativ 60% Carvone-variant. Carvone \u00e4r den naturligt f\u00f6rekommande kemikalien som ger gr\u00f6nmynta dess distinkta lukt. De \u00f6vriga 40% av oljan best\u00e5r av andra kemikalier som f\u00f6rekommer naturligt i gr\u00f6nmynta-v\u00e4xten.&nbsp;<\/p>\n<p>Gr\u00f6nmynta Eterisk Olja \u00e4r multifunktionell och den forts\u00e4tter att anv\u00e4ndas f\u00f6r att lindra \u00e5kommor som hudproblem, huvudv\u00e4rk, illam\u00e5ende, kr\u00e4kningar, andningsproblem och f\u00f6rkylningssymtom.&nbsp;<\/p>\n<p>Gr\u00f6nmynta Eterisk Olja, som anv\u00e4nds i aromaterapi, s\u00e4gs hj\u00e4lpa till att minska n\u00e4st\u00e4ppa orsakad av \u00f6verdriven uppbyggnad av slem i n\u00e4sa och svalg, och d\u00e4rigenom fr\u00e4mja l\u00e4ttare andning. Den har vitaliserande och energiinducerande verkan p\u00e5 kroppen genom att f\u00f6rb\u00e4ttra hum\u00f6r, koncentration och genom att ge huden energi. Dess fr\u00e4scha, uppfriskande doft hj\u00e4lper till att lyfta hum\u00f6ret och d\u00e4mpa emotionell stress.&nbsp;<\/p>\n<p><strong><span style=\"color: rgb(84, 172, 210);\">OBS: V\u00e5ra eteriska oljor \u00e4r inte l\u00e4mpliga f\u00f6r internt bruk.<\/span><\/strong><\/p>\n","protected":false},"excerpt":{"rendered":"<p>Latinskt namn:&nbsp;Mentha Spicata&nbsp; Del av v\u00e4xt som anv\u00e4nds:&nbsp;Blommande toppar Ursprung: Kina&nbsp; Extraktionsmetod:&nbsp;\u00c5ngdestillation&nbsp; Grossist Gr\u00f6nmynta Eterisk Olja \u00e4r en h\u00f6gkvalitativ 60% Carvone-variant. Carvone \u00e4r den naturligt f\u00f6rekommande kemikalien som ger gr\u00f6nmynta dess distinkta lukt. De \u00f6vriga 40% av oljan best\u00e5r av andra kemikalier som f\u00f6rekommer naturligt i gr\u00f6nmynta-v\u00e4xten.&nbsp; Gr\u00f6nmynta Eterisk Olja \u00e4r multifunktionell och den forts\u00e4tter [&hellip;]<\/p>\n","protected":false},"featured_media":262094,"comment_status":"closed","ping_status":"open","template":"","meta":[],"product_brand":[27091],"product_cat":[11868,25845,13648,26064,26878],"product_tag":[],"class_list":{"0":"post-217215","1":"product","2":"type-product","3":"status-publish","4":"has-post-thumbnail","6":"product_brand-ancient-wisdom","7":"product_cat-aromaterapi-och-rumsdofter","8":"product_cat-dofter-aromer","9":"product_cat-eteriska-oljor","10":"product_cat-gronmynta","11":"product_cat-mintig","12":"pa_collection-aromatherapy-essential-oils-10ml-sv","13":"pa_made-in-kina","14":"pa_size-10ml","16":"first","17":"instock","18":"purchasable","19":"product-type-simple"},"supplier_id":null,"supplier_sku":"EO-84","barcode":null,"atum_controlled":true,"out_stock_date":null,"out_stock_threshold":null,"inheritable":false,"inbound_stock":null,"stock_on_hold":0,"sold_today":0,"sales_last_days":0,"reserved_stock":null,"customer_returns":null,"warehouse_damage":null,"lost_in_post":null,"other_logs":null,"out_stock_days":0,"lost_sales":0,"has_location":null,"update_date":"2026-02-06T10:31:31","atum_locations":[],"atum_stock_status":"instock","restock_status":false,"low_stock_amount":"","sales_update_date":"2025-09-03T00:27:57","calc_backorders":null,"_links":{"self":[{"href":"https:\/\/aromasentia.com\/sv\/wp-json\/wp\/v2\/product\/217215","targetHints":{"allow":["GET"]}}],"collection":[{"href":"https:\/\/aromasentia.com\/sv\/wp-json\/wp\/v2\/product"}],"about":[{"href":"https:\/\/aromasentia.com\/sv\/wp-json\/wp\/v2\/types\/product"}],"replies":[{"embeddable":true,"href":"https:\/\/aromasentia.com\/sv\/wp-json\/wp\/v2\/comments?post=217215"}],"version-history":[{"count":0,"href":"https:\/\/aromasentia.com\/sv\/wp-json\/wp\/v2\/product\/217215\/revisions"}],"wp:featuredmedia":[{"embeddable":true,"href":"https:\/\/aromasentia.com\/sv\/wp-json\/wp\/v2\/media\/262094"}],"wp:attachment":[{"href":"https:\/\/aromasentia.com\/sv\/wp-json\/wp\/v2\/media?parent=217215"}],"wp:term":[{"taxonomy":"product_brand","embeddable":true,"href":"https:\/\/aromasentia.com\/sv\/wp-json\/wp\/v2\/product_brand?post=217215"},{"taxonomy":"product_cat","embeddable":true,"href":"https:\/\/aromasentia.com\/sv\/wp-json\/wp\/v2\/product_cat?post=217215"},{"taxonomy":"product_tag","embeddable":true,"href":"https:\/\/aromasentia.com\/sv\/wp-json\/wp\/v2\/product_tag?post=217215"}],"curies":[{"name":"wp","href":"https:\/\/api.w.org\/{rel}","templated":true}]}}