{"id":217202,"date":"2025-03-20T14:53:48","date_gmt":"2025-03-20T14:53:48","guid":{"rendered":"https:\/\/aromasentia.com\/product\/red-thyme-essential-oil-10ml\/"},"modified":"2025-12-31T15:51:06","modified_gmt":"2025-12-31T15:51:06","slug":"rod-timjan-eterisk-olja","status":"publish","type":"product","link":"https:\/\/aromasentia.com\/sv\/rod-timjan-eterisk-olja\/","title":{"rendered":"R\u00f6d Timjan Eterisk Olja"},"content":{"rendered":"<p><strong>Latinskt namn:<\/strong> <em>Thymus serpyllum&nbsp;<\/em><\/p>\n<p><strong>Del av v\u00e4xt som anv\u00e4nds:&nbsp;<\/strong><em>L\u00f6v&nbsp;<\/em><\/p>\n<p><strong>Ursprung:&nbsp;<\/strong><em>Spanien&nbsp;<\/em><\/p>\n<p><strong>Extraktionsmetod:<\/strong> <em>\u00c5ngdestillation&nbsp;<\/em><\/p>\n<p>Grossist R\u00f6d Timjan Olja \u00e4r stimulerande med starka antimikrobiella och antiseptiska egenskaper. Den har en varm \u00f6rtig doft.&nbsp;<\/p>\n<p>Inom aromaterapi har R\u00f6d Timjan Eterisk Olja ett brett anv\u00e4ndningsomr\u00e5de.&nbsp;<\/p>\n<p>Den anv\u00e4nds mest i aromdiffusorer och rumssprayer, s\u00e4rskilt under den stora influensa- och f\u00f6rkylningss\u00e4songen. N\u00e4r den anv\u00e4nds lokalt kan den hj\u00e4lpa till att driva bort insekter.&nbsp;<\/p>\n<p><strong><span style=\"color: rgb(84, 172, 210);\">OBS: V\u00e5ra eteriska oljor \u00e4r inte l\u00e4mpliga f\u00f6r internt bruk.<\/span><\/strong><\/p>\n","protected":false},"excerpt":{"rendered":"<p>Latinskt namn: Thymus serpyllum&nbsp; Del av v\u00e4xt som anv\u00e4nds:&nbsp;L\u00f6v&nbsp; Ursprung:&nbsp;Spanien&nbsp; Extraktionsmetod: \u00c5ngdestillation&nbsp; Grossist R\u00f6d Timjan Olja \u00e4r stimulerande med starka antimikrobiella och antiseptiska egenskaper. Den har en varm \u00f6rtig doft.&nbsp; Inom aromaterapi har R\u00f6d Timjan Eterisk Olja ett brett anv\u00e4ndningsomr\u00e5de.&nbsp; Den anv\u00e4nds mest i aromdiffusorer och rumssprayer, s\u00e4rskilt under den stora influensa- och f\u00f6rkylningss\u00e4songen. N\u00e4r [&hellip;]<\/p>\n","protected":false},"featured_media":262206,"comment_status":"closed","ping_status":"open","template":"","meta":[],"product_brand":[27091],"product_cat":[11868,25845,13648,26864,26058],"product_tag":[],"class_list":{"0":"post-217202","1":"product","2":"type-product","3":"status-publish","4":"has-post-thumbnail","6":"product_brand-ancient-wisdom","7":"product_cat-aromaterapi-och-rumsdofter","8":"product_cat-dofter-aromer","9":"product_cat-eteriska-oljor","10":"product_cat-ort-aromatisk","11":"product_cat-rod-timjan","12":"pa_collection-aromatherapy-essential-oils-10ml-sv","13":"pa_made-in-spanien","14":"pa_size-10ml","16":"first","17":"instock","18":"purchasable","19":"product-type-simple"},"supplier_id":null,"supplier_sku":"EO-92","barcode":null,"atum_controlled":true,"out_stock_date":null,"out_stock_threshold":null,"inheritable":false,"inbound_stock":null,"stock_on_hold":0,"sold_today":0,"sales_last_days":0,"reserved_stock":null,"customer_returns":null,"warehouse_damage":null,"lost_in_post":null,"other_logs":null,"out_stock_days":13,"lost_sales":0,"has_location":null,"update_date":"2026-02-11T03:19:46","atum_locations":[],"atum_stock_status":"instock","restock_status":false,"low_stock_amount":"","sales_update_date":"2026-01-30T01:24:47","calc_backorders":null,"_links":{"self":[{"href":"https:\/\/aromasentia.com\/sv\/wp-json\/wp\/v2\/product\/217202","targetHints":{"allow":["GET"]}}],"collection":[{"href":"https:\/\/aromasentia.com\/sv\/wp-json\/wp\/v2\/product"}],"about":[{"href":"https:\/\/aromasentia.com\/sv\/wp-json\/wp\/v2\/types\/product"}],"replies":[{"embeddable":true,"href":"https:\/\/aromasentia.com\/sv\/wp-json\/wp\/v2\/comments?post=217202"}],"version-history":[{"count":0,"href":"https:\/\/aromasentia.com\/sv\/wp-json\/wp\/v2\/product\/217202\/revisions"}],"wp:featuredmedia":[{"embeddable":true,"href":"https:\/\/aromasentia.com\/sv\/wp-json\/wp\/v2\/media\/262206"}],"wp:attachment":[{"href":"https:\/\/aromasentia.com\/sv\/wp-json\/wp\/v2\/media?parent=217202"}],"wp:term":[{"taxonomy":"product_brand","embeddable":true,"href":"https:\/\/aromasentia.com\/sv\/wp-json\/wp\/v2\/product_brand?post=217202"},{"taxonomy":"product_cat","embeddable":true,"href":"https:\/\/aromasentia.com\/sv\/wp-json\/wp\/v2\/product_cat?post=217202"},{"taxonomy":"product_tag","embeddable":true,"href":"https:\/\/aromasentia.com\/sv\/wp-json\/wp\/v2\/product_tag?post=217202"}],"curies":[{"name":"wp","href":"https:\/\/api.w.org\/{rel}","templated":true}]}}