{"id":217142,"date":"2025-03-20T14:54:52","date_gmt":"2025-03-20T14:54:52","guid":{"rendered":"https:\/\/aromasentia.com\/product\/100ml-essential-oil-mist-patchouli\/"},"modified":"2025-12-31T15:51:06","modified_gmt":"2025-12-31T15:51:06","slug":"spray-med-eteriska-oljor-patchouli-100ml","status":"publish","type":"product","link":"https:\/\/aromasentia.com\/sv\/spray-med-eteriska-oljor-patchouli-100ml\/","title":{"rendered":"Spray med Eteriska Oljor &#8211; Patchouli 100ml"},"content":{"rendered":"<p>Denna delikata aromaterapispray inneh\u00e5ller ren eterisk olja fr\u00e5n Patchouli f\u00f6r att fr\u00e4mja en k\u00e4nsla av lugn n\u00e4r det beh\u00f6vs. Perfekt f\u00f6r att f\u00f6rb\u00e4ttra ditt hum\u00f6r samt f\u00e5 dig att koppla av n\u00e4r som helst p\u00e5 dagen eller natten.&nbsp;<\/p>\n<p>F\u00f6r att varva ner, spraya blandningen ovanf\u00f6r huvudet eller direkt p\u00e5 s\u00e4ngkl\u00e4derna f\u00f6r att stimulera en b\u00e4ttre natts\u00f6mn.&nbsp;<\/p>\n<h5>Huvudingredienser:&nbsp;<\/h5>\n<p><strong>Patchouli eterisk olja:&nbsp;<\/strong><\/p>\n<p>Den lugnande doften av denna eteriska olja lindrar \u00e5ngest, stress och depression, vilket g\u00f6r den effektiv f\u00f6r att uppn\u00e5 avslappning, s\u00e4rskilt vid meditation.<\/p>\n<p><strong>Yorkshire vatten:&nbsp;<\/strong><\/p>\n<p>F\u00f6rutom att Yorkshire vatten \u00e5terfuktar och smakar bra som dricksvatten, fr\u00e4mjar det ocks\u00e5 hudens h\u00e4lsa och sk\u00f6nhet. Vi tror att detta vatten \u00e4r en v\u00e4sentlig ingrediens i Yorkshire te och lika perfekt i Ancient Wisdom Aromatherapisprayer.<\/p>\n<p><strong>Trollhassel: <\/strong><\/p>\n<p>Trollhassel \u00e4r ett sammandragande medel som ofta anv\u00e4nds som ett naturligt lokalt botemedel. Den inneh\u00e5ller flera f\u00f6reningar med potenta antiinflammatoriska och antivirala egenskaper.<\/p>\n","protected":false},"excerpt":{"rendered":"<p>Denna delikata aromaterapispray inneh\u00e5ller ren eterisk olja fr\u00e5n Patchouli f\u00f6r att fr\u00e4mja en k\u00e4nsla av lugn n\u00e4r det beh\u00f6vs. Perfekt f\u00f6r att f\u00f6rb\u00e4ttra ditt hum\u00f6r samt f\u00e5 dig att koppla av n\u00e4r som helst p\u00e5 dagen eller natten.&nbsp; F\u00f6r att varva ner, spraya blandningen ovanf\u00f6r huvudet eller direkt p\u00e5 s\u00e4ngkl\u00e4derna f\u00f6r att stimulera en b\u00e4ttre [&hellip;]<\/p>\n","protected":false},"featured_media":263137,"comment_status":"closed","ping_status":"open","template":"","meta":{"_angie_page":false},"product_brand":[27091],"product_cat":[11868,25845,13648,26829,26052],"product_tag":[],"class_list":{"0":"post-217142","1":"product","2":"type-product","3":"status-publish","4":"has-post-thumbnail","6":"product_brand-ancient-wisdom","7":"product_cat-aromaterapi-och-rumsdofter","8":"product_cat-dofter-aromer","9":"product_cat-eteriska-oljor","10":"product_cat-jordig-gron","11":"product_cat-patchouli","12":"pa_collection-essential-oil-mists-100ml-sv","13":"pa_made-in-storbritannien","14":"pa_size-100ml","16":"first","17":"instock","18":"purchasable","19":"product-type-simple"},"supplier_id":null,"supplier_sku":"EOM-01","barcode":null,"atum_controlled":true,"out_stock_date":null,"out_stock_threshold":null,"inheritable":false,"inbound_stock":0,"stock_on_hold":0,"sold_today":0,"sales_last_days":0,"reserved_stock":0,"customer_returns":0,"warehouse_damage":0,"lost_in_post":0,"other_logs":0,"out_stock_days":0,"lost_sales":0,"has_location":false,"update_date":"2026-04-27T07:01:32","atum_locations":[],"atum_stock_status":"instock","restock_status":false,"low_stock_amount":"","sales_update_date":"2026-02-06T00:02:04","calc_backorders":null,"_links":{"self":[{"href":"https:\/\/aromasentia.com\/sv\/wp-json\/wp\/v2\/product\/217142","targetHints":{"allow":["GET"]}}],"collection":[{"href":"https:\/\/aromasentia.com\/sv\/wp-json\/wp\/v2\/product"}],"about":[{"href":"https:\/\/aromasentia.com\/sv\/wp-json\/wp\/v2\/types\/product"}],"replies":[{"embeddable":true,"href":"https:\/\/aromasentia.com\/sv\/wp-json\/wp\/v2\/comments?post=217142"}],"version-history":[{"count":0,"href":"https:\/\/aromasentia.com\/sv\/wp-json\/wp\/v2\/product\/217142\/revisions"}],"wp:featuredmedia":[{"embeddable":true,"href":"https:\/\/aromasentia.com\/sv\/wp-json\/wp\/v2\/media\/263137"}],"wp:attachment":[{"href":"https:\/\/aromasentia.com\/sv\/wp-json\/wp\/v2\/media?parent=217142"}],"wp:term":[{"taxonomy":"product_brand","embeddable":true,"href":"https:\/\/aromasentia.com\/sv\/wp-json\/wp\/v2\/product_brand?post=217142"},{"taxonomy":"product_cat","embeddable":true,"href":"https:\/\/aromasentia.com\/sv\/wp-json\/wp\/v2\/product_cat?post=217142"},{"taxonomy":"product_tag","embeddable":true,"href":"https:\/\/aromasentia.com\/sv\/wp-json\/wp\/v2\/product_tag?post=217142"}],"curies":[{"name":"wp","href":"https:\/\/api.w.org\/{rel}","templated":true}]}}