{"id":217119,"date":"2025-03-20T14:55:32","date_gmt":"2025-03-20T14:55:32","guid":{"rendered":"https:\/\/aromasentia.com\/product\/100ml-essential-oil-mist-lemon-verbena\/"},"modified":"2025-12-31T15:50:58","modified_gmt":"2025-12-31T15:50:58","slug":"spray-med-eteriska-oljor-citron-verbena-100ml","status":"publish","type":"product","link":"https:\/\/aromasentia.com\/sv\/spray-med-eteriska-oljor-citron-verbena-100ml\/","title":{"rendered":"Spray med Eteriska Oljor &#8211; Citron Verbena 100ml"},"content":{"rendered":"<p>Denna delikata aromaterapispray inneh\u00e5ller ren eterisk olja fr\u00e5n citron verbena f\u00f6r att fr\u00e4mja en k\u00e4nsla av lugn n\u00e4r det beh\u00f6vs. Perfekt f\u00f6r att f\u00f6rb\u00e4ttra ditt hum\u00f6r samt f\u00e5 dig att koppla av n\u00e4r som helst p\u00e5 dagen eller natten.&nbsp;<\/p>\n<p>F\u00f6r att varva ner, spraya blandningen ovanf\u00f6r huvudet eller direkt p\u00e5 s\u00e4ngkl\u00e4derna f\u00f6r att stimulera en b\u00e4ttre natts\u00f6mn.&nbsp;<\/p>\n<h5>Huvudingredienser:&nbsp;<\/h5>\n<p><strong>Citron verbena eterisk olja:&nbsp;<\/strong><\/p>\n<p>Det s\u00e4gs att denna olja v\u00e4cker sensualitet, intuition och fantasi. Den f\u00f6rvisar tillst\u00e5ndet av apati samtidigt som den stimulerar mental aktivitet, och s\u00e4rskilt det kreativa och logiska t\u00e4nkandet.&nbsp;<\/p>\n<p><strong>Yorkshire vatten:&nbsp;<\/strong><\/p>\n<p>F\u00f6rutom att Yorkshire vatten \u00e5terfuktar och smakar bra som dricksvatten, fr\u00e4mjar det ocks\u00e5 hudens h\u00e4lsa och sk\u00f6nhet. Vi tror att detta vatten \u00e4r en v\u00e4sentlig ingrediens i Yorkshire te och lika perfekt i Ancient Wisdom Aromatherapisprayer.<\/p>\n<p><strong>Trollhassel: <\/strong><\/p>\n<p>Trollhassel \u00e4r ett sammandragande medel som ofta anv\u00e4nds som ett naturligt lokalt botemedel. Den inneh\u00e5ller flera f\u00f6reningar med potenta antiinflammatoriska och antivirala egenskaper.<\/p>\n","protected":false},"excerpt":{"rendered":"<p>Denna delikata aromaterapispray inneh\u00e5ller ren eterisk olja fr\u00e5n citron verbena f\u00f6r att fr\u00e4mja en k\u00e4nsla av lugn n\u00e4r det beh\u00f6vs. Perfekt f\u00f6r att f\u00f6rb\u00e4ttra ditt hum\u00f6r samt f\u00e5 dig att koppla av n\u00e4r som helst p\u00e5 dagen eller natten.&nbsp; F\u00f6r att varva ner, spraya blandningen ovanf\u00f6r huvudet eller direkt p\u00e5 s\u00e4ngkl\u00e4derna f\u00f6r att stimulera en [&hellip;]<\/p>\n","protected":false},"featured_media":263316,"comment_status":"closed","ping_status":"open","template":"","meta":[],"product_brand":[27091],"product_cat":[11868,26035,25845,13648],"product_tag":[],"class_list":{"0":"post-217119","1":"product","2":"type-product","3":"status-publish","4":"has-post-thumbnail","6":"product_brand-ancient-wisdom","7":"product_cat-aromaterapi-och-rumsdofter","8":"product_cat-citronverbena","9":"product_cat-dofter-aromer","10":"product_cat-eteriska-oljor","11":"pa_collection-essential-oil-mists-100ml-sv","12":"pa_made-in-storbritannien","13":"pa_size-100ml","15":"first","16":"instock","17":"purchasable","18":"product-type-simple"},"supplier_id":null,"supplier_sku":"EOM-04","barcode":null,"atum_controlled":true,"out_stock_date":null,"out_stock_threshold":null,"inheritable":false,"inbound_stock":0,"stock_on_hold":0,"sold_today":0,"sales_last_days":0,"reserved_stock":0,"customer_returns":0,"warehouse_damage":0,"lost_in_post":0,"other_logs":0,"out_stock_days":0,"lost_sales":0,"has_location":false,"update_date":"2026-02-10T11:24:08","atum_locations":[],"atum_stock_status":"instock","restock_status":false,"low_stock_amount":"","sales_update_date":"2026-02-06T00:02:36","calc_backorders":null,"_links":{"self":[{"href":"https:\/\/aromasentia.com\/sv\/wp-json\/wp\/v2\/product\/217119","targetHints":{"allow":["GET"]}}],"collection":[{"href":"https:\/\/aromasentia.com\/sv\/wp-json\/wp\/v2\/product"}],"about":[{"href":"https:\/\/aromasentia.com\/sv\/wp-json\/wp\/v2\/types\/product"}],"replies":[{"embeddable":true,"href":"https:\/\/aromasentia.com\/sv\/wp-json\/wp\/v2\/comments?post=217119"}],"version-history":[{"count":0,"href":"https:\/\/aromasentia.com\/sv\/wp-json\/wp\/v2\/product\/217119\/revisions"}],"wp:featuredmedia":[{"embeddable":true,"href":"https:\/\/aromasentia.com\/sv\/wp-json\/wp\/v2\/media\/263316"}],"wp:attachment":[{"href":"https:\/\/aromasentia.com\/sv\/wp-json\/wp\/v2\/media?parent=217119"}],"wp:term":[{"taxonomy":"product_brand","embeddable":true,"href":"https:\/\/aromasentia.com\/sv\/wp-json\/wp\/v2\/product_brand?post=217119"},{"taxonomy":"product_cat","embeddable":true,"href":"https:\/\/aromasentia.com\/sv\/wp-json\/wp\/v2\/product_cat?post=217119"},{"taxonomy":"product_tag","embeddable":true,"href":"https:\/\/aromasentia.com\/sv\/wp-json\/wp\/v2\/product_tag?post=217119"}],"curies":[{"name":"wp","href":"https:\/\/api.w.org\/{rel}","templated":true}]}}