{"id":217117,"date":"2025-03-20T14:56:50","date_gmt":"2025-03-20T14:56:50","guid":{"rendered":"https:\/\/aromasentia.com\/product\/10x-10ml-blackpepper-essential-oil-unlabelled\/"},"modified":"2025-12-31T15:50:51","modified_gmt":"2025-12-31T15:50:51","slug":"svartpeppar-eterisk-olja-utan-etikett-10ml","status":"publish","type":"product","link":"https:\/\/aromasentia.com\/sv\/svartpeppar-eterisk-olja-utan-etikett-10ml\/","title":{"rendered":"Svartpeppar Eterisk Olja Utan Etikett 10ml"},"content":{"rendered":"<p><strong>Latinskt namn: <\/strong><em>Piper Nigrum<\/em><\/p>\n<p><strong>Del av v\u00e4xt som anv\u00e4nds: <\/strong><em>Pepparkorn<\/em><\/p>\n<p><strong>Ursprung: <\/strong><em>Indien<\/em><\/p>\n<p><strong>Extraktionsmetod: <\/strong><em>\u00c5ngdestillation<\/em><strong> <\/strong><\/p>\n<p>Grossist Svartpeppar Eterisk Olja \u00e4r en m\u00e5ngsidig olja som har en m\u00e4ngd olika anv\u00e4ndningsomr\u00e5den och f\u00f6rdelar. Denna eteriska olja inneh\u00e5ller naturliga kemikalier k\u00e4nda f\u00f6r sin antioxidantaktivitet och f\u00f6rm\u00e5gan att st\u00f6dja immunf\u00f6rsvaret n\u00e4r det beh\u00f6vs som mest. En av dess unika egenskaper \u00e4r f\u00f6rm\u00e5gan att ge en varm k\u00e4nsla n\u00e4r den appliceras lokalt. Denna faktor g\u00f6r den till en perfekt olja att anv\u00e4nda i en avslappnande massageblandning.<\/p>\n<p>Svartpeppar \u00e4r inf\u00f6dd till Malabarkusten i Indien och \u00e4r en av de tidigaste kryddorna som \u00e4r k\u00e4nda. Peppar anv\u00e4nds ofta som krydda runt om i v\u00e4rlden och s\u00e4gs ha en anv\u00e4ndning inom medicin f\u00f6r att lindra flatulens.&nbsp;<\/p>\n<p>Vill du lugna nerverna p\u00e5 ett effektivt s\u00e4tt? Svartpeppar Eterisk Olja \u00e4r utm\u00e4rkt f\u00f6r att d\u00e4mpa \u00e5ngest och orosk\u00e4nslor. N\u00e4r den anv\u00e4nds aromatiskt kan eterisk olja av svartpeppar hj\u00e4lpa dig att slappna av och lugna k\u00e4nslan av sp\u00e4nning.<\/p>\n<p><strong><span style=\"color: rgb(84, 172, 210);\">OBS: V\u00e5ra eteriska oljor \u00e4r inte l\u00e4mpliga f\u00f6r internt bruk.<\/span><\/strong><\/p>\n","protected":false},"excerpt":{"rendered":"<p>Latinskt namn: Piper Nigrum Del av v\u00e4xt som anv\u00e4nds: Pepparkorn Ursprung: Indien Extraktionsmetod: \u00c5ngdestillation Grossist Svartpeppar Eterisk Olja \u00e4r en m\u00e5ngsidig olja som har en m\u00e4ngd olika anv\u00e4ndningsomr\u00e5den och f\u00f6rdelar. Denna eteriska olja inneh\u00e5ller naturliga kemikalier k\u00e4nda f\u00f6r sin antioxidantaktivitet och f\u00f6rm\u00e5gan att st\u00f6dja immunf\u00f6rsvaret n\u00e4r det beh\u00f6vs som mest. En av dess unika egenskaper [&hellip;]<\/p>\n","protected":false},"featured_media":263876,"comment_status":"closed","ping_status":"open","template":"","meta":{"_angie_page":false},"product_brand":[27091],"product_cat":[11868,25845,13648,26892,26007],"product_tag":[],"class_list":{"0":"post-217117","1":"product","2":"type-product","3":"status-publish","4":"has-post-thumbnail","6":"product_brand-ancient-wisdom","7":"product_cat-aromaterapi-och-rumsdofter","8":"product_cat-dofter-aromer","9":"product_cat-eteriska-oljor","10":"product_cat-kryddig","11":"product_cat-svartpeppar","12":"pa_collection-gifts-unbranded-essential-oils-sv","13":"pa_made-in-indien","14":"pa_size-10ml","16":"first","17":"instock","18":"purchasable","19":"product-type-simple"},"supplier_id":null,"supplier_sku":"EOUL-15","barcode":null,"atum_controlled":true,"out_stock_date":null,"out_stock_threshold":null,"inheritable":false,"inbound_stock":null,"stock_on_hold":0,"sold_today":0,"sales_last_days":0,"reserved_stock":null,"customer_returns":null,"warehouse_damage":null,"lost_in_post":null,"other_logs":null,"out_stock_days":9,"lost_sales":0,"has_location":null,"update_date":"2026-04-27T07:01:40","atum_locations":[],"atum_stock_status":"instock","restock_status":false,"low_stock_amount":"","sales_update_date":"2026-01-30T01:24:54","calc_backorders":null,"_links":{"self":[{"href":"https:\/\/aromasentia.com\/sv\/wp-json\/wp\/v2\/product\/217117","targetHints":{"allow":["GET"]}}],"collection":[{"href":"https:\/\/aromasentia.com\/sv\/wp-json\/wp\/v2\/product"}],"about":[{"href":"https:\/\/aromasentia.com\/sv\/wp-json\/wp\/v2\/types\/product"}],"replies":[{"embeddable":true,"href":"https:\/\/aromasentia.com\/sv\/wp-json\/wp\/v2\/comments?post=217117"}],"version-history":[{"count":0,"href":"https:\/\/aromasentia.com\/sv\/wp-json\/wp\/v2\/product\/217117\/revisions"}],"wp:featuredmedia":[{"embeddable":true,"href":"https:\/\/aromasentia.com\/sv\/wp-json\/wp\/v2\/media\/263876"}],"wp:attachment":[{"href":"https:\/\/aromasentia.com\/sv\/wp-json\/wp\/v2\/media?parent=217117"}],"wp:term":[{"taxonomy":"product_brand","embeddable":true,"href":"https:\/\/aromasentia.com\/sv\/wp-json\/wp\/v2\/product_brand?post=217117"},{"taxonomy":"product_cat","embeddable":true,"href":"https:\/\/aromasentia.com\/sv\/wp-json\/wp\/v2\/product_cat?post=217117"},{"taxonomy":"product_tag","embeddable":true,"href":"https:\/\/aromasentia.com\/sv\/wp-json\/wp\/v2\/product_tag?post=217117"}],"curies":[{"name":"wp","href":"https:\/\/api.w.org\/{rel}","templated":true}]}}