{"id":217115,"date":"2025-03-20T14:56:50","date_gmt":"2025-03-20T14:56:50","guid":{"rendered":"https:\/\/aromasentia.com\/product\/10x-10ml-basil-essential-oil-unlabelled\/"},"modified":"2025-12-31T15:50:51","modified_gmt":"2025-12-31T15:50:51","slug":"basilika-eterisk-olja-utan-etikett-10ml","status":"publish","type":"product","link":"https:\/\/aromasentia.com\/sv\/basilika-eterisk-olja-utan-etikett-10ml\/","title":{"rendered":"Basilika Eterisk Olja Utan Etikett 10ml"},"content":{"rendered":"<p><strong>Latinskt namn: <\/strong>Ocimum Basilicum <\/p>\n<p><strong>Del av v\u00e4xt som anv\u00e4nds: <\/strong><em>Blommande \u00f6rt&nbsp;<\/em><\/p>\n<p><strong>Ursprung: <\/strong><em>Indien <\/em><\/p>\n<p><strong>Extraktionsmetod: <\/strong><em>\u00c5ngdestillation<\/em><strong> <\/strong><\/p>\n<p>Grossist Basilika Eterisk Olja \u00e4r \u00e5ngdestillerad fr\u00e5n l\u00f6v och blommande toppar av basilikaplantan. Denna gr\u00f6ngula, skarpluktande eteriska olja anv\u00e4nds ofta i aromaterapi f\u00f6r att v\u00e4cka sinnet, stabilisera nerverna och skapa klarhet i tankarna. Basilika kommer fr\u00e5n tropiska Asien och Stillahavs\u00f6arna, men odlas nu i hela Europa och USA.&nbsp;<\/p>\n<p>Basilikaolja s\u00e4gs vara terapeutisk f\u00f6r luftv\u00e4garna och anv\u00e4nds ofta mot astma, bronkit och bih\u00e5leinfektioner. Den anv\u00e4nds f\u00f6r att behandla nervst\u00f6rningar och stressrelaterad huvudv\u00e4rk och migr\u00e4n. Den \u00e4r t\u00e4nkt att lindra intellektuell tr\u00f6tthet, samtidigt som den ger klarhet och mental styrka. Denna olja s\u00e4gs lindra f\u00f6rstoppning, illam\u00e5ende, kr\u00e4kningar, magkramper och anses vara bra f\u00f6r menstruationsproblem. Den \u00e4r till hj\u00e4lp f\u00f6r att lindra gikt, eftersom den hj\u00e4lper till att minska urinsyra i blodet. Den hj\u00e4lper mot artrit, fr\u00e4schar upp huden och l\u00e4ker insektsbett. Men experter rekommenderar inte att gravida kvinnor och barn under 16 \u00e5r anv\u00e4nder denna olja.&nbsp;<\/p>\n<p>Denna \u00f6rt \u00e4r popul\u00e4r i Indien och har anv\u00e4nts vid b\u00f6ner och helande i hundratals \u00e5r. V\u00e4xtens blad tuggas som en del av b\u00f6neceremonier och bl\u00f6tl\u00e4ggs i kokosvatten eller heligt vatten f\u00f6r att delas ut efter b\u00f6ner i tempel. De tuggas f\u00f6r att lindra halsont och hosta. Ett avkok gjort av basilikal\u00f6v dricks f\u00f6r att lindra halsont och andningsproblem.&nbsp;<\/p>\n<p><strong><span style=\"color: rgb(84, 172, 210);\">OBS: V\u00e5ra eteriska oljor \u00e4r inte l\u00e4mpliga f\u00f6r internt bruk.<\/span><\/strong><\/p>\n","protected":false},"excerpt":{"rendered":"<p>Latinskt namn: Ocimum Basilicum Del av v\u00e4xt som anv\u00e4nds: Blommande \u00f6rt&nbsp; Ursprung: Indien Extraktionsmetod: \u00c5ngdestillation Grossist Basilika Eterisk Olja \u00e4r \u00e5ngdestillerad fr\u00e5n l\u00f6v och blommande toppar av basilikaplantan. Denna gr\u00f6ngula, skarpluktande eteriska olja anv\u00e4nds ofta i aromaterapi f\u00f6r att v\u00e4cka sinnet, stabilisera nerverna och skapa klarhet i tankarna. Basilika kommer fr\u00e5n tropiska Asien och Stillahavs\u00f6arna, [&hellip;]<\/p>\n","protected":false},"featured_media":263858,"comment_status":"closed","ping_status":"open","template":"","meta":{"_angie_page":false},"product_brand":[27091],"product_cat":[11868,26003,25845,13648,26864],"product_tag":[],"class_list":{"0":"post-217115","1":"product","2":"type-product","3":"status-publish","4":"has-post-thumbnail","6":"product_brand-ancient-wisdom","7":"product_cat-aromaterapi-och-rumsdofter","8":"product_cat-basilika","9":"product_cat-dofter-aromer","10":"product_cat-eteriska-oljor","11":"product_cat-ort-aromatisk","12":"pa_collection-gifts-unbranded-essential-oils-sv","13":"pa_made-in-indien","14":"pa_size-10ml","16":"first","17":"instock","18":"purchasable","19":"product-type-simple"},"supplier_id":null,"supplier_sku":"EOUL-13","barcode":null,"atum_controlled":true,"out_stock_date":null,"out_stock_threshold":null,"inheritable":false,"inbound_stock":0,"stock_on_hold":0,"sold_today":0,"sales_last_days":0,"reserved_stock":0,"customer_returns":0,"warehouse_damage":0,"lost_in_post":0,"other_logs":0,"out_stock_days":0,"lost_sales":0,"has_location":false,"update_date":"2026-04-27T07:01:40","atum_locations":[],"atum_stock_status":"instock","restock_status":false,"low_stock_amount":"","sales_update_date":"2026-01-30T01:25:53","calc_backorders":null,"_links":{"self":[{"href":"https:\/\/aromasentia.com\/sv\/wp-json\/wp\/v2\/product\/217115","targetHints":{"allow":["GET"]}}],"collection":[{"href":"https:\/\/aromasentia.com\/sv\/wp-json\/wp\/v2\/product"}],"about":[{"href":"https:\/\/aromasentia.com\/sv\/wp-json\/wp\/v2\/types\/product"}],"replies":[{"embeddable":true,"href":"https:\/\/aromasentia.com\/sv\/wp-json\/wp\/v2\/comments?post=217115"}],"version-history":[{"count":0,"href":"https:\/\/aromasentia.com\/sv\/wp-json\/wp\/v2\/product\/217115\/revisions"}],"wp:featuredmedia":[{"embeddable":true,"href":"https:\/\/aromasentia.com\/sv\/wp-json\/wp\/v2\/media\/263858"}],"wp:attachment":[{"href":"https:\/\/aromasentia.com\/sv\/wp-json\/wp\/v2\/media?parent=217115"}],"wp:term":[{"taxonomy":"product_brand","embeddable":true,"href":"https:\/\/aromasentia.com\/sv\/wp-json\/wp\/v2\/product_brand?post=217115"},{"taxonomy":"product_cat","embeddable":true,"href":"https:\/\/aromasentia.com\/sv\/wp-json\/wp\/v2\/product_cat?post=217115"},{"taxonomy":"product_tag","embeddable":true,"href":"https:\/\/aromasentia.com\/sv\/wp-json\/wp\/v2\/product_tag?post=217115"}],"curies":[{"name":"wp","href":"https:\/\/api.w.org\/{rel}","templated":true}]}}