{"id":217108,"date":"2025-03-20T14:56:50","date_gmt":"2025-03-20T14:56:50","guid":{"rendered":"https:\/\/aromasentia.com\/product\/10x-10ml-ylang-ylang-i-essential-oil-unlabelled\/"},"modified":"2025-12-31T15:50:51","modified_gmt":"2025-12-31T15:50:51","slug":"ylang-ylang-i-eterisk-olja-utan-etikett-10ml","status":"publish","type":"product","link":"https:\/\/aromasentia.com\/sv\/ylang-ylang-i-eterisk-olja-utan-etikett-10ml\/","title":{"rendered":"Ylang Ylang I Eterisk Olja Utan Etikett 10ml"},"content":{"rendered":"<p><strong>Latinskt namn: <\/strong><em>Cananga Odorata <\/em><\/p>\n<p><strong>Del av v\u00e4xt som anv\u00e4nds: <\/strong><em>Blommor<\/em><\/p>\n<p><strong>Ursprung: <\/strong><em>Komorerna<\/em><\/p>\n<p><strong>Extraktionsmetod: <\/strong><em>\u00c5ngdestillation<\/em><strong> <\/strong><\/p>\n<p>Ylang Ylang \u00e4r ett stort tr\u00e4d med ursprung i de avl\u00e4gsna \u00f6stl\u00e4nderna som Malaysia, Filippinerna och Indonesien. Dess gula blommor \u00e4r starkt doftande och har l\u00e5nga sl\u00e4pande kronblad. Den eteriska oljan som framst\u00e4lls av den finns tillg\u00e4nglig i \u00f6verfl\u00f6d och \u00e4r d\u00e4rf\u00f6r den billigaste, men \u00e4r mycket gynnad f\u00f6r sin doft inom parfym- och kosmetikaindustrin och den anv\u00e4nds \u00e4ven i livsmedelsindustrin idag.&nbsp;<\/p>\n<p>Enligt vetenskapen \u00e4r Grossist Ylang Ylang Eterisk Olja mentalt stimulerande. D\u00e4remot anser man inom aromaterapi att denna olja \u00e4r en av de b\u00e4sta p\u00e5 att slappna av f\u00f6r b\u00e5de sinnet och kroppen. Att bara lukta p\u00e5 den tros hj\u00e4lpa till att s\u00e4nka blodtrycket. Att ta ett bad med oljan eller anv\u00e4nda den i en massageolja f\u00f6rst\u00e4rker naturligtvis avslappningsupplevelsen. Den anv\u00e4nds f\u00f6r att lindra stress, depression, chock eller \u00e5ngest. N\u00e4r den anv\u00e4nds som h\u00e5rtonic ska den balansera oljeproduktionen. T\u00e4nk dock p\u00e5 att f\u00f6r h\u00f6ga koncentrationer av Ylang Ylang kan orsaka huvudv\u00e4rk eller illam\u00e5ende.&nbsp;<\/p>\n<p>Ylang Ylang betyder blommornas blomma p\u00e5 malajiska och var traditionellt t\u00e4nkt som ett afrodisiakum och en avslappnande doft, s\u00e5 blommorna i detta tr\u00e4d str\u00f6ddes p\u00e5 \u00e4ktenskapsb\u00e4dden hos ett nygift par i Indonesien. Muslimska kvinnor brukade br\u00e4nna denna olja f\u00f6r att dofta sina harem, den del av palatset som \u00e4r reserverad f\u00f6r kvinnor. I Kina anv\u00e4ndes doften f\u00f6r att rena mandarinens dr\u00e4kter. Ylang Ylang Eterisk Olja har f\u00f6rknippats med parfymer och avslappning under l\u00e5ng tid.&nbsp;<\/p>\n<p><strong><span style=\"color: rgb(84, 172, 210);\">OBS: V\u00e5ra eteriska oljor \u00e4r inte l\u00e4mpliga f\u00f6r internt bruk.<\/span><\/strong><\/p>\n","protected":false},"excerpt":{"rendered":"<p>Latinskt namn: Cananga Odorata Del av v\u00e4xt som anv\u00e4nds: Blommor Ursprung: Komorerna Extraktionsmetod: \u00c5ngdestillation Ylang Ylang \u00e4r ett stort tr\u00e4d med ursprung i de avl\u00e4gsna \u00f6stl\u00e4nderna som Malaysia, Filippinerna och Indonesien. Dess gula blommor \u00e4r starkt doftande och har l\u00e5nga sl\u00e4pande kronblad. Den eteriska oljan som framst\u00e4lls av den finns tillg\u00e4nglig i \u00f6verfl\u00f6d och \u00e4r [&hellip;]<\/p>\n","protected":false},"featured_media":263795,"comment_status":"closed","ping_status":"open","template":"","meta":{"_angie_page":false},"product_brand":[27091],"product_cat":[11868,26836,25845,13648,26074],"product_tag":[],"class_list":{"0":"post-217108","1":"product","2":"type-product","3":"status-publish","4":"has-post-thumbnail","6":"product_brand-ancient-wisdom","7":"product_cat-aromaterapi-och-rumsdofter","8":"product_cat-blommig","9":"product_cat-dofter-aromer","10":"product_cat-eteriska-oljor","11":"product_cat-ylang-ylang","12":"pa_collection-gifts-unbranded-essential-oils-sv","13":"pa_made-in-komorerna","14":"pa_size-10ml","16":"first","17":"instock","18":"purchasable","19":"product-type-simple"},"supplier_id":null,"supplier_sku":"EOUL-06","barcode":null,"atum_controlled":true,"out_stock_date":null,"out_stock_threshold":null,"inheritable":false,"inbound_stock":0,"stock_on_hold":0,"sold_today":0,"sales_last_days":0,"reserved_stock":0,"customer_returns":0,"warehouse_damage":0,"lost_in_post":0,"other_logs":0,"out_stock_days":0,"lost_sales":0,"has_location":false,"update_date":"2026-05-11T01:55:51","atum_locations":[],"atum_stock_status":"instock","restock_status":false,"low_stock_amount":"","sales_update_date":"2026-01-30T01:26:38","calc_backorders":null,"_links":{"self":[{"href":"https:\/\/aromasentia.com\/sv\/wp-json\/wp\/v2\/product\/217108","targetHints":{"allow":["GET"]}}],"collection":[{"href":"https:\/\/aromasentia.com\/sv\/wp-json\/wp\/v2\/product"}],"about":[{"href":"https:\/\/aromasentia.com\/sv\/wp-json\/wp\/v2\/types\/product"}],"replies":[{"embeddable":true,"href":"https:\/\/aromasentia.com\/sv\/wp-json\/wp\/v2\/comments?post=217108"}],"version-history":[{"count":0,"href":"https:\/\/aromasentia.com\/sv\/wp-json\/wp\/v2\/product\/217108\/revisions"}],"wp:featuredmedia":[{"embeddable":true,"href":"https:\/\/aromasentia.com\/sv\/wp-json\/wp\/v2\/media\/263795"}],"wp:attachment":[{"href":"https:\/\/aromasentia.com\/sv\/wp-json\/wp\/v2\/media?parent=217108"}],"wp:term":[{"taxonomy":"product_brand","embeddable":true,"href":"https:\/\/aromasentia.com\/sv\/wp-json\/wp\/v2\/product_brand?post=217108"},{"taxonomy":"product_cat","embeddable":true,"href":"https:\/\/aromasentia.com\/sv\/wp-json\/wp\/v2\/product_cat?post=217108"},{"taxonomy":"product_tag","embeddable":true,"href":"https:\/\/aromasentia.com\/sv\/wp-json\/wp\/v2\/product_tag?post=217108"}],"curies":[{"name":"wp","href":"https:\/\/api.w.org\/{rel}","templated":true}]}}