{"id":217103,"date":"2025-03-20T14:57:05","date_gmt":"2025-03-20T14:57:05","guid":{"rendered":"https:\/\/aromasentia.com\/product\/10x-10ml-lime-essential-oil-unlabelled\/"},"modified":"2025-12-31T15:50:43","modified_gmt":"2025-12-31T15:50:43","slug":"lime-eterisk-olja-utan-etikett-10ml","status":"publish","type":"product","link":"https:\/\/aromasentia.com\/sv\/lime-eterisk-olja-utan-etikett-10ml\/","title":{"rendered":"Lime Eterisk Olja Utan Etikett 10ml"},"content":{"rendered":"<p><strong>Latinskt namn: <\/strong><em>Citrus Aurantifolia<\/em><\/p>\n<p><strong>Del av v\u00e4xt som anv\u00e4nds:&nbsp;<\/strong><em>Fruktskal<\/em><\/p>\n<p><strong>Ursprung:&nbsp;<\/strong><em>Mexiko<\/em><\/p>\n<p><strong>Extraktionsmetod: <\/strong><em>Kallpressning<\/em><\/p>\n<p>Grossist Lime Eterisk Olja erh\u00e5lls fr\u00e5n Citrus Aurantifolia, \u00e4ven k\u00e4nd som mexikansk eller v\u00e4stindisk lime, samt sur lime. Oljan extraheras fr\u00e5n skalet p\u00e5 den omogna frukten genom kallpressnig eller fr\u00e5n skalet och\/eller hela den mogna frukten genom \u00e5ngdestillation. Limeolja har en skarp doft av citrus som omedelbart piggar upp ens hum\u00f6r n\u00e4r man luktar p\u00e5 den. Dess f\u00e4rg varierar fr\u00e5n blekgul till ljus olivf\u00e4rgad.&nbsp;<\/p>\n<p>N\u00e4r limeolja anv\u00e4nds i en oljebr\u00e4nnare stimulerar den ett tr\u00f6tt sinne och hj\u00e4lper till att lindra \u00e5ngest, apati och depression. Den \u00e4r anv\u00e4ndbar f\u00f6r att minska feber i samband med f\u00f6rkylningar, halsont och influensa. Den st\u00e4rker immunf\u00f6rsvaret samtidigt som den lindrar hosta, bronkit, bih\u00e5leinflammation och astma. Den s\u00e4gs vara till hj\u00e4lp f\u00f6r artrit, reumatism och d\u00e5lig cirkulation, samt mot fetma och celluliter. Denna olja \u00e4r bra f\u00f6r huden; den minskar oljighet och akne, hj\u00e4lper mot herpes, insektsbett och sk\u00e4rs\u00e5r. Oljan som erh\u00e5lls genom kallpressning (till skyllnad fr\u00e5n \u00e5ngdestillation) kan dock orsaka ljusk\u00e4nslighet och irritera huden.&nbsp;<\/p>\n<p>Limefrukter kommer ursprungligen fr\u00e5n Asien, men de odlas nu i de flesta varma l\u00e4nder som Italien, V\u00e4stindien och Amerika. Limen \u00e4r gr\u00f6n n\u00e4r den \u00e4r r\u00e5 och mognar till gul, och \u00e4r vanligtvis cirka fem centimeter i diameter. Den introducerades i Europa av morerna och d\u00e4rifr\u00e5n migrerade den till Amerika. Lime s\u00e4gs ha ett l\u00e4gre C-vitamininneh\u00e5ll \u00e4n vad citroner har. M\u00e4nniskor bar ofta lime p\u00e5 l\u00e5nga fartygsresor f\u00f6r att f\u00f6rhindra att sj\u00f6m\u00e4n f\u00e5r sk\u00f6rbjugg av C-vitaminbrist.&nbsp;<\/p>\n<p><strong><span style=\"color: rgb(84, 172, 210);\">OBS: V\u00e5ra eteriska oljor \u00e4r inte l\u00e4mpliga f\u00f6r internt bruk.<\/span><\/strong><\/p>\n","protected":false},"excerpt":{"rendered":"<p>Latinskt namn: Citrus Aurantifolia Del av v\u00e4xt som anv\u00e4nds:&nbsp;Fruktskal Ursprung:&nbsp;Mexiko Extraktionsmetod: Kallpressning Grossist Lime Eterisk Olja erh\u00e5lls fr\u00e5n Citrus Aurantifolia, \u00e4ven k\u00e4nd som mexikansk eller v\u00e4stindisk lime, samt sur lime. Oljan extraheras fr\u00e5n skalet p\u00e5 den omogna frukten genom kallpressnig eller fr\u00e5n skalet och\/eller hela den mogna frukten genom \u00e5ngdestillation. Limeolja har en skarp doft [&hellip;]<\/p>\n","protected":false},"featured_media":263984,"comment_status":"closed","ping_status":"open","template":"","meta":{"_angie_page":false},"product_brand":[27091],"product_cat":[11868,25845,13648,26037],"product_tag":[],"class_list":{"0":"post-217103","1":"product","2":"type-product","3":"status-publish","4":"has-post-thumbnail","6":"product_brand-ancient-wisdom","7":"product_cat-aromaterapi-och-rumsdofter","8":"product_cat-dofter-aromer","9":"product_cat-eteriska-oljor","10":"product_cat-lime","11":"pa_collection-gifts-unbranded-essential-oils-sv","12":"pa_made-in-mexiko","13":"pa_size-10ml","15":"first","16":"instock","17":"purchasable","18":"product-type-simple"},"supplier_id":null,"supplier_sku":"EOUL-29","barcode":null,"atum_controlled":true,"out_stock_date":null,"out_stock_threshold":null,"inheritable":false,"inbound_stock":null,"stock_on_hold":0,"sold_today":0,"sales_last_days":0,"reserved_stock":null,"customer_returns":null,"warehouse_damage":null,"lost_in_post":null,"other_logs":null,"out_stock_days":0,"lost_sales":0,"has_location":null,"update_date":"2026-04-27T07:01:47","atum_locations":[],"atum_stock_status":"instock","restock_status":false,"low_stock_amount":"","sales_update_date":"2026-01-30T01:26:03","calc_backorders":null,"_links":{"self":[{"href":"https:\/\/aromasentia.com\/sv\/wp-json\/wp\/v2\/product\/217103","targetHints":{"allow":["GET"]}}],"collection":[{"href":"https:\/\/aromasentia.com\/sv\/wp-json\/wp\/v2\/product"}],"about":[{"href":"https:\/\/aromasentia.com\/sv\/wp-json\/wp\/v2\/types\/product"}],"replies":[{"embeddable":true,"href":"https:\/\/aromasentia.com\/sv\/wp-json\/wp\/v2\/comments?post=217103"}],"version-history":[{"count":0,"href":"https:\/\/aromasentia.com\/sv\/wp-json\/wp\/v2\/product\/217103\/revisions"}],"wp:featuredmedia":[{"embeddable":true,"href":"https:\/\/aromasentia.com\/sv\/wp-json\/wp\/v2\/media\/263984"}],"wp:attachment":[{"href":"https:\/\/aromasentia.com\/sv\/wp-json\/wp\/v2\/media?parent=217103"}],"wp:term":[{"taxonomy":"product_brand","embeddable":true,"href":"https:\/\/aromasentia.com\/sv\/wp-json\/wp\/v2\/product_brand?post=217103"},{"taxonomy":"product_cat","embeddable":true,"href":"https:\/\/aromasentia.com\/sv\/wp-json\/wp\/v2\/product_cat?post=217103"},{"taxonomy":"product_tag","embeddable":true,"href":"https:\/\/aromasentia.com\/sv\/wp-json\/wp\/v2\/product_tag?post=217103"}],"curies":[{"name":"wp","href":"https:\/\/api.w.org\/{rel}","templated":true}]}}