{"id":217101,"date":"2025-03-20T14:57:05","date_gmt":"2025-03-20T14:57:05","guid":{"rendered":"https:\/\/aromasentia.com\/product\/10x-10ml-juniperberry-essential-oil-unlabelled\/"},"modified":"2025-12-31T15:50:43","modified_gmt":"2025-12-31T15:50:43","slug":"enbar-eterisk-olja-utan-etikett-10ml","status":"publish","type":"product","link":"https:\/\/aromasentia.com\/sv\/enbar-eterisk-olja-utan-etikett-10ml\/","title":{"rendered":"Enb\u00e4r Eterisk Olja Utan Etikett 10ml"},"content":{"rendered":"<p><strong>Latinskt namn: <\/strong><em>Juniperus Communis <\/em><\/p>\n<p><strong>Del av v\u00e4xt som anv\u00e4nds: <\/strong><em>B\u00e4r <\/em><\/p>\n<p><strong>Ursprung: <\/strong><em>Makedonien <\/em><\/p>\n<p><strong>Extraktionsmetod: <\/strong><em>\u00c5ngdestillation<\/em><strong> <\/strong><\/p>\n<p>Grossist Enb\u00e4r Eterisk Olja, som \u00e4r utvunnen fr\u00e5n b\u00e4ren fr\u00e5n ett barrtr\u00e4d, \u00e4r k\u00e4nd f\u00f6r sina m\u00e5ngsidiga anv\u00e4ndningsomr\u00e5den och f\u00f6rdelar. Doften av enb\u00e4rsolja \u00e4r tr\u00e4ig, kryddig och ren. N\u00e4r den anv\u00e4nds f\u00f6r sin arom, har Enb\u00e4r Eterisk Olja en lugnande och jordande effekt och kan \u00e4ven spridas f\u00f6r att hj\u00e4lpa till att rena luften.&nbsp;<\/p>\n<p>Enb\u00e4r \u00e4r ett naturligt antiseptiskt medel, liksom den eteriska oljan. En rumsdimma\/luftfr\u00e4schare gjord med enb\u00e4roljan kan hj\u00e4lpa till att d\u00f6da luftburna bakterier.&nbsp;<\/p>\n<p><strong><span style=\"color: rgb(84, 172, 210);\">OBS: V\u00e5ra eteriska oljor \u00e4r inte l\u00e4mpliga f\u00f6r internt bruk.<\/span><\/strong><\/p>\n","protected":false},"excerpt":{"rendered":"<p>Latinskt namn: Juniperus Communis Del av v\u00e4xt som anv\u00e4nds: B\u00e4r Ursprung: Makedonien Extraktionsmetod: \u00c5ngdestillation Grossist Enb\u00e4r Eterisk Olja, som \u00e4r utvunnen fr\u00e5n b\u00e4ren fr\u00e5n ett barrtr\u00e4d, \u00e4r k\u00e4nd f\u00f6r sina m\u00e5ngsidiga anv\u00e4ndningsomr\u00e5den och f\u00f6rdelar. Doften av enb\u00e4rsolja \u00e4r tr\u00e4ig, kryddig och ren. N\u00e4r den anv\u00e4nds f\u00f6r sin arom, har Enb\u00e4r Eterisk Olja en lugnande och [&hellip;]<\/p>\n","protected":false},"featured_media":263966,"comment_status":"closed","ping_status":"open","template":"","meta":{"_angie_page":false},"product_brand":[27091],"product_cat":[11868,25845,26031,13648,26899],"product_tag":[],"class_list":{"0":"post-217101","1":"product","2":"type-product","3":"status-publish","4":"has-post-thumbnail","6":"product_brand-ancient-wisdom","7":"product_cat-aromaterapi-och-rumsdofter","8":"product_cat-dofter-aromer","9":"product_cat-enbar","10":"product_cat-eteriska-oljor","11":"product_cat-traig","12":"pa_collection-gifts-unbranded-essential-oils-sv","13":"pa_made-in-kroatien","14":"pa_size-10ml","16":"first","17":"instock","18":"purchasable","19":"product-type-simple"},"supplier_id":null,"supplier_sku":"EOUL-27","barcode":null,"atum_controlled":true,"out_stock_date":null,"out_stock_threshold":null,"inheritable":false,"inbound_stock":null,"stock_on_hold":0,"sold_today":0,"sales_last_days":0,"reserved_stock":null,"customer_returns":null,"warehouse_damage":null,"lost_in_post":null,"other_logs":null,"out_stock_days":9,"lost_sales":0,"has_location":null,"update_date":"2026-04-27T07:01:47","atum_locations":[],"atum_stock_status":"instock","restock_status":false,"low_stock_amount":"","sales_update_date":"2026-01-30T01:25:01","calc_backorders":null,"_links":{"self":[{"href":"https:\/\/aromasentia.com\/sv\/wp-json\/wp\/v2\/product\/217101","targetHints":{"allow":["GET"]}}],"collection":[{"href":"https:\/\/aromasentia.com\/sv\/wp-json\/wp\/v2\/product"}],"about":[{"href":"https:\/\/aromasentia.com\/sv\/wp-json\/wp\/v2\/types\/product"}],"replies":[{"embeddable":true,"href":"https:\/\/aromasentia.com\/sv\/wp-json\/wp\/v2\/comments?post=217101"}],"version-history":[{"count":0,"href":"https:\/\/aromasentia.com\/sv\/wp-json\/wp\/v2\/product\/217101\/revisions"}],"wp:featuredmedia":[{"embeddable":true,"href":"https:\/\/aromasentia.com\/sv\/wp-json\/wp\/v2\/media\/263966"}],"wp:attachment":[{"href":"https:\/\/aromasentia.com\/sv\/wp-json\/wp\/v2\/media?parent=217101"}],"wp:term":[{"taxonomy":"product_brand","embeddable":true,"href":"https:\/\/aromasentia.com\/sv\/wp-json\/wp\/v2\/product_brand?post=217101"},{"taxonomy":"product_cat","embeddable":true,"href":"https:\/\/aromasentia.com\/sv\/wp-json\/wp\/v2\/product_cat?post=217101"},{"taxonomy":"product_tag","embeddable":true,"href":"https:\/\/aromasentia.com\/sv\/wp-json\/wp\/v2\/product_tag?post=217101"}],"curies":[{"name":"wp","href":"https:\/\/api.w.org\/{rel}","templated":true}]}}