{"id":217091,"date":"2025-03-20T14:57:34","date_gmt":"2025-03-20T14:57:34","guid":{"rendered":"https:\/\/aromasentia.com\/product\/10x-10ml-thyme-white-essential-oil-unlabelled\/"},"modified":"2025-12-31T15:50:36","modified_gmt":"2025-12-31T15:50:36","slug":"timjan-vit-eterisk-olja-utan-etikett-10ml","status":"publish","type":"product","link":"https:\/\/aromasentia.com\/sv\/timjan-vit-eterisk-olja-utan-etikett-10ml\/","title":{"rendered":"Timjan (Vit) Eterisk Olja Utan Etikett 10ml"},"content":{"rendered":"<p><strong>Latinskt namn: <\/strong><em>Thymus Vulgaris <\/em><\/p>\n<p><strong>Del av v\u00e4xt som anv\u00e4nds:<\/strong><em>&nbsp;Blad och blommande toppar <\/em><\/p>\n<p><strong>Ursprung: <\/strong><em>Spanien <\/em><\/p>\n<p><strong>Extraktionsmetod: <\/strong><em>\u00c5ngdestillation<\/em><strong> <\/strong><\/p>\n<p>Timjan eterisk olja har svampd\u00f6dande, antiinflammatoriska och antibakteriella egenskaper. Den anv\u00e4nds ofta som konserveringsmedel i livsmedel och kosmetika.&nbsp;<\/p>\n<p>H\u00e4lsof\u00f6rdelarna med denna eteriska timjanolja kan tillskrivas dess egenskaper som en krampl\u00f6sande, antireumatisk, antiseptisk, bakteried\u00f6dande, hostd\u00e4mpande, hj\u00e4rtst\u00f6djande, karminativ, cicatriserande, diuretikum, emmenagogisk, sleml\u00f6sande, blodtrycksreglerande, insekticid, och stimulerande substans.&nbsp;<\/p>\n<p>En av de stimulerande komponenterna i Timjan Vit Eterisk Olja kan hj\u00e4lpa till att f\u00f6rb\u00e4ttra cirkulationen i din kropp, vilket \u00f6kar l\u00e4kningen och blodfl\u00f6det till omr\u00e5den som beh\u00f6ver syres\u00e4ttning. Detta kan ocks\u00e5 skydda hj\u00e4rtat och minska dina risker f\u00f6r blodproppar, samtidigt som det hj\u00e4lper till att h\u00e5lla dig aktiv.&nbsp;<\/p>\n<p>Lokal applicering av Timjan Eterisk Olja \u00e4r mycket popul\u00e4r p\u00e5 huden, eftersom den kan l\u00e4ka s\u00e5r och \u00e4rr, f\u00f6rhindra inflammatorisk sm\u00e4rta, \u00e5terfukta huden och till och med minimera uppkomsten av akne. Blandningen av antiseptiska egenskaper och antioxidantstimulerande medel i denna olja kan h\u00e5lla din hud klar, frisk och ung n\u00e4r du \u00e5ldras.<\/p>\n<p>Det finns tv\u00e5 huvudorsaker bakom reumatism, artrit och gikt. Den f\u00f6rsta \u00e4r felaktig eller blockerad cirkulation och den andra \u00e4r en \u00f6kande koncentration av toxiner som urinsyra i blodomloppet. Timjan Eterisk Olja kan l\u00f6sa b\u00e5da dessa problem. Eftersom den \u00e4r ett diuretikum, \u00f6kar den urinering och hj\u00e4lper till att avl\u00e4gsna gifter fr\u00e5n kroppen.&nbsp;<\/p>\n<p><strong><span style=\"color: rgb(84, 172, 210);\">OBS: V\u00e5ra eteriska oljor \u00e4r inte l\u00e4mpliga f\u00f6r internt bruk.<\/span><\/strong><\/p>\n","protected":false},"excerpt":{"rendered":"<p>Latinskt namn: Thymus Vulgaris Del av v\u00e4xt som anv\u00e4nds:&nbsp;Blad och blommande toppar Ursprung: Spanien Extraktionsmetod: \u00c5ngdestillation Timjan eterisk olja har svampd\u00f6dande, antiinflammatoriska och antibakteriella egenskaper. Den anv\u00e4nds ofta som konserveringsmedel i livsmedel och kosmetika.&nbsp; H\u00e4lsof\u00f6rdelarna med denna eteriska timjanolja kan tillskrivas dess egenskaper som en krampl\u00f6sande, antireumatisk, antiseptisk, bakteried\u00f6dande, hostd\u00e4mpande, hj\u00e4rtst\u00f6djande, karminativ, cicatriserande, diuretikum, emmenagogisk, [&hellip;]<\/p>\n","protected":false},"featured_media":264110,"comment_status":"closed","ping_status":"open","template":"","meta":{"_angie_page":false},"product_brand":[27091],"product_cat":[11868,25845,13648,26864,26058],"product_tag":[],"class_list":{"0":"post-217091","1":"product","2":"type-product","3":"status-publish","4":"has-post-thumbnail","6":"product_brand-ancient-wisdom","7":"product_cat-aromaterapi-och-rumsdofter","8":"product_cat-dofter-aromer","9":"product_cat-eteriska-oljor","10":"product_cat-ort-aromatisk","11":"product_cat-rod-timjan","12":"pa_collection-gifts-unbranded-essential-oils-sv","13":"pa_made-in-spanien","14":"pa_size-10ml","16":"first","17":"outofstock","18":"purchasable","19":"product-type-simple"},"supplier_id":null,"supplier_sku":"EOUL-46","barcode":null,"atum_controlled":true,"out_stock_date":"2025-10-09 15:09:21","out_stock_threshold":null,"inheritable":false,"inbound_stock":null,"stock_on_hold":0,"sold_today":0,"sales_last_days":0,"reserved_stock":null,"customer_returns":null,"warehouse_damage":null,"lost_in_post":null,"other_logs":null,"out_stock_days":112,"lost_sales":0,"has_location":null,"update_date":"2026-01-30T01:25:21","atum_locations":[],"atum_stock_status":"outofstock","restock_status":false,"low_stock_amount":"","sales_update_date":"2026-01-30T01:25:21","calc_backorders":null,"_links":{"self":[{"href":"https:\/\/aromasentia.com\/sv\/wp-json\/wp\/v2\/product\/217091","targetHints":{"allow":["GET"]}}],"collection":[{"href":"https:\/\/aromasentia.com\/sv\/wp-json\/wp\/v2\/product"}],"about":[{"href":"https:\/\/aromasentia.com\/sv\/wp-json\/wp\/v2\/types\/product"}],"replies":[{"embeddable":true,"href":"https:\/\/aromasentia.com\/sv\/wp-json\/wp\/v2\/comments?post=217091"}],"version-history":[{"count":0,"href":"https:\/\/aromasentia.com\/sv\/wp-json\/wp\/v2\/product\/217091\/revisions"}],"wp:featuredmedia":[{"embeddable":true,"href":"https:\/\/aromasentia.com\/sv\/wp-json\/wp\/v2\/media\/264110"}],"wp:attachment":[{"href":"https:\/\/aromasentia.com\/sv\/wp-json\/wp\/v2\/media?parent=217091"}],"wp:term":[{"taxonomy":"product_brand","embeddable":true,"href":"https:\/\/aromasentia.com\/sv\/wp-json\/wp\/v2\/product_brand?post=217091"},{"taxonomy":"product_cat","embeddable":true,"href":"https:\/\/aromasentia.com\/sv\/wp-json\/wp\/v2\/product_cat?post=217091"},{"taxonomy":"product_tag","embeddable":true,"href":"https:\/\/aromasentia.com\/sv\/wp-json\/wp\/v2\/product_tag?post=217091"}],"curies":[{"name":"wp","href":"https:\/\/api.w.org\/{rel}","templated":true}]}}