{"id":217090,"date":"2025-03-20T14:57:34","date_gmt":"2025-03-20T14:57:34","guid":{"rendered":"https:\/\/aromasentia.com\/product\/10x-10ml-pine-sylvestris-essential-oil-unlabelled\/"},"modified":"2025-12-31T15:50:36","modified_gmt":"2025-12-31T15:50:36","slug":"tall-sylvestris-eterisk-olja-utan-etikett-10ml","status":"publish","type":"product","link":"https:\/\/aromasentia.com\/sv\/tall-sylvestris-eterisk-olja-utan-etikett-10ml\/","title":{"rendered":"Tall Sylvestris Eterisk Olja Utan Etikett 10ml"},"content":{"rendered":"<p><strong>Latinskt namn:&nbsp;<\/strong><em>Pinus Sylvestris<\/em><\/p>\n<p><strong>Del av v\u00e4xt som anv\u00e4nds: <\/strong><em>Barr<\/em><\/p>\n<p><strong>Ursprung:&nbsp;<\/strong><em>Sibirien<\/em><\/p>\n<p><strong>Extraktionsmetod:&nbsp;<\/strong><em>Torrdestillation<\/em><\/p>\n<p>H\u00e4lsof\u00f6rdelarna med Tall Sylvestris Eterisk Olja inkluderar f\u00f6rm\u00e5gan att minska inflammation och tillh\u00f6rande rodnad, skydda mot bih\u00e5leinfektioner, rensa slem, bota hudtillst\u00e5nd som eksem och psoriasis, st\u00e4rka immunf\u00f6rsvaret, bek\u00e4mpa svamp- och virusinfektioner, stimulera sinnet och kroppen samt skydda ditt hem och din kropp fr\u00e5n en m\u00e4ngd olika bakterier.&nbsp;<\/p>\n<p>De m\u00e5nga h\u00e4lsof\u00f6rdelarna med Tall Sylvestris Eterisk Olja har gjort den till en av de viktigaste eteriska oljorna som anv\u00e4nds i aromaterapi. Den fungerar bra tillsammans med m\u00e5nga andra oljor inklusive cedertr\u00e4, rosmarin, lavandin, salvia, labdanum och enb\u00e4r, och d\u00e4rf\u00f6r kan den anv\u00e4ndas i stor utstr\u00e4ckning f\u00f6r att g\u00f6ra aromaterapipreparat. Den har mycket l\u00e5g toxicitet f\u00f6r m\u00e4nniskor, s\u00e5 den \u00e4r en av de s\u00e4krare eteriska oljorna, \u00e4ven om vissa m\u00e4nniskor \u00e4r k\u00e4nsliga och kan drabbas av mild luftv\u00e4gsirritation n\u00e4r de andas in f\u00f6r mycket av denna starka olja.&nbsp;<\/p>\n<p>Oljan erh\u00e5lls fr\u00e5n tr\u00e4det allm\u00e4nt k\u00e4nt som tall, som har det latinska eller vetenskapliga namnet Pinus Sylvestris. Man tror att detta tr\u00e4d hade sitt ursprung i \u00d6sterrike och Ryssland innan det spred sig till olika delar av v\u00e4rlden. Om du fortfarande inte \u00e4r s\u00e4ker p\u00e5 vilket tr\u00e4d vi syftar p\u00e5, har du f\u00f6rmodligen sett det anv\u00e4ndas som julgran \u00f6ver hela v\u00e4rlden. En av anledningarna till att tallolja har blivit ett s\u00e5 viktigt inslag i komplement\u00e4r medicin \u00e4r dess tillg\u00e4nglighet. Det \u00e4r relativt l\u00e4tt att tillverka den och tallar v\u00e4xer i enorma antal \u00f6ver hela v\u00e4rlden.&nbsp;<\/p>\n<p><strong><span style=\"color: rgb(84, 172, 210);\">OBS: V\u00e5ra eteriska oljor \u00e4r inte l\u00e4mpliga f\u00f6r internt bruk.<\/span><\/strong><\/p>\n","protected":false},"excerpt":{"rendered":"<p>Latinskt namn:&nbsp;Pinus Sylvestris Del av v\u00e4xt som anv\u00e4nds: Barr Ursprung:&nbsp;Sibirien Extraktionsmetod:&nbsp;Torrdestillation H\u00e4lsof\u00f6rdelarna med Tall Sylvestris Eterisk Olja inkluderar f\u00f6rm\u00e5gan att minska inflammation och tillh\u00f6rande rodnad, skydda mot bih\u00e5leinfektioner, rensa slem, bota hudtillst\u00e5nd som eksem och psoriasis, st\u00e4rka immunf\u00f6rsvaret, bek\u00e4mpa svamp- och virusinfektioner, stimulera sinnet och kroppen samt skydda ditt hem och din kropp fr\u00e5n en [&hellip;]<\/p>\n","protected":false},"featured_media":264101,"comment_status":"closed","ping_status":"open","template":"","meta":{"_angie_page":false},"product_brand":[27091],"product_cat":[11868,25845,13648,26055,26899],"product_tag":[],"class_list":{"0":"post-217090","1":"product","2":"type-product","3":"status-publish","4":"has-post-thumbnail","6":"product_brand-ancient-wisdom","7":"product_cat-aromaterapi-och-rumsdofter","8":"product_cat-dofter-aromer","9":"product_cat-eteriska-oljor","10":"product_cat-tall-pinus-sylvestris","11":"product_cat-traig","12":"pa_collection-gifts-unbranded-essential-oils-sv","13":"pa_made-in-serbien","14":"pa_size-10ml","16":"first","17":"instock","18":"purchasable","19":"product-type-simple"},"supplier_id":null,"supplier_sku":"EOUL-45","barcode":null,"atum_controlled":true,"out_stock_date":null,"out_stock_threshold":null,"inheritable":false,"inbound_stock":null,"stock_on_hold":0,"sold_today":0,"sales_last_days":0,"reserved_stock":null,"customer_returns":null,"warehouse_damage":null,"lost_in_post":null,"other_logs":null,"out_stock_days":9,"lost_sales":0,"has_location":null,"update_date":"2026-04-27T07:01:53","atum_locations":[],"atum_stock_status":"instock","restock_status":false,"low_stock_amount":"","sales_update_date":"2026-01-30T01:24:56","calc_backorders":null,"_links":{"self":[{"href":"https:\/\/aromasentia.com\/sv\/wp-json\/wp\/v2\/product\/217090","targetHints":{"allow":["GET"]}}],"collection":[{"href":"https:\/\/aromasentia.com\/sv\/wp-json\/wp\/v2\/product"}],"about":[{"href":"https:\/\/aromasentia.com\/sv\/wp-json\/wp\/v2\/types\/product"}],"replies":[{"embeddable":true,"href":"https:\/\/aromasentia.com\/sv\/wp-json\/wp\/v2\/comments?post=217090"}],"version-history":[{"count":0,"href":"https:\/\/aromasentia.com\/sv\/wp-json\/wp\/v2\/product\/217090\/revisions"}],"wp:featuredmedia":[{"embeddable":true,"href":"https:\/\/aromasentia.com\/sv\/wp-json\/wp\/v2\/media\/264101"}],"wp:attachment":[{"href":"https:\/\/aromasentia.com\/sv\/wp-json\/wp\/v2\/media?parent=217090"}],"wp:term":[{"taxonomy":"product_brand","embeddable":true,"href":"https:\/\/aromasentia.com\/sv\/wp-json\/wp\/v2\/product_brand?post=217090"},{"taxonomy":"product_cat","embeddable":true,"href":"https:\/\/aromasentia.com\/sv\/wp-json\/wp\/v2\/product_cat?post=217090"},{"taxonomy":"product_tag","embeddable":true,"href":"https:\/\/aromasentia.com\/sv\/wp-json\/wp\/v2\/product_tag?post=217090"}],"curies":[{"name":"wp","href":"https:\/\/api.w.org\/{rel}","templated":true}]}}