{"id":217089,"date":"2025-03-20T14:57:34","date_gmt":"2025-03-20T14:57:34","guid":{"rendered":"https:\/\/aromasentia.com\/product\/10x-10ml-niaouli-essential-oil-unlabelled\/"},"modified":"2025-12-31T15:50:36","modified_gmt":"2025-12-31T15:50:36","slug":"niaouli-eterisk-olja-utan-etikett-10ml","status":"publish","type":"product","link":"https:\/\/aromasentia.com\/sv\/niaouli-eterisk-olja-utan-etikett-10ml\/","title":{"rendered":"Niaouli Eterisk Olja Utan Etikett 10ml"},"content":{"rendered":"<p><strong>Latinskt namn: <\/strong><em>Melaleueca Viridiflora <\/em><\/p>\n<p><strong>Del av v\u00e4xt som anv\u00e4nds: <\/strong><em>L\u00f6v och kvistar&nbsp;<\/em><\/p>\n<p><strong>Ursprung: <\/strong><em>Indonesien <\/em><\/p>\n<p><strong>Extraktionsmetod: <\/strong><em>\u00c5ngdestillation<\/em><strong> <\/strong><\/p>\n<p>Niaouli Eterisk Olja \u00e4r inte den oljan som luktar b\u00e4st. Doften \u00e4r kamferaktig, jordig och lite grov. Men det \u00e4r aldrig en bra id&eacute; att bilda sig en uppfattning om doften av en eterisk olja genom att helt enkelt dofta p\u00e5 den direkt fr\u00e5n flaskan. Det oljan saknar i aromatisk tilltalande kompenserar den dock med dess terapeutiska f\u00f6rdelar. Det \u00e4r ett utm\u00e4rkt val f\u00f6r anv\u00e4ndning i samband med andningsproblem, hudinfektioner och akne.&nbsp;<\/p>\n<p>Denna olja har mycket bra sm\u00e4rtstillande egenskaper. Den eliminerar sm\u00e4rta genom att inducera domningar i nerverna och genom att ok\u00e4nsligg\u00f6ra omr\u00e5det. Den \u00e4r mycket effektiv p\u00e5 att lindra sm\u00e4rtan av huvudv\u00e4rk, migr\u00e4n, tandv\u00e4rk, \u00f6ronv\u00e4rk, muskel- och ledv\u00e4rk, samt sm\u00e4rta p\u00e5 grund av stukningar.&nbsp;<\/p>\n<p>Denna olja stimulerar cirkulationen av blod och lymfa, och f\u00f6rhindrar d\u00e4rigenom ansamling av urinsyra i lederna och v\u00e4rmer olika delar av kroppen. Dessa tv\u00e5 faktorer bidrar tillsammans till att ge lindring fr\u00e5n reumatism, artrit och gikt.&nbsp;<\/p>\n<p>\u00d6ppna s\u00e5r \u00e4r ben\u00e4gna att infekteras eftersom bakterier, svampar och andra mikrober har en mycket god chans att komma in i blodomloppet genom dessa s\u00e5r. Bakterier finns ocks\u00e5 i urogenitala kanalerna, kolon, prostata, tarmar och njurar och orsakar infektioner i urinr\u00f6ret och andra k\u00e4nsliga kroppsdelar. Den eteriska oljan fr\u00e5n Niaouli, tack vare dess antiseptiska egenskaper, kan h\u00e4mma bakterietillv\u00e4xt i dessa omr\u00e5den och ger bra skydd mot sepsis, stelkramp och infektioner i de andra inre organen.<\/p>\n<p><strong><span style=\"color: rgb(84, 172, 210);\">OBS: V\u00e5ra eteriska oljor \u00e4r inte l\u00e4mpliga f\u00f6r internt bruk.<\/span><\/strong><\/p>\n","protected":false},"excerpt":{"rendered":"<p>Latinskt namn: Melaleueca Viridiflora Del av v\u00e4xt som anv\u00e4nds: L\u00f6v och kvistar&nbsp; Ursprung: Indonesien Extraktionsmetod: \u00c5ngdestillation Niaouli Eterisk Olja \u00e4r inte den oljan som luktar b\u00e4st. Doften \u00e4r kamferaktig, jordig och lite grov. Men det \u00e4r aldrig en bra id&eacute; att bilda sig en uppfattning om doften av en eterisk olja genom att helt enkelt [&hellip;]<\/p>\n","protected":false},"featured_media":264092,"comment_status":"closed","ping_status":"open","template":"","meta":{"_angie_page":false},"product_brand":[27091],"product_cat":[11868,25845,13648,26871,26045],"product_tag":[],"class_list":{"0":"post-217089","1":"product","2":"type-product","3":"status-publish","4":"has-post-thumbnail","6":"product_brand-ancient-wisdom","7":"product_cat-aromaterapi-och-rumsdofter","8":"product_cat-dofter-aromer","9":"product_cat-eteriska-oljor","10":"product_cat-medicinsk-kamferdoftande","11":"product_cat-niaouli","12":"pa_collection-gifts-unbranded-essential-oils-sv","13":"pa_made-in-indonesien","14":"pa_size-10ml","16":"first","17":"instock","18":"purchasable","19":"product-type-simple"},"supplier_id":null,"supplier_sku":"EOUL-44","barcode":null,"atum_controlled":true,"out_stock_date":null,"out_stock_threshold":null,"inheritable":false,"inbound_stock":null,"stock_on_hold":0,"sold_today":0,"sales_last_days":0,"reserved_stock":null,"customer_returns":null,"warehouse_damage":null,"lost_in_post":null,"other_logs":null,"out_stock_days":9,"lost_sales":0,"has_location":null,"update_date":"2026-04-27T07:01:53","atum_locations":[],"atum_stock_status":"instock","restock_status":false,"low_stock_amount":"","sales_update_date":"2026-01-30T01:25:01","calc_backorders":null,"_links":{"self":[{"href":"https:\/\/aromasentia.com\/sv\/wp-json\/wp\/v2\/product\/217089","targetHints":{"allow":["GET"]}}],"collection":[{"href":"https:\/\/aromasentia.com\/sv\/wp-json\/wp\/v2\/product"}],"about":[{"href":"https:\/\/aromasentia.com\/sv\/wp-json\/wp\/v2\/types\/product"}],"replies":[{"embeddable":true,"href":"https:\/\/aromasentia.com\/sv\/wp-json\/wp\/v2\/comments?post=217089"}],"version-history":[{"count":0,"href":"https:\/\/aromasentia.com\/sv\/wp-json\/wp\/v2\/product\/217089\/revisions"}],"wp:featuredmedia":[{"embeddable":true,"href":"https:\/\/aromasentia.com\/sv\/wp-json\/wp\/v2\/media\/264092"}],"wp:attachment":[{"href":"https:\/\/aromasentia.com\/sv\/wp-json\/wp\/v2\/media?parent=217089"}],"wp:term":[{"taxonomy":"product_brand","embeddable":true,"href":"https:\/\/aromasentia.com\/sv\/wp-json\/wp\/v2\/product_brand?post=217089"},{"taxonomy":"product_cat","embeddable":true,"href":"https:\/\/aromasentia.com\/sv\/wp-json\/wp\/v2\/product_cat?post=217089"},{"taxonomy":"product_tag","embeddable":true,"href":"https:\/\/aromasentia.com\/sv\/wp-json\/wp\/v2\/product_tag?post=217089"}],"curies":[{"name":"wp","href":"https:\/\/api.w.org\/{rel}","templated":true}]}}