{"id":217086,"date":"2025-03-20T14:57:34","date_gmt":"2025-03-20T14:57:34","guid":{"rendered":"https:\/\/aromasentia.com\/product\/10x-10ml-myrrh-essential-oil-unlabelled\/"},"modified":"2025-12-31T15:50:28","modified_gmt":"2025-12-31T15:50:28","slug":"myrra-eterisk-olja-utan-etikett-10ml","status":"publish","type":"product","link":"https:\/\/aromasentia.com\/sv\/myrra-eterisk-olja-utan-etikett-10ml\/","title":{"rendered":"Myrra Eterisk Olja Utan Etikett 10ml"},"content":{"rendered":"<p><strong>Latinskt namn: <\/strong><em>Commiphora Myrrha&nbsp;<\/em><\/p>\n<p><strong>Del av v\u00e4xt som anv\u00e4nds: <\/strong><em>Harts <\/em><\/p>\n<p><strong>Ursprung: <\/strong><em>Somalia <\/em><\/p>\n<p><strong>Extraktionsmetod: <\/strong><em>\u00c5ngdestillation<\/em><strong> <\/strong><\/p>\n<p>Myrra har anv\u00e4nts sedan urminnes tider som parfym och r\u00f6kelse f\u00f6r medicinska och heliga \u00e4ndam\u00e5l. Myrra Eterisk Olja \u00e4r en stapelvara i aromaterapi och tros lindra hosta och f\u00f6rkylning, lindra matsm\u00e4ltningsbesv\u00e4r och st\u00e4rka immunf\u00f6rsvaret.&nbsp;<\/p>\n<p>N\u00e4r den anv\u00e4nds i aromaterapi, s\u00e4gs myrra hj\u00e4lpa till att behandla eller f\u00f6rebygga h\u00e4lsoproblem s\u00e5som f\u00f6rkylning, hosta, s\u00f6mnl\u00f6shet eller ont i halsen.&nbsp;<\/p>\n<p>Dessutom s\u00e4gs Myrra Eterisk Olja minska inflammation, stimulera immunf\u00f6rsvaret, lindra sm\u00e4rta och fr\u00e4mja s\u00e5rl\u00e4kning.&nbsp;<\/p>\n<p>Myrra Eterisk Olja anv\u00e4nds ibland som en ingrediens i hudv\u00e5rdsprodukter och p\u00e5st\u00e5s ocks\u00e5 minska uppkomsten av rynkor.&nbsp;<\/p>\n<p><strong><span style=\"color: rgb(84, 172, 210);\">OBS: V\u00e5ra eteriska oljor \u00e4r inte l\u00e4mpliga f\u00f6r internt bruk.<\/span><\/strong><\/p>\n","protected":false},"excerpt":{"rendered":"<p>Latinskt namn: Commiphora Myrrha&nbsp; Del av v\u00e4xt som anv\u00e4nds: Harts Ursprung: Somalia Extraktionsmetod: \u00c5ngdestillation Myrra har anv\u00e4nts sedan urminnes tider som parfym och r\u00f6kelse f\u00f6r medicinska och heliga \u00e4ndam\u00e5l. Myrra Eterisk Olja \u00e4r en stapelvara i aromaterapi och tros lindra hosta och f\u00f6rkylning, lindra matsm\u00e4ltningsbesv\u00e4r och st\u00e4rka immunf\u00f6rsvaret.&nbsp; N\u00e4r den anv\u00e4nds i aromaterapi, s\u00e4gs myrra [&hellip;]<\/p>\n","protected":false},"featured_media":264065,"comment_status":"closed","ping_status":"open","template":"","meta":{"_angie_page":false},"product_brand":[27091],"product_cat":[11868,25845,13648,26885,26043],"product_tag":[],"class_list":{"0":"post-217086","1":"product","2":"type-product","3":"status-publish","4":"has-post-thumbnail","6":"product_brand-ancient-wisdom","7":"product_cat-aromaterapi-och-rumsdofter","8":"product_cat-dofter-aromer","9":"product_cat-eteriska-oljor","10":"product_cat-hartsartad-balsamisk","11":"product_cat-myrrh","12":"pa_collection-gifts-unbranded-essential-oils-sv","13":"pa_made-in-somalia","14":"pa_size-10ml","16":"first","17":"instock","18":"purchasable","19":"product-type-simple"},"supplier_id":null,"supplier_sku":"EOUL-40","barcode":null,"atum_controlled":true,"out_stock_date":null,"out_stock_threshold":null,"inheritable":false,"inbound_stock":null,"stock_on_hold":0,"sold_today":0,"sales_last_days":0,"reserved_stock":null,"customer_returns":null,"warehouse_damage":null,"lost_in_post":null,"other_logs":null,"out_stock_days":9,"lost_sales":0,"has_location":null,"update_date":"2026-04-27T07:01:53","atum_locations":[],"atum_stock_status":"instock","restock_status":false,"low_stock_amount":"","sales_update_date":"2026-01-30T01:24:53","calc_backorders":null,"_links":{"self":[{"href":"https:\/\/aromasentia.com\/sv\/wp-json\/wp\/v2\/product\/217086","targetHints":{"allow":["GET"]}}],"collection":[{"href":"https:\/\/aromasentia.com\/sv\/wp-json\/wp\/v2\/product"}],"about":[{"href":"https:\/\/aromasentia.com\/sv\/wp-json\/wp\/v2\/types\/product"}],"replies":[{"embeddable":true,"href":"https:\/\/aromasentia.com\/sv\/wp-json\/wp\/v2\/comments?post=217086"}],"version-history":[{"count":0,"href":"https:\/\/aromasentia.com\/sv\/wp-json\/wp\/v2\/product\/217086\/revisions"}],"wp:featuredmedia":[{"embeddable":true,"href":"https:\/\/aromasentia.com\/sv\/wp-json\/wp\/v2\/media\/264065"}],"wp:attachment":[{"href":"https:\/\/aromasentia.com\/sv\/wp-json\/wp\/v2\/media?parent=217086"}],"wp:term":[{"taxonomy":"product_brand","embeddable":true,"href":"https:\/\/aromasentia.com\/sv\/wp-json\/wp\/v2\/product_brand?post=217086"},{"taxonomy":"product_cat","embeddable":true,"href":"https:\/\/aromasentia.com\/sv\/wp-json\/wp\/v2\/product_cat?post=217086"},{"taxonomy":"product_tag","embeddable":true,"href":"https:\/\/aromasentia.com\/sv\/wp-json\/wp\/v2\/product_tag?post=217086"}],"curies":[{"name":"wp","href":"https:\/\/api.w.org\/{rel}","templated":true}]}}