{"id":217066,"date":"2025-03-20T14:58:30","date_gmt":"2025-03-20T14:58:30","guid":{"rendered":"https:\/\/aromasentia.com\/product\/10x-10ml-spearmint-essential-oil-unlabelled\/"},"modified":"2025-12-31T15:50:13","modified_gmt":"2025-12-31T15:50:13","slug":"gronmynta-eterisk-olja-utan-etikett-10ml","status":"publish","type":"product","link":"https:\/\/aromasentia.com\/sv\/gronmynta-eterisk-olja-utan-etikett-10ml\/","title":{"rendered":"Gr\u00f6nmynta Eterisk Olja Utan Etikett 10ml"},"content":{"rendered":"<p><strong>Latinskt namn:&nbsp;<\/strong><em>Mentha Spicata<\/em><\/p>\n<p><strong>Del av v\u00e4xt som anv\u00e4nds:&nbsp;<\/strong><em>Blommande toppar<\/em><\/p>\n<p><strong>Ursprung:&nbsp;<\/strong><em>Kina<\/em><\/p>\n<p><strong>Extraktionsmetod:&nbsp;<\/strong><em>\u00c5ngdestillation<\/em><\/p>\n<p>Grossist Gr\u00f6nmynta Eterisk Olja \u00e4r en h\u00f6gkvalitativ 60% Carvone-variant. Carvone \u00e4r den naturligt f\u00f6rekommande kemikalien som ger gr\u00f6nmynta dess distinkta lukt. De \u00f6vriga 40% av oljan best\u00e5r av andra kemikalier som f\u00f6rekommer naturligt i gr\u00f6nmynta-v\u00e4xten.<\/p>\n<p>Gr\u00f6nmynta Eterisk Olja \u00e4r multifunktionell och den forts\u00e4tter att anv\u00e4ndas f\u00f6r att lindra \u00e5kommor som hudproblem, huvudv\u00e4rk, illam\u00e5ende, kr\u00e4kningar, andningsproblem och f\u00f6rkylningssymtom. <\/p>\n<p><strong><span style=\"color: rgb(84, 172, 210);\">OBS: V\u00e5ra eteriska oljor \u00e4r inte l\u00e4mpliga f\u00f6r internt bruk.<\/span><\/strong><\/p>\n","protected":false},"excerpt":{"rendered":"<p>Latinskt namn:&nbsp;Mentha Spicata Del av v\u00e4xt som anv\u00e4nds:&nbsp;Blommande toppar Ursprung:&nbsp;Kina Extraktionsmetod:&nbsp;\u00c5ngdestillation Grossist Gr\u00f6nmynta Eterisk Olja \u00e4r en h\u00f6gkvalitativ 60% Carvone-variant. Carvone \u00e4r den naturligt f\u00f6rekommande kemikalien som ger gr\u00f6nmynta dess distinkta lukt. De \u00f6vriga 40% av oljan best\u00e5r av andra kemikalier som f\u00f6rekommer naturligt i gr\u00f6nmynta-v\u00e4xten. Gr\u00f6nmynta Eterisk Olja \u00e4r multifunktionell och den forts\u00e4tter att [&hellip;]<\/p>\n","protected":false},"featured_media":264353,"comment_status":"closed","ping_status":"open","template":"","meta":[],"product_brand":[27091],"product_cat":[11868,25845,13648,26064,26878],"product_tag":[],"class_list":{"0":"post-217066","1":"product","2":"type-product","3":"status-publish","4":"has-post-thumbnail","6":"product_brand-ancient-wisdom","7":"product_cat-aromaterapi-och-rumsdofter","8":"product_cat-dofter-aromer","9":"product_cat-eteriska-oljor","10":"product_cat-gronmynta","11":"product_cat-mintig","12":"pa_collection-gifts-unbranded-essential-oils-sv","13":"pa_made-in-kina","14":"pa_size-10ml","16":"first","17":"instock","18":"purchasable","19":"product-type-simple"},"supplier_id":null,"supplier_sku":"EOUL-84","barcode":null,"atum_controlled":true,"out_stock_date":null,"out_stock_threshold":null,"inheritable":false,"inbound_stock":null,"stock_on_hold":0,"sold_today":0,"sales_last_days":0,"reserved_stock":null,"customer_returns":null,"warehouse_damage":null,"lost_in_post":null,"other_logs":null,"out_stock_days":0,"lost_sales":0,"has_location":null,"update_date":"2026-02-04T08:18:23","atum_locations":[],"atum_stock_status":"instock","restock_status":false,"low_stock_amount":"","sales_update_date":"2026-01-30T01:26:18","calc_backorders":null,"_links":{"self":[{"href":"https:\/\/aromasentia.com\/sv\/wp-json\/wp\/v2\/product\/217066","targetHints":{"allow":["GET"]}}],"collection":[{"href":"https:\/\/aromasentia.com\/sv\/wp-json\/wp\/v2\/product"}],"about":[{"href":"https:\/\/aromasentia.com\/sv\/wp-json\/wp\/v2\/types\/product"}],"replies":[{"embeddable":true,"href":"https:\/\/aromasentia.com\/sv\/wp-json\/wp\/v2\/comments?post=217066"}],"version-history":[{"count":0,"href":"https:\/\/aromasentia.com\/sv\/wp-json\/wp\/v2\/product\/217066\/revisions"}],"wp:featuredmedia":[{"embeddable":true,"href":"https:\/\/aromasentia.com\/sv\/wp-json\/wp\/v2\/media\/264353"}],"wp:attachment":[{"href":"https:\/\/aromasentia.com\/sv\/wp-json\/wp\/v2\/media?parent=217066"}],"wp:term":[{"taxonomy":"product_brand","embeddable":true,"href":"https:\/\/aromasentia.com\/sv\/wp-json\/wp\/v2\/product_brand?post=217066"},{"taxonomy":"product_cat","embeddable":true,"href":"https:\/\/aromasentia.com\/sv\/wp-json\/wp\/v2\/product_cat?post=217066"},{"taxonomy":"product_tag","embeddable":true,"href":"https:\/\/aromasentia.com\/sv\/wp-json\/wp\/v2\/product_tag?post=217066"}],"curies":[{"name":"wp","href":"https:\/\/api.w.org\/{rel}","templated":true}]}}