{"id":217064,"date":"2025-03-20T14:58:30","date_gmt":"2025-03-20T14:58:30","guid":{"rendered":"https:\/\/aromasentia.com\/product\/10x-10ml-ylang-ylang-iii-essential-oil-unlabelled\/"},"modified":"2025-12-31T15:50:13","modified_gmt":"2025-12-31T15:50:13","slug":"ylang-ylang-iii-eterisk-olja-utan-etikett-10ml","status":"publish","type":"product","link":"https:\/\/aromasentia.com\/sv\/ylang-ylang-iii-eterisk-olja-utan-etikett-10ml\/","title":{"rendered":"Ylang Ylang III Eterisk Olja Utan Etikett 10ml"},"content":{"rendered":"<p><strong>Latinskt namn: <\/strong><em>Cananga Odorata <\/em><\/p>\n<p><strong>Del av v\u00e4xt som anv\u00e4nds: <\/strong><em>Blommor <\/em><\/p>\n<p><strong>Ursprung:&nbsp;<\/strong><em>Komorerna<\/em><\/p>\n<p><strong>Extraktionsmetod: <\/strong><em>\u00c5ngdestillation<\/em><strong> <\/strong><\/p>\n<p>Ylang Ylang betyder &quot;blommornas blomma&quot; och har anv\u00e4nts i \u00e5rhundraden \u00f6ver tropiska omr\u00e5den i Asien inklusive Filippinerna, Indonesien och de polynesiska \u00f6arna. Blommorna anv\u00e4nds fortfarande traditionellt i Indonesien f\u00f6r att dekorera s\u00e4ngen f\u00f6r nygifta par p\u00e5 deras br\u00f6llopsnatt p\u00e5 grund av deras upplyftande och afrodisiakum egenskaper.&nbsp;<\/p>\n<p>Ylang Ylang \u00e4r k\u00e4nt f\u00f6r sina hum\u00f6rh\u00f6jande, lugnande, antidepressiva, f\u00f6rsk\u00f6nande och afrodisiakum egenskaper. Det \u00e4r f\u00f6rdelaktigt f\u00f6r immunsystemet, det kardiovaskul\u00e4ra och det endokrina systemet, slappnar av kroppen samtidigt som det befriar sinnet fr\u00e5n negativa k\u00e4nslor. Grossist Ylang Ylang Eterisk Olja anv\u00e4nds ocks\u00e5 f\u00f6r att lindra sm\u00e4rta, minska inflammation, f\u00f6rb\u00e4ttra hum\u00f6ret och f\u00f6rb\u00e4ttra libido. Dessutom s\u00e4gs Ylang Ylang Eterisk Olja fungera som ett naturligt insektsmedel, fr\u00e4mja s\u00e5rl\u00e4kning och minska uppkomsten av \u00e4rr n\u00e4r den appliceras p\u00e5 huden.&nbsp;<\/p>\n<p><strong><span style=\"color: rgb(84, 172, 210);\">OBS: V\u00e5ra eteriska oljor \u00e4r inte l\u00e4mpliga f\u00f6r internt bruk.<\/span><\/strong><\/p>\n","protected":false},"excerpt":{"rendered":"<p>Latinskt namn: Cananga Odorata Del av v\u00e4xt som anv\u00e4nds: Blommor Ursprung:&nbsp;Komorerna Extraktionsmetod: \u00c5ngdestillation Ylang Ylang betyder &quot;blommornas blomma&quot; och har anv\u00e4nts i \u00e5rhundraden \u00f6ver tropiska omr\u00e5den i Asien inklusive Filippinerna, Indonesien och de polynesiska \u00f6arna. Blommorna anv\u00e4nds fortfarande traditionellt i Indonesien f\u00f6r att dekorera s\u00e4ngen f\u00f6r nygifta par p\u00e5 deras br\u00f6llopsnatt p\u00e5 grund av deras [&hellip;]<\/p>\n","protected":false},"featured_media":264335,"comment_status":"closed","ping_status":"open","template":"","meta":{"_angie_page":false},"product_brand":[27091],"product_cat":[11868,26836,25845,13648,26074],"product_tag":[],"class_list":{"0":"post-217064","1":"product","2":"type-product","3":"status-publish","4":"has-post-thumbnail","6":"product_brand-ancient-wisdom","7":"product_cat-aromaterapi-och-rumsdofter","8":"product_cat-blommig","9":"product_cat-dofter-aromer","10":"product_cat-eteriska-oljor","11":"product_cat-ylang-ylang","12":"pa_collection-gifts-unbranded-essential-oils-sv","13":"pa_made-in-komorerna","14":"pa_size-10ml","16":"first","17":"instock","18":"purchasable","19":"product-type-simple"},"supplier_id":null,"supplier_sku":"EOUL-82","barcode":null,"atum_controlled":true,"out_stock_date":null,"out_stock_threshold":null,"inheritable":false,"inbound_stock":null,"stock_on_hold":0,"sold_today":0,"sales_last_days":0,"reserved_stock":null,"customer_returns":null,"warehouse_damage":null,"lost_in_post":null,"other_logs":null,"out_stock_days":0,"lost_sales":0,"has_location":null,"update_date":"2026-05-08T05:08:29","atum_locations":[],"atum_stock_status":"instock","restock_status":false,"low_stock_amount":"","sales_update_date":"2026-01-30T01:26:17","calc_backorders":null,"_links":{"self":[{"href":"https:\/\/aromasentia.com\/sv\/wp-json\/wp\/v2\/product\/217064","targetHints":{"allow":["GET"]}}],"collection":[{"href":"https:\/\/aromasentia.com\/sv\/wp-json\/wp\/v2\/product"}],"about":[{"href":"https:\/\/aromasentia.com\/sv\/wp-json\/wp\/v2\/types\/product"}],"replies":[{"embeddable":true,"href":"https:\/\/aromasentia.com\/sv\/wp-json\/wp\/v2\/comments?post=217064"}],"version-history":[{"count":0,"href":"https:\/\/aromasentia.com\/sv\/wp-json\/wp\/v2\/product\/217064\/revisions"}],"wp:featuredmedia":[{"embeddable":true,"href":"https:\/\/aromasentia.com\/sv\/wp-json\/wp\/v2\/media\/264335"}],"wp:attachment":[{"href":"https:\/\/aromasentia.com\/sv\/wp-json\/wp\/v2\/media?parent=217064"}],"wp:term":[{"taxonomy":"product_brand","embeddable":true,"href":"https:\/\/aromasentia.com\/sv\/wp-json\/wp\/v2\/product_brand?post=217064"},{"taxonomy":"product_cat","embeddable":true,"href":"https:\/\/aromasentia.com\/sv\/wp-json\/wp\/v2\/product_cat?post=217064"},{"taxonomy":"product_tag","embeddable":true,"href":"https:\/\/aromasentia.com\/sv\/wp-json\/wp\/v2\/product_tag?post=217064"}],"curies":[{"name":"wp","href":"https:\/\/api.w.org\/{rel}","templated":true}]}}