{"id":217062,"date":"2025-03-20T14:58:30","date_gmt":"2025-03-20T14:58:30","guid":{"rendered":"https:\/\/aromasentia.com\/product\/10x-10ml-rose-geranium-essential-oil-unlabelled\/"},"modified":"2025-12-31T15:50:13","modified_gmt":"2025-12-31T15:50:13","slug":"ros-geranium-eterisk-olja-utan-etikett-10ml","status":"publish","type":"product","link":"https:\/\/aromasentia.com\/sv\/ros-geranium-eterisk-olja-utan-etikett-10ml\/","title":{"rendered":"Ros Geranium Eterisk Olja Utan Etikett 10ml"},"content":{"rendered":"<p><strong>Latinskt namn: <\/strong><em>Pelargonium Graveolens &amp; P\/Rosa Egypten <\/em><\/p>\n<p><strong>Eterisk oljeblandning <\/strong><\/p>\n<p>Grossist Ros Geranium Eterisk Olja \u00e4r en aktiv ingrediens i vissa kosmetiska produkter som kr\u00e4mer och parfymer. En genomg\u00e5ng av studier fr\u00e5n 2017 visade att antioxidantegenskaper i Ros Geranium Eterisk Olja kan hj\u00e4lpa med att minska tecken p\u00e5 \u00e5ldrande. Antioxidanter \u00e4r v\u00e4letablerade som naturliga medel f\u00f6r att f\u00f6rb\u00e4ttra din huds f\u00f6rm\u00e5ga att l\u00e4ka sig sj\u00e4lv fr\u00e5n milj\u00f6gifter. Oljan har ocks\u00e5 starka antimikrobiella, svampd\u00f6dande och antivirala egenskaper.&nbsp;<\/p>\n<p><strong><span style=\"color: rgb(84, 172, 210);\">OBS: V\u00e5ra eteriska oljor \u00e4r inte l\u00e4mpliga f\u00f6r internt bruk.<\/span><\/strong><\/p>\n","protected":false},"excerpt":{"rendered":"<p>Latinskt namn: Pelargonium Graveolens &amp; P\/Rosa Egypten Eterisk oljeblandning Grossist Ros Geranium Eterisk Olja \u00e4r en aktiv ingrediens i vissa kosmetiska produkter som kr\u00e4mer och parfymer. En genomg\u00e5ng av studier fr\u00e5n 2017 visade att antioxidantegenskaper i Ros Geranium Eterisk Olja kan hj\u00e4lpa med att minska tecken p\u00e5 \u00e5ldrande. Antioxidanter \u00e4r v\u00e4letablerade som naturliga medel f\u00f6r [&hellip;]<\/p>\n","protected":false},"featured_media":264317,"comment_status":"closed","ping_status":"open","template":"","meta":{"_angie_page":false},"product_brand":[27091],"product_cat":[11868,26836,25845,13648,26024,26059],"product_tag":[],"class_list":{"0":"post-217062","1":"product","2":"type-product","3":"status-publish","4":"has-post-thumbnail","6":"product_brand-ancient-wisdom","7":"product_cat-aromaterapi-och-rumsdofter","8":"product_cat-blommig","9":"product_cat-dofter-aromer","10":"product_cat-eteriska-oljor","11":"product_cat-geranium","12":"product_cat-ros","13":"pa_collection-gifts-unbranded-essential-oils-sv","14":"pa_made-in-egypten","15":"pa_size-10ml","17":"first","18":"instock","19":"purchasable","20":"product-type-simple"},"supplier_id":null,"supplier_sku":"EOUL-75","barcode":null,"atum_controlled":true,"out_stock_date":null,"out_stock_threshold":null,"inheritable":false,"inbound_stock":null,"stock_on_hold":0,"sold_today":0,"sales_last_days":0,"reserved_stock":null,"customer_returns":null,"warehouse_damage":null,"lost_in_post":null,"other_logs":null,"out_stock_days":0,"lost_sales":0,"has_location":null,"update_date":"2026-04-27T07:02:01","atum_locations":[],"atum_stock_status":"instock","restock_status":false,"low_stock_amount":"","sales_update_date":"2026-01-30T01:26:02","calc_backorders":null,"_links":{"self":[{"href":"https:\/\/aromasentia.com\/sv\/wp-json\/wp\/v2\/product\/217062","targetHints":{"allow":["GET"]}}],"collection":[{"href":"https:\/\/aromasentia.com\/sv\/wp-json\/wp\/v2\/product"}],"about":[{"href":"https:\/\/aromasentia.com\/sv\/wp-json\/wp\/v2\/types\/product"}],"replies":[{"embeddable":true,"href":"https:\/\/aromasentia.com\/sv\/wp-json\/wp\/v2\/comments?post=217062"}],"version-history":[{"count":0,"href":"https:\/\/aromasentia.com\/sv\/wp-json\/wp\/v2\/product\/217062\/revisions"}],"wp:featuredmedia":[{"embeddable":true,"href":"https:\/\/aromasentia.com\/sv\/wp-json\/wp\/v2\/media\/264317"}],"wp:attachment":[{"href":"https:\/\/aromasentia.com\/sv\/wp-json\/wp\/v2\/media?parent=217062"}],"wp:term":[{"taxonomy":"product_brand","embeddable":true,"href":"https:\/\/aromasentia.com\/sv\/wp-json\/wp\/v2\/product_brand?post=217062"},{"taxonomy":"product_cat","embeddable":true,"href":"https:\/\/aromasentia.com\/sv\/wp-json\/wp\/v2\/product_cat?post=217062"},{"taxonomy":"product_tag","embeddable":true,"href":"https:\/\/aromasentia.com\/sv\/wp-json\/wp\/v2\/product_tag?post=217062"}],"curies":[{"name":"wp","href":"https:\/\/api.w.org\/{rel}","templated":true}]}}