{"id":217061,"date":"2025-03-20T14:58:30","date_gmt":"2025-03-20T14:58:30","guid":{"rendered":"https:\/\/aromasentia.com\/product\/10x-10ml-ravensara-essential-oil-unlabelled\/"},"modified":"2025-12-31T15:50:13","modified_gmt":"2025-12-31T15:50:13","slug":"ravensara-eterisk-olja-utan-etikett-10ml","status":"publish","type":"product","link":"https:\/\/aromasentia.com\/sv\/ravensara-eterisk-olja-utan-etikett-10ml\/","title":{"rendered":"Ravensara Eterisk Olja Utan Etikett 10ml"},"content":{"rendered":"<p><strong>Latinskt namn:<\/strong><em>&nbsp;Ravensara Aromatica <\/em><\/p>\n<p><strong>Del av v\u00e4xt som anv\u00e4nds: <\/strong><em>L\u00f6v <\/em><\/p>\n<p><strong>Ursprung: <\/strong><em>Madagaskar <\/em><\/p>\n<p><strong>Extraktionsmetod: <\/strong><em>\u00c5ngdestillation<\/em><em>&nbsp;<\/em><\/p>\n<p>Grossist Ravensara Eterisk Olja \u00e4r ett kraftfullt antiseptisk, antibakteriellt och antiviralt medel som anv\u00e4nds f\u00f6r att behandla inre och hudsjukdomar. Ravensara Eterisk Olja anv\u00e4nds i aromaterapi f\u00f6r att behandla sjukdomar orsakade av \u00f6verskott av slem i luftv\u00e4garna.&nbsp;<\/p>\n<p>De prim\u00e4ra kemiska f\u00f6reningarna som finns i Ravensara Eterisk Olja inkluderar estragol (cirka 80 %), metyleugenol (8,5 %) och limonen (3 %).&nbsp;<\/p>\n<p>Estragol \u00e4r k\u00e4nt f\u00f6r att minska tr\u00f6tthet, lindra stress, f\u00f6rb\u00e4ttra s\u00f6mnkvaliteten, lindra huvudv\u00e4rk, \u00f6ka kognitiv funktion och f\u00f6rb\u00e4ttra hum\u00f6ret.&nbsp;<\/p>\n<p>Limonen \u00e4r v\u00e4lk\u00e4nt f\u00f6r sina antioxidant- och antiinflammatoriska egenskaper, vilket ger ett botemedel mot en rad h\u00e4lsoproblem och f\u00f6rb\u00e4ttrar det allm\u00e4nna v\u00e4lbefinnandet.&nbsp;<\/p>\n<p>P\u00e5 grund av dess antibakteriella, antivirala och antimikrobiella egenskaper hj\u00e4lper Ravensara Eterisk Olja kroppen att bek\u00e4mpa f\u00f6rkylningsviruset. Om du k\u00e4nner att en f\u00f6rkylning b\u00f6rjar komma, f\u00f6rs\u00f6k ta ett avkopplande bad med n\u00e5gra droppar Ravensara Eterisk Olja f\u00f6r lindring.&nbsp;<\/p>\n<p><strong><span style=\"color: rgb(84, 172, 210);\">OBS: V\u00e5ra eteriska oljor \u00e4r inte l\u00e4mpliga f\u00f6r internt bruk.<\/span><\/strong><\/p>\n","protected":false},"excerpt":{"rendered":"<p>Latinskt namn:&nbsp;Ravensara Aromatica Del av v\u00e4xt som anv\u00e4nds: L\u00f6v Ursprung: Madagaskar Extraktionsmetod: \u00c5ngdestillation&nbsp; Grossist Ravensara Eterisk Olja \u00e4r ett kraftfullt antiseptisk, antibakteriellt och antiviralt medel som anv\u00e4nds f\u00f6r att behandla inre och hudsjukdomar. Ravensara Eterisk Olja anv\u00e4nds i aromaterapi f\u00f6r att behandla sjukdomar orsakade av \u00f6verskott av slem i luftv\u00e4garna.&nbsp; De prim\u00e4ra kemiska f\u00f6reningarna som [&hellip;]<\/p>\n","protected":false},"featured_media":264308,"comment_status":"closed","ping_status":"open","template":"","meta":{"_angie_page":false},"product_brand":[27091],"product_cat":[11868,25845,13648,26871,26057],"product_tag":[],"class_list":{"0":"post-217061","1":"product","2":"type-product","3":"status-publish","4":"has-post-thumbnail","6":"product_brand-ancient-wisdom","7":"product_cat-aromaterapi-och-rumsdofter","8":"product_cat-dofter-aromer","9":"product_cat-eteriska-oljor","10":"product_cat-medicinsk-kamferdoftande","11":"product_cat-ravensara","12":"pa_collection-gifts-unbranded-essential-oils-sv","13":"pa_made-in-madagaskar","14":"pa_size-10ml","16":"first","17":"instock","18":"purchasable","19":"product-type-simple"},"supplier_id":null,"supplier_sku":"EOUL-74","barcode":null,"atum_controlled":true,"out_stock_date":null,"out_stock_threshold":null,"inheritable":false,"inbound_stock":null,"stock_on_hold":0,"sold_today":0,"sales_last_days":0,"reserved_stock":null,"customer_returns":null,"warehouse_damage":null,"lost_in_post":null,"other_logs":null,"out_stock_days":0,"lost_sales":0,"has_location":null,"update_date":"2026-04-27T07:02:01","atum_locations":[],"atum_stock_status":"instock","restock_status":false,"low_stock_amount":"","sales_update_date":"2026-02-06T00:01:49","calc_backorders":null,"_links":{"self":[{"href":"https:\/\/aromasentia.com\/sv\/wp-json\/wp\/v2\/product\/217061","targetHints":{"allow":["GET"]}}],"collection":[{"href":"https:\/\/aromasentia.com\/sv\/wp-json\/wp\/v2\/product"}],"about":[{"href":"https:\/\/aromasentia.com\/sv\/wp-json\/wp\/v2\/types\/product"}],"replies":[{"embeddable":true,"href":"https:\/\/aromasentia.com\/sv\/wp-json\/wp\/v2\/comments?post=217061"}],"version-history":[{"count":0,"href":"https:\/\/aromasentia.com\/sv\/wp-json\/wp\/v2\/product\/217061\/revisions"}],"wp:featuredmedia":[{"embeddable":true,"href":"https:\/\/aromasentia.com\/sv\/wp-json\/wp\/v2\/media\/264308"}],"wp:attachment":[{"href":"https:\/\/aromasentia.com\/sv\/wp-json\/wp\/v2\/media?parent=217061"}],"wp:term":[{"taxonomy":"product_brand","embeddable":true,"href":"https:\/\/aromasentia.com\/sv\/wp-json\/wp\/v2\/product_brand?post=217061"},{"taxonomy":"product_cat","embeddable":true,"href":"https:\/\/aromasentia.com\/sv\/wp-json\/wp\/v2\/product_cat?post=217061"},{"taxonomy":"product_tag","embeddable":true,"href":"https:\/\/aromasentia.com\/sv\/wp-json\/wp\/v2\/product_tag?post=217061"}],"curies":[{"name":"wp","href":"https:\/\/api.w.org\/{rel}","templated":true}]}}