{"id":217058,"date":"2025-03-20T14:58:30","date_gmt":"2025-03-20T14:58:30","guid":{"rendered":"https:\/\/aromasentia.com\/product\/10x-10ml-ho-wood-essential-oil-unlabelled\/"},"modified":"2025-12-31T15:50:13","modified_gmt":"2025-12-31T15:50:13","slug":"ho-tra-eterisk-olja-utan-etikett-10ml","status":"publish","type":"product","link":"https:\/\/aromasentia.com\/sv\/ho-tra-eterisk-olja-utan-etikett-10ml\/","title":{"rendered":"Ho Tr\u00e4 Eterisk Olja Utan Etikett 10ml"},"content":{"rendered":"<p><strong>Latinskt namn:&nbsp;<\/strong><em>Cinnamomum Camphora var. Glavescens&nbsp;<\/em><\/p>\n<p><strong>Del av v\u00e4xt som anv\u00e4nds:&nbsp;<\/strong><em>Tr\u00e4&nbsp;<\/em><\/p>\n<p><strong>Ursprung: <\/strong><em>Kina <\/em><\/p>\n<p><strong>Extraktionsmetod: <\/strong><em>\u00c5ngdestillation<\/em><strong> <\/strong><\/p>\n<p>Ho tr\u00e4 \u00e4r en av de mest potenta k\u00e4llorna till naturligt f\u00f6rekommande linalol som finns i alla \u00e5ngdestillerade eteriska oljor. Ho Tr\u00e4 Eterisk Olja \u00e4r en vackert doftande tr\u00e4olja.&nbsp;<\/p>\n<p>Med tanke p\u00e5 dess linalolinneh\u00e5ll har Ho Tr\u00e4 Eterisk Olja en lugnande effekt och \u00e4r ett bra val n\u00e4r du beh\u00f6ver koppla av eller varva ner.&nbsp;<\/p>\n<p>Den h\u00f6ga m\u00e4ngden naturlig linalol i Ho Tr\u00e4 Eterisk Olja har en del aromaterapeutiska f\u00f6rdelar. Bland annat hj\u00e4lper den mot s\u00f6mnl\u00f6shet, fungerar som ett antidepressivt och immunstimulerande medel, och hj\u00e4lper till att generera ny celltillv\u00e4xt. Detta g\u00f6r Ho Tr\u00e4 s\u00e4rskilt l\u00e4mplig f\u00f6r anti-aging produkter och hudv\u00e5rdsblandningar f\u00f6r mogen hy. Dess arom \u00e4r s\u00e4rskilt tilltalande och lugnande n\u00e4r den anv\u00e4nds mot s\u00f6mnl\u00f6shet.&nbsp;<\/p>\n<p><strong><span style=\"color: rgb(84, 172, 210);\">OBS: V\u00e5ra eteriska oljor \u00e4r inte l\u00e4mpliga f\u00f6r internt bruk.<\/span><\/strong><\/p>\n","protected":false},"excerpt":{"rendered":"<p>Latinskt namn:&nbsp;Cinnamomum Camphora var. Glavescens&nbsp; Del av v\u00e4xt som anv\u00e4nds:&nbsp;Tr\u00e4&nbsp; Ursprung: Kina Extraktionsmetod: \u00c5ngdestillation Ho tr\u00e4 \u00e4r en av de mest potenta k\u00e4llorna till naturligt f\u00f6rekommande linalol som finns i alla \u00e5ngdestillerade eteriska oljor. Ho Tr\u00e4 Eterisk Olja \u00e4r en vackert doftande tr\u00e4olja.&nbsp; Med tanke p\u00e5 dess linalolinneh\u00e5ll har Ho Tr\u00e4 Eterisk Olja en lugnande [&hellip;]<\/p>\n","protected":false},"featured_media":264281,"comment_status":"closed","ping_status":"open","template":"","meta":{"_angie_page":false},"product_brand":[27091],"product_cat":[11868,25845,13648,26028,26899],"product_tag":[],"class_list":{"0":"post-217058","1":"product","2":"type-product","3":"status-publish","4":"has-post-thumbnail","6":"product_brand-ancient-wisdom","7":"product_cat-aromaterapi-och-rumsdofter","8":"product_cat-dofter-aromer","9":"product_cat-eteriska-oljor","10":"product_cat-ho-tra","11":"product_cat-traig","12":"pa_collection-gifts-unbranded-essential-oils-sv","13":"pa_made-in-kina","14":"pa_size-10ml","16":"first","17":"instock","18":"purchasable","19":"product-type-simple"},"supplier_id":null,"supplier_sku":"EOUL-71","barcode":null,"atum_controlled":true,"out_stock_date":null,"out_stock_threshold":null,"inheritable":false,"inbound_stock":null,"stock_on_hold":0,"sold_today":0,"sales_last_days":0,"reserved_stock":null,"customer_returns":null,"warehouse_damage":null,"lost_in_post":null,"other_logs":null,"out_stock_days":0,"lost_sales":0,"has_location":null,"update_date":"2026-04-27T07:02:01","atum_locations":[],"atum_stock_status":"instock","restock_status":false,"low_stock_amount":"","sales_update_date":"2026-01-30T01:26:38","calc_backorders":null,"_links":{"self":[{"href":"https:\/\/aromasentia.com\/sv\/wp-json\/wp\/v2\/product\/217058","targetHints":{"allow":["GET"]}}],"collection":[{"href":"https:\/\/aromasentia.com\/sv\/wp-json\/wp\/v2\/product"}],"about":[{"href":"https:\/\/aromasentia.com\/sv\/wp-json\/wp\/v2\/types\/product"}],"replies":[{"embeddable":true,"href":"https:\/\/aromasentia.com\/sv\/wp-json\/wp\/v2\/comments?post=217058"}],"version-history":[{"count":0,"href":"https:\/\/aromasentia.com\/sv\/wp-json\/wp\/v2\/product\/217058\/revisions"}],"wp:featuredmedia":[{"embeddable":true,"href":"https:\/\/aromasentia.com\/sv\/wp-json\/wp\/v2\/media\/264281"}],"wp:attachment":[{"href":"https:\/\/aromasentia.com\/sv\/wp-json\/wp\/v2\/media?parent=217058"}],"wp:term":[{"taxonomy":"product_brand","embeddable":true,"href":"https:\/\/aromasentia.com\/sv\/wp-json\/wp\/v2\/product_brand?post=217058"},{"taxonomy":"product_cat","embeddable":true,"href":"https:\/\/aromasentia.com\/sv\/wp-json\/wp\/v2\/product_cat?post=217058"},{"taxonomy":"product_tag","embeddable":true,"href":"https:\/\/aromasentia.com\/sv\/wp-json\/wp\/v2\/product_tag?post=217058"}],"curies":[{"name":"wp","href":"https:\/\/api.w.org\/{rel}","templated":true}]}}