{"id":217051,"date":"2025-03-20T14:58:59","date_gmt":"2025-03-20T14:58:59","guid":{"rendered":"https:\/\/aromasentia.com\/product\/hh-tarot-roll-on-the-lovers\/"},"modified":"2025-12-31T15:50:05","modified_gmt":"2025-12-31T15:50:05","slug":"hop-hare-tarot-roll-on-alskarna","status":"publish","type":"product","link":"https:\/\/aromasentia.com\/sv\/hop-hare-tarot-roll-on-alskarna\/","title":{"rendered":"Hop Hare Tarot Roll On &#8211; \u00c4lskarna"},"content":{"rendered":"<p style=\"text-align: justify;\"><strong>&quot;\u00c4lskarna&quot; av Hop Hare &ndash; en f\u00e4ngslande roll on med eteriska oljor och \u00e4delstenar<\/strong> designad f\u00f6r att v\u00e4cka k\u00e4rlek och passion. Varje flaska, som \u00e4r infuserad med naturens mest f\u00e4ngslande dofter och den n\u00e4rande essensen av rosenkvarts, \u00e4r en harmonisk blandning av k\u00e4rlek och lockelse.<\/p>\n<p style=\"text-align: justify;\"><strong>Kraften av rosenkvarts<\/strong><\/p>\n<p style=\"text-align: justify;\">Inuti varje roll on finns rosenkvarts, k\u00e4nt som k\u00e4rlekens ambassad\u00f6r. Det \u00e4r hyllat f\u00f6r sin f\u00f6rm\u00e5ga att attrahera och v\u00e5rda k\u00e4rlek, och hj\u00e4lper till att fr\u00e4mja emotionell l\u00e4kning, lindra stress och skapa utrymme f\u00f6r k\u00e4rlek i alla dess former.<\/p>\n<p style=\"text-align: justify;\"><strong>S\u00e5 h\u00e4r anv\u00e4nder du den<\/strong><\/p>\n<p style=\"text-align: justify;\">Sm\u00f6rj f\u00f6rsiktigt &quot;\u00c4lskarna&quot; roll-on \u00f6ver ditt hj\u00e4rta, handleder eller nacke. K\u00e4nn den mjuka ber\u00f6ringen av rosenkvarts mot din hud. Andas in de f\u00f6rtrollande aromerna och visualisera dina djupaste \u00f6nskningar. Ta ett steg fram\u00e5t med sj\u00e4lvf\u00f6rtroende, inlindad i en gloria av k\u00e4rlek.<\/p>\n<p style=\"text-align: justify;\"><em>L\u00e5t &quot;\u00c4lskarna&quot; av Hop Hare vara din aromatiska f\u00f6ljeslagare i k\u00e4rlekens dans, som f\u00f6r dig n\u00e4rmare den k\u00e4rlek du s\u00f6ker och verkligen f\u00f6rtj\u00e4nar med varje applicering.<\/em><\/p>\n","protected":false},"excerpt":{"rendered":"<p>&quot;\u00c4lskarna&quot; av Hop Hare &ndash; en f\u00e4ngslande roll on med eteriska oljor och \u00e4delstenar designad f\u00f6r att v\u00e4cka k\u00e4rlek och passion. Varje flaska, som \u00e4r infuserad med naturens mest f\u00e4ngslande dofter och den n\u00e4rande essensen av rosenkvarts, \u00e4r en harmonisk blandning av k\u00e4rlek och lockelse. Kraften av rosenkvarts Inuti varje roll on finns rosenkvarts, k\u00e4nt [&hellip;]<\/p>\n","protected":false},"featured_media":264564,"comment_status":"closed","ping_status":"open","template":"","meta":[],"product_brand":[27116],"product_cat":[11868],"product_tag":[],"class_list":{"0":"post-217051","1":"product","2":"type-product","3":"status-publish","4":"has-post-thumbnail","6":"product_brand-hop-hare","7":"product_cat-aromaterapi-och-rumsdofter","8":"pa_collection-hop-hare-essential-oil-gemstone-roll-ons-10ml-sv","9":"pa_made-in-storbritannien","11":"first","12":"instock","13":"purchasable","14":"product-type-simple"},"supplier_id":null,"supplier_sku":"HHGR-01","barcode":null,"atum_controlled":true,"out_stock_date":null,"out_stock_threshold":null,"inheritable":false,"inbound_stock":null,"stock_on_hold":0,"sold_today":0,"sales_last_days":0,"reserved_stock":null,"customer_returns":null,"warehouse_damage":null,"lost_in_post":null,"other_logs":null,"out_stock_days":0,"lost_sales":0,"has_location":null,"update_date":"2026-02-10T10:29:44","atum_locations":[],"atum_stock_status":"instock","restock_status":false,"low_stock_amount":"","sales_update_date":"2025-09-05T00:16:52","calc_backorders":null,"_links":{"self":[{"href":"https:\/\/aromasentia.com\/sv\/wp-json\/wp\/v2\/product\/217051","targetHints":{"allow":["GET"]}}],"collection":[{"href":"https:\/\/aromasentia.com\/sv\/wp-json\/wp\/v2\/product"}],"about":[{"href":"https:\/\/aromasentia.com\/sv\/wp-json\/wp\/v2\/types\/product"}],"replies":[{"embeddable":true,"href":"https:\/\/aromasentia.com\/sv\/wp-json\/wp\/v2\/comments?post=217051"}],"version-history":[{"count":0,"href":"https:\/\/aromasentia.com\/sv\/wp-json\/wp\/v2\/product\/217051\/revisions"}],"wp:featuredmedia":[{"embeddable":true,"href":"https:\/\/aromasentia.com\/sv\/wp-json\/wp\/v2\/media\/264564"}],"wp:attachment":[{"href":"https:\/\/aromasentia.com\/sv\/wp-json\/wp\/v2\/media?parent=217051"}],"wp:term":[{"taxonomy":"product_brand","embeddable":true,"href":"https:\/\/aromasentia.com\/sv\/wp-json\/wp\/v2\/product_brand?post=217051"},{"taxonomy":"product_cat","embeddable":true,"href":"https:\/\/aromasentia.com\/sv\/wp-json\/wp\/v2\/product_cat?post=217051"},{"taxonomy":"product_tag","embeddable":true,"href":"https:\/\/aromasentia.com\/sv\/wp-json\/wp\/v2\/product_tag?post=217051"}],"curies":[{"name":"wp","href":"https:\/\/api.w.org\/{rel}","templated":true}]}}