{"id":217050,"date":"2025-03-20T14:58:59","date_gmt":"2025-03-20T14:58:59","guid":{"rendered":"https:\/\/aromasentia.com\/product\/hh-tarot-roll-on-the-magician\/"},"modified":"2025-12-31T15:50:05","modified_gmt":"2025-12-31T15:50:05","slug":"hop-hare-tarot-roll-on-trollkarlen","status":"publish","type":"product","link":"https:\/\/aromasentia.com\/sv\/hop-hare-tarot-roll-on-trollkarlen\/","title":{"rendered":"Hop Hare Tarot Roll On &#8211; Trollkarlen"},"content":{"rendered":"<p style=\"text-align: justify;\">&quot;Trollkarlen&quot; av Hop Hare &ndash; en roll on med eteriska oljor och \u00e4delstenar genomdr\u00e4nkt av mystik och designad f\u00f6r att \u00e5teruppliva din aura. Varje roll-on \u00e4r en skicklig fusion av energigivande dofter, f\u00f6rst\u00e4rkt av den transformativa essensen av gr\u00f6n aventurin.<\/p>\n<p style=\"text-align: justify;\"><strong>Magin hos gr\u00f6n aventurin<\/strong><\/p>\n<p style=\"text-align: justify;\">I hj\u00e4rtat av varje roll-on ligger gr\u00f6n aventurin, k\u00e4nd f\u00f6r sin f\u00f6rm\u00e5ga att skingra negativitet och fr\u00e4mja k\u00e4nslom\u00e4ssig motst\u00e5ndskraft. Dess n\u00e4rvaro i &quot;Trollkarlen&quot; syftar till att fr\u00e4mja v\u00e4lst\u00e5nd och mental klarhet, vilket m\u00f6jligg\u00f6r ett liv fyllt av syfte och mindre p\u00e5verkat av k\u00e4nslom\u00e4ssig oro.<\/p>\n<p style=\"text-align: justify;\"><strong>Anv\u00e4nd s\u00e5h\u00e4r:<\/strong><\/p>\n<p style=\"text-align: justify;\">Applicera &quot;Trollkarlen&quot; p\u00e5 pulspunkterna f\u00f6r att v\u00e4cka din inre alkemi. K\u00e4nn den jordande ber\u00f6ringen av gr\u00f6n aventurin mot din hud.<\/p>\n<p style=\"text-align: justify;\"><strong>Frig\u00f6r trollkarlens magi<\/strong><\/p>\n<p style=\"text-align: justify;\">Inkludera den i din morgonrutin f\u00f6r att s\u00e4tta en vitaliserad ton f\u00f6r dagen. B\u00e4r den som ett personligt talisman f\u00f6r mental sk\u00e4rpa och positiva vibbar. Anv\u00e4nd den f\u00f6re uppgifter f\u00f6r att kanalisera koncentration och kreativitet. Dela med reskamrater p\u00e5 resan mot kollektiv upplysning.<\/p>\n<p style=\"text-align: justify;\"><em>L\u00e5t &quot;Trollkarlen&quot; av Hop Hare frig\u00f6ra magin f\u00f6r dina sinnen, och leda dig till ett rike d\u00e4r energi fl\u00f6dar fritt och sinnet \u00e4r befriat.<\/em><\/p>\n","protected":false},"excerpt":{"rendered":"<p>&quot;Trollkarlen&quot; av Hop Hare &ndash; en roll on med eteriska oljor och \u00e4delstenar genomdr\u00e4nkt av mystik och designad f\u00f6r att \u00e5teruppliva din aura. Varje roll-on \u00e4r en skicklig fusion av energigivande dofter, f\u00f6rst\u00e4rkt av den transformativa essensen av gr\u00f6n aventurin. Magin hos gr\u00f6n aventurin I hj\u00e4rtat av varje roll-on ligger gr\u00f6n aventurin, k\u00e4nd f\u00f6r sin [&hellip;]<\/p>\n","protected":false},"featured_media":264523,"comment_status":"closed","ping_status":"open","template":"","meta":[],"product_brand":[27116],"product_cat":[11868],"product_tag":[],"class_list":{"0":"post-217050","1":"product","2":"type-product","3":"status-publish","4":"has-post-thumbnail","6":"product_brand-hop-hare","7":"product_cat-aromaterapi-och-rumsdofter","8":"pa_collection-hop-hare-essential-oil-gemstone-roll-ons-10ml-sv","9":"pa_made-in-storbritannien","11":"first","12":"instock","13":"purchasable","14":"product-type-simple"},"supplier_id":null,"supplier_sku":"HHGR-02","barcode":null,"atum_controlled":true,"out_stock_date":null,"out_stock_threshold":null,"inheritable":false,"inbound_stock":0,"stock_on_hold":0,"sold_today":0,"sales_last_days":0,"reserved_stock":0,"customer_returns":0,"warehouse_damage":0,"lost_in_post":0,"other_logs":0,"out_stock_days":0,"lost_sales":0,"has_location":false,"update_date":"2026-02-11T08:27:28","atum_locations":[],"atum_stock_status":"instock","restock_status":false,"low_stock_amount":"","sales_update_date":"2025-09-05T00:16:52","calc_backorders":null,"_links":{"self":[{"href":"https:\/\/aromasentia.com\/sv\/wp-json\/wp\/v2\/product\/217050","targetHints":{"allow":["GET"]}}],"collection":[{"href":"https:\/\/aromasentia.com\/sv\/wp-json\/wp\/v2\/product"}],"about":[{"href":"https:\/\/aromasentia.com\/sv\/wp-json\/wp\/v2\/types\/product"}],"replies":[{"embeddable":true,"href":"https:\/\/aromasentia.com\/sv\/wp-json\/wp\/v2\/comments?post=217050"}],"version-history":[{"count":0,"href":"https:\/\/aromasentia.com\/sv\/wp-json\/wp\/v2\/product\/217050\/revisions"}],"wp:featuredmedia":[{"embeddable":true,"href":"https:\/\/aromasentia.com\/sv\/wp-json\/wp\/v2\/media\/264523"}],"wp:attachment":[{"href":"https:\/\/aromasentia.com\/sv\/wp-json\/wp\/v2\/media?parent=217050"}],"wp:term":[{"taxonomy":"product_brand","embeddable":true,"href":"https:\/\/aromasentia.com\/sv\/wp-json\/wp\/v2\/product_brand?post=217050"},{"taxonomy":"product_cat","embeddable":true,"href":"https:\/\/aromasentia.com\/sv\/wp-json\/wp\/v2\/product_cat?post=217050"},{"taxonomy":"product_tag","embeddable":true,"href":"https:\/\/aromasentia.com\/sv\/wp-json\/wp\/v2\/product_tag?post=217050"}],"curies":[{"name":"wp","href":"https:\/\/api.w.org\/{rel}","templated":true}]}}