{"id":217049,"date":"2025-03-20T14:58:59","date_gmt":"2025-03-20T14:58:59","guid":{"rendered":"https:\/\/aromasentia.com\/product\/hh-tarot-roll-on-the-moon\/"},"modified":"2025-12-31T15:50:05","modified_gmt":"2025-12-31T15:50:05","slug":"hop-hare-tarot-roll-on-manen","status":"publish","type":"product","link":"https:\/\/aromasentia.com\/sv\/hop-hare-tarot-roll-on-manen\/","title":{"rendered":"Hop Hare Tarot Roll On &#8211; M\u00e5nen"},"content":{"rendered":"<p style=\"text-align: justify;\"><strong>&quot;M\u00e5nen&quot; av Hop Hare &ndash; varje roll-on<\/strong> kapslar in en blandning av lugnande dofter skapade f\u00f6r att stilla sinnet, kompletterad med den fridfulla energin av ametist.<\/p>\n<p style=\"text-align: justify;\"><strong>Ametist: Nattens V\u00e4ktare<\/strong><\/p>\n<p style=\"text-align: justify;\">Inuti varje roll-on vilar ametist-\u00e4delstenar, k\u00e4nda f\u00f6r sin f\u00f6rm\u00e5ga att d\u00e4mpa rastl\u00f6sa tankar och h\u00f6ja medvetandet till en h\u00f6gre niv\u00e5. I &quot;M\u00e5nen&quot; fungerar ametist som ett skydd mot nattens os\u00e4kerheter och skapar en fristad av fred och ro.<\/p>\n<p style=\"text-align: justify;\"><strong>Bjud in m\u00e5nen<\/strong><\/p>\n<p style=\"text-align: justify;\">Inkludera den i din kv\u00e4llsrutin f\u00f6r att varva ner och f\u00f6rbereda dig f\u00f6r vila. B\u00e4r den som en personlig doft f\u00f6r att b\u00e4ra nattens lugn med dig vart du \u00e4n g\u00e5r. F\u00f6rb\u00e4ttra meditation eller b\u00f6ner med en k\u00e4nsla av frid och introspektion. En genomt\u00e4nkt present f\u00f6r n\u00e4ra och k\u00e4ra som s\u00f6ker tr\u00f6st och avkoppling.<\/p>\n<p style=\"text-align: justify;\"><em>Med &quot;M\u00e5nen&quot; av Hop Hare, l\u00e5t nattens timmar omsluta dig i lugn, medan det milda inflytandet av ametist leder dig mot en fredlig och dr\u00f6mskapande s\u00f6mn.<\/em><\/p>\n","protected":false},"excerpt":{"rendered":"<p>&quot;M\u00e5nen&quot; av Hop Hare &ndash; varje roll-on kapslar in en blandning av lugnande dofter skapade f\u00f6r att stilla sinnet, kompletterad med den fridfulla energin av ametist. Ametist: Nattens V\u00e4ktare Inuti varje roll-on vilar ametist-\u00e4delstenar, k\u00e4nda f\u00f6r sin f\u00f6rm\u00e5ga att d\u00e4mpa rastl\u00f6sa tankar och h\u00f6ja medvetandet till en h\u00f6gre niv\u00e5. I &quot;M\u00e5nen&quot; fungerar ametist som ett [&hellip;]<\/p>\n","protected":false},"featured_media":264498,"comment_status":"closed","ping_status":"open","template":"","meta":[],"product_brand":[27116],"product_cat":[11868],"product_tag":[],"class_list":{"0":"post-217049","1":"product","2":"type-product","3":"status-publish","4":"has-post-thumbnail","6":"product_brand-hop-hare","7":"product_cat-aromaterapi-och-rumsdofter","8":"pa_collection-hop-hare-essential-oil-gemstone-roll-ons-10ml-sv","9":"pa_made-in-storbritannien","11":"first","12":"instock","13":"purchasable","14":"product-type-simple"},"supplier_id":null,"supplier_sku":"HHGR-03","barcode":null,"atum_controlled":true,"out_stock_date":null,"out_stock_threshold":null,"inheritable":false,"inbound_stock":null,"stock_on_hold":0,"sold_today":0,"sales_last_days":0,"reserved_stock":null,"customer_returns":null,"warehouse_damage":null,"lost_in_post":null,"other_logs":null,"out_stock_days":0,"lost_sales":0,"has_location":null,"update_date":"2026-02-12T03:51:19","atum_locations":[],"atum_stock_status":"instock","restock_status":false,"low_stock_amount":"","sales_update_date":"2025-09-05T00:16:51","calc_backorders":null,"_links":{"self":[{"href":"https:\/\/aromasentia.com\/sv\/wp-json\/wp\/v2\/product\/217049","targetHints":{"allow":["GET"]}}],"collection":[{"href":"https:\/\/aromasentia.com\/sv\/wp-json\/wp\/v2\/product"}],"about":[{"href":"https:\/\/aromasentia.com\/sv\/wp-json\/wp\/v2\/types\/product"}],"replies":[{"embeddable":true,"href":"https:\/\/aromasentia.com\/sv\/wp-json\/wp\/v2\/comments?post=217049"}],"version-history":[{"count":0,"href":"https:\/\/aromasentia.com\/sv\/wp-json\/wp\/v2\/product\/217049\/revisions"}],"wp:featuredmedia":[{"embeddable":true,"href":"https:\/\/aromasentia.com\/sv\/wp-json\/wp\/v2\/media\/264498"}],"wp:attachment":[{"href":"https:\/\/aromasentia.com\/sv\/wp-json\/wp\/v2\/media?parent=217049"}],"wp:term":[{"taxonomy":"product_brand","embeddable":true,"href":"https:\/\/aromasentia.com\/sv\/wp-json\/wp\/v2\/product_brand?post=217049"},{"taxonomy":"product_cat","embeddable":true,"href":"https:\/\/aromasentia.com\/sv\/wp-json\/wp\/v2\/product_cat?post=217049"},{"taxonomy":"product_tag","embeddable":true,"href":"https:\/\/aromasentia.com\/sv\/wp-json\/wp\/v2\/product_tag?post=217049"}],"curies":[{"name":"wp","href":"https:\/\/api.w.org\/{rel}","templated":true}]}}