{"id":217048,"date":"2025-03-20T14:58:59","date_gmt":"2025-03-20T14:58:59","guid":{"rendered":"https:\/\/aromasentia.com\/product\/hh-tarot-roll-on-the-devil\/"},"modified":"2025-12-31T15:50:05","modified_gmt":"2025-12-31T15:50:05","slug":"hop-hare-tarot-roll-on-djavulen","status":"publish","type":"product","link":"https:\/\/aromasentia.com\/sv\/hop-hare-tarot-roll-on-djavulen\/","title":{"rendered":"Hop Hare Tarot Roll On &#8211; Dj\u00e4vulen"},"content":{"rendered":"<p style=\"text-align: justify;\"><strong>&quot;Dj\u00e4vulen&quot; av Hop Hare &ndash; en roll on eterisk olja<\/strong> infunderad med \u00e4delstenar f\u00f6r att harmonisera din vibrerande energi med det stabiliserande infltandet av r\u00f6d jaspis. Varje roll-on \u00e4r en kraftfull blandning av dj\u00e4rva dofter, som garanterat v\u00e4cker din inre dynamik.<\/p>\n<p style=\"text-align: justify;\"><strong>Den balanserande \u00e4delstenen:<\/strong><\/p>\n<p style=\"text-align: justify;\">I centrum av varje roll-on ligger r\u00f6d jaspis, k\u00e4nd f\u00f6r sin f\u00f6rm\u00e5ga att skapa balans. Den tros d\u00e4mpa extremer och s\u00e4kerst\u00e4lla att dina dynamiska energier fl\u00f6dar i harmoni med v\u00e4rlden omkring dig.<\/p>\n<p style=\"text-align: justify;\"><strong>Omfamna Dj\u00e4vulens inflytande<\/strong><\/p>\n<p style=\"text-align: justify;\">Inkludera den i din morgonrutin f\u00f6r att fylla dagen med vitalitet. B\u00e4r den som en personlig doft f\u00f6r att utstr\u00e5la dj\u00e4rvhet och elegans. \u00c5terapplicera innan sociala tillf\u00e4llen f\u00f6r att str\u00e5la av karisma och sj\u00e4lvf\u00f6rtroende. Ge den som present till dem som omfamnar sin styrka och njuter av livets kraft.<\/p>\n<p style=\"text-align: justify;\"><em>Med &quot;Dj\u00e4vulen&quot; av Hop Hare, tr\u00e4da modigt in i livets dans och l\u00e5t r\u00f6d jaspis v\u00e4gleda dig genom varje rytm med passion och kraft.<\/em><\/p>\n","protected":false},"excerpt":{"rendered":"<p>&quot;Dj\u00e4vulen&quot; av Hop Hare &ndash; en roll on eterisk olja infunderad med \u00e4delstenar f\u00f6r att harmonisera din vibrerande energi med det stabiliserande infltandet av r\u00f6d jaspis. Varje roll-on \u00e4r en kraftfull blandning av dj\u00e4rva dofter, som garanterat v\u00e4cker din inre dynamik. Den balanserande \u00e4delstenen: I centrum av varje roll-on ligger r\u00f6d jaspis, k\u00e4nd f\u00f6r sin [&hellip;]<\/p>\n","protected":false},"featured_media":264473,"comment_status":"closed","ping_status":"open","template":"","meta":[],"product_brand":[27116],"product_cat":[11868],"product_tag":[],"class_list":{"0":"post-217048","1":"product","2":"type-product","3":"status-publish","4":"has-post-thumbnail","6":"product_brand-hop-hare","7":"product_cat-aromaterapi-och-rumsdofter","8":"pa_collection-hop-hare-essential-oil-gemstone-roll-ons-10ml-sv","9":"pa_made-in-storbritannien","11":"first","12":"instock","13":"purchasable","14":"product-type-simple"},"supplier_id":null,"supplier_sku":"HHGR-04","barcode":null,"atum_controlled":true,"out_stock_date":null,"out_stock_threshold":null,"inheritable":false,"inbound_stock":null,"stock_on_hold":0,"sold_today":0,"sales_last_days":0,"reserved_stock":null,"customer_returns":null,"warehouse_damage":null,"lost_in_post":null,"other_logs":null,"out_stock_days":0,"lost_sales":0,"has_location":null,"update_date":"2026-02-11T08:28:41","atum_locations":[],"atum_stock_status":"instock","restock_status":false,"low_stock_amount":"","sales_update_date":"2025-10-09T03:21:16","calc_backorders":null,"_links":{"self":[{"href":"https:\/\/aromasentia.com\/sv\/wp-json\/wp\/v2\/product\/217048","targetHints":{"allow":["GET"]}}],"collection":[{"href":"https:\/\/aromasentia.com\/sv\/wp-json\/wp\/v2\/product"}],"about":[{"href":"https:\/\/aromasentia.com\/sv\/wp-json\/wp\/v2\/types\/product"}],"replies":[{"embeddable":true,"href":"https:\/\/aromasentia.com\/sv\/wp-json\/wp\/v2\/comments?post=217048"}],"version-history":[{"count":0,"href":"https:\/\/aromasentia.com\/sv\/wp-json\/wp\/v2\/product\/217048\/revisions"}],"wp:featuredmedia":[{"embeddable":true,"href":"https:\/\/aromasentia.com\/sv\/wp-json\/wp\/v2\/media\/264473"}],"wp:attachment":[{"href":"https:\/\/aromasentia.com\/sv\/wp-json\/wp\/v2\/media?parent=217048"}],"wp:term":[{"taxonomy":"product_brand","embeddable":true,"href":"https:\/\/aromasentia.com\/sv\/wp-json\/wp\/v2\/product_brand?post=217048"},{"taxonomy":"product_cat","embeddable":true,"href":"https:\/\/aromasentia.com\/sv\/wp-json\/wp\/v2\/product_cat?post=217048"},{"taxonomy":"product_tag","embeddable":true,"href":"https:\/\/aromasentia.com\/sv\/wp-json\/wp\/v2\/product_tag?post=217048"}],"curies":[{"name":"wp","href":"https:\/\/api.w.org\/{rel}","templated":true}]}}