{"id":217047,"date":"2025-03-20T14:58:59","date_gmt":"2025-03-20T14:58:59","guid":{"rendered":"https:\/\/aromasentia.com\/product\/hh-tarot-roll-on-the-sun\/"},"modified":"2025-12-31T15:49:58","modified_gmt":"2025-12-31T15:49:58","slug":"hop-hare-tarot-roll-on-solen","status":"publish","type":"product","link":"https:\/\/aromasentia.com\/sv\/hop-hare-tarot-roll-on-solen\/","title":{"rendered":"Hop Hare Tarot Roll On &#8211; Solen"},"content":{"rendered":"<p style=\"text-align: justify;\"><strong>&quot;Solen&quot; av Hop Hare &ndash; en roll on eterisk olja<\/strong> infunderad med \u00e4delstenar som f\u00f6rkroppsligar den st\u00e4rkande essensen av en solig dag. Denna blandning, berikad med den klarg\u00f6rande energin av sodalit, \u00e4r din f\u00f6ljeslagare f\u00f6r att omfamna ett liv av dj\u00e4rvhet och briljans.<\/p>\n<p style=\"text-align: justify;\"><strong>Den soliga \u00e4delstenen: sodalit<\/strong><\/p>\n<p style=\"text-align: justify;\">I hj\u00e4rtat av varje roll-on ligger sodalit, utvald f\u00f6r sin f\u00f6rm\u00e5ga att st\u00e4rka sj\u00e4lvk\u00e4nslan och fr\u00e4mja k\u00e4nslom\u00e4ssig balans. Sodalites n\u00e4rvaro i &quot;Solen&quot; syftar till att f\u00f6rst\u00e4rka dina inre \u00f6vertygelser, vilket ger ett fast sj\u00e4lvf\u00f6rtroende som harmoniserar med roll-onens vibrerande aura.<\/p>\n<p style=\"text-align: justify;\"><strong>Omfamna Solen<\/strong><\/p>\n<p style=\"text-align: justify;\">Inkludera den i dina dagliga affirmationer f\u00f6r att st\u00e4rka en positiv sj\u00e4lvbild. Anv\u00e4nd som en doftande p\u00e5minnelse vid tillf\u00e4llen som kr\u00e4ver mod och lugn. Applicera som en personlig doft f\u00f6r att naturligt f\u00f6rst\u00e4rka din magnetiska n\u00e4rvaro. Ge den som en k\u00e4rleksfull present f\u00f6r att inspirera v\u00e4rme och sj\u00e4lvf\u00f6rtroende hos dina n\u00e4ra och k\u00e4ra.<\/p>\n<p style=\"text-align: justify;\"><em>L\u00e5t &quot;Solen&quot; av Hop Hare lysa upp din v\u00e4g mot obegr\u00e4nsad potential, v\u00e4gledd av blandningens briljans och den sj\u00e4lvk\u00e4nslost\u00e4rkande kraften av sodalit.<\/em><\/p>\n","protected":false},"excerpt":{"rendered":"<p>&quot;Solen&quot; av Hop Hare &ndash; en roll on eterisk olja infunderad med \u00e4delstenar som f\u00f6rkroppsligar den st\u00e4rkande essensen av en solig dag. Denna blandning, berikad med den klarg\u00f6rande energin av sodalit, \u00e4r din f\u00f6ljeslagare f\u00f6r att omfamna ett liv av dj\u00e4rvhet och briljans. Den soliga \u00e4delstenen: sodalit I hj\u00e4rtat av varje roll-on ligger sodalit, utvald [&hellip;]<\/p>\n","protected":false},"featured_media":264448,"comment_status":"closed","ping_status":"open","template":"","meta":[],"product_brand":[27116],"product_cat":[11868],"product_tag":[],"class_list":{"0":"post-217047","1":"product","2":"type-product","3":"status-publish","4":"has-post-thumbnail","6":"product_brand-hop-hare","7":"product_cat-aromaterapi-och-rumsdofter","8":"pa_collection-hop-hare-essential-oil-gemstone-roll-ons-10ml-sv","9":"pa_made-in-storbritannien","11":"first","12":"instock","13":"purchasable","14":"product-type-simple"},"supplier_id":null,"supplier_sku":"HHGR-05","barcode":null,"atum_controlled":true,"out_stock_date":null,"out_stock_threshold":null,"inheritable":false,"inbound_stock":null,"stock_on_hold":0,"sold_today":0,"sales_last_days":0,"reserved_stock":null,"customer_returns":null,"warehouse_damage":null,"lost_in_post":null,"other_logs":null,"out_stock_days":0,"lost_sales":0,"has_location":null,"update_date":"2026-02-11T08:30:40","atum_locations":[],"atum_stock_status":"instock","restock_status":false,"low_stock_amount":"","sales_update_date":"2025-09-05T00:16:51","calc_backorders":null,"_links":{"self":[{"href":"https:\/\/aromasentia.com\/sv\/wp-json\/wp\/v2\/product\/217047","targetHints":{"allow":["GET"]}}],"collection":[{"href":"https:\/\/aromasentia.com\/sv\/wp-json\/wp\/v2\/product"}],"about":[{"href":"https:\/\/aromasentia.com\/sv\/wp-json\/wp\/v2\/types\/product"}],"replies":[{"embeddable":true,"href":"https:\/\/aromasentia.com\/sv\/wp-json\/wp\/v2\/comments?post=217047"}],"version-history":[{"count":0,"href":"https:\/\/aromasentia.com\/sv\/wp-json\/wp\/v2\/product\/217047\/revisions"}],"wp:featuredmedia":[{"embeddable":true,"href":"https:\/\/aromasentia.com\/sv\/wp-json\/wp\/v2\/media\/264448"}],"wp:attachment":[{"href":"https:\/\/aromasentia.com\/sv\/wp-json\/wp\/v2\/media?parent=217047"}],"wp:term":[{"taxonomy":"product_brand","embeddable":true,"href":"https:\/\/aromasentia.com\/sv\/wp-json\/wp\/v2\/product_brand?post=217047"},{"taxonomy":"product_cat","embeddable":true,"href":"https:\/\/aromasentia.com\/sv\/wp-json\/wp\/v2\/product_cat?post=217047"},{"taxonomy":"product_tag","embeddable":true,"href":"https:\/\/aromasentia.com\/sv\/wp-json\/wp\/v2\/product_tag?post=217047"}],"curies":[{"name":"wp","href":"https:\/\/api.w.org\/{rel}","templated":true}]}}