{"id":217046,"date":"2025-03-20T14:58:59","date_gmt":"2025-03-20T14:58:59","guid":{"rendered":"https:\/\/aromasentia.com\/product\/hh-tarot-roll-on-the-lion\/"},"modified":"2025-12-31T15:49:58","modified_gmt":"2025-12-31T15:49:58","slug":"hop-hare-tarot-roll-on-lejonet","status":"publish","type":"product","link":"https:\/\/aromasentia.com\/sv\/hop-hare-tarot-roll-on-lejonet\/","title":{"rendered":"Hop Hare Tarot Roll On &#8211; Lejonet"},"content":{"rendered":"<p style=\"text-align: justify;\"><strong>&quot;Lejonet&quot; av Hop Hare &ndash; en roll-on eterisk olja<\/strong> som f\u00e5ngar essensen av djungelns kung &ndash; kraftfull men samlad. Denna blandning, som \u00e4r infunderad med den harmoniserande energin av &nbsp;stenkvarts, \u00e4r noggrant skapad f\u00f6r att frig\u00f6ra energi i sin renaste form och \u00e5terst\u00e4lla balans i ditt rike.<\/p>\n<p style=\"text-align: justify;\"><strong>Lejonets kristallhj\u00e4rta: stenkvarts<\/strong><\/p>\n<p style=\"text-align: justify;\">I hj\u00e4rtat av varje roll-on finns stenkvarts, v\u00f6rdad f\u00f6r sin f\u00f6rm\u00e5ga att rena auraf\u00e4ltet och f\u00f6rb\u00e4ttra det energetiska fl\u00f6det. Kristallens inneboende renhet och motst\u00e5ndskraft speglar det hos ett lejonhj\u00e4rta &ndash; orubbligt och balanserat.<\/p>\n<p style=\"text-align: justify;\"><strong>Omfamna Lejonets anda<\/strong><\/p>\n<p style=\"text-align: justify;\">Applicera p\u00e5 morgonen f\u00f6r att bjuda in en dag av ledarskap och sj\u00e4lvf\u00f6rtroende. Inkludera i meditation f\u00f6r att f\u00f6rdjupa din koppling till inre styrka. B\u00e4r den som en personlig doft f\u00f6r att naturligt kommendera respekt och beundran. Ge den som en g\u00e5va till dem som personifierar &quot;Lejonet&quot;, eller str\u00e4var efter att g\u00f6ra det.<\/p>\n<p style=\"text-align: justify;\"><em>L\u00e5t &quot;Lejonet&quot; av Hop Hare eka som det m\u00e4ktiga rytandet som leder din dag, med stenkvarts som v\u00e4gleder dig mot att uppn\u00e5 ett suver\u00e4nt balans och majest\u00e4tisk komposition.<\/em><\/p>\n","protected":false},"excerpt":{"rendered":"<p>&quot;Lejonet&quot; av Hop Hare &ndash; en roll-on eterisk olja som f\u00e5ngar essensen av djungelns kung &ndash; kraftfull men samlad. Denna blandning, som \u00e4r infunderad med den harmoniserande energin av &nbsp;stenkvarts, \u00e4r noggrant skapad f\u00f6r att frig\u00f6ra energi i sin renaste form och \u00e5terst\u00e4lla balans i ditt rike. Lejonets kristallhj\u00e4rta: stenkvarts I hj\u00e4rtat av varje roll-on [&hellip;]<\/p>\n","protected":false},"featured_media":264423,"comment_status":"closed","ping_status":"open","template":"","meta":[],"product_brand":[27116],"product_cat":[11868],"product_tag":[],"class_list":{"0":"post-217046","1":"product","2":"type-product","3":"status-publish","4":"has-post-thumbnail","6":"product_brand-hop-hare","7":"product_cat-aromaterapi-och-rumsdofter","8":"pa_collection-hop-hare-essential-oil-gemstone-roll-ons-10ml-sv","9":"pa_made-in-storbritannien","11":"first","12":"instock","13":"purchasable","14":"product-type-simple"},"supplier_id":null,"supplier_sku":"HHGR-06","barcode":null,"atum_controlled":true,"out_stock_date":null,"out_stock_threshold":null,"inheritable":false,"inbound_stock":null,"stock_on_hold":0,"sold_today":0,"sales_last_days":0,"reserved_stock":null,"customer_returns":null,"warehouse_damage":null,"lost_in_post":null,"other_logs":null,"out_stock_days":0,"lost_sales":0,"has_location":null,"update_date":"2026-02-11T08:30:45","atum_locations":[],"atum_stock_status":"instock","restock_status":false,"low_stock_amount":"","sales_update_date":"2025-09-05T00:16:50","calc_backorders":null,"_links":{"self":[{"href":"https:\/\/aromasentia.com\/sv\/wp-json\/wp\/v2\/product\/217046","targetHints":{"allow":["GET"]}}],"collection":[{"href":"https:\/\/aromasentia.com\/sv\/wp-json\/wp\/v2\/product"}],"about":[{"href":"https:\/\/aromasentia.com\/sv\/wp-json\/wp\/v2\/types\/product"}],"replies":[{"embeddable":true,"href":"https:\/\/aromasentia.com\/sv\/wp-json\/wp\/v2\/comments?post=217046"}],"version-history":[{"count":0,"href":"https:\/\/aromasentia.com\/sv\/wp-json\/wp\/v2\/product\/217046\/revisions"}],"wp:featuredmedia":[{"embeddable":true,"href":"https:\/\/aromasentia.com\/sv\/wp-json\/wp\/v2\/media\/264423"}],"wp:attachment":[{"href":"https:\/\/aromasentia.com\/sv\/wp-json\/wp\/v2\/media?parent=217046"}],"wp:term":[{"taxonomy":"product_brand","embeddable":true,"href":"https:\/\/aromasentia.com\/sv\/wp-json\/wp\/v2\/product_brand?post=217046"},{"taxonomy":"product_cat","embeddable":true,"href":"https:\/\/aromasentia.com\/sv\/wp-json\/wp\/v2\/product_cat?post=217046"},{"taxonomy":"product_tag","embeddable":true,"href":"https:\/\/aromasentia.com\/sv\/wp-json\/wp\/v2\/product_tag?post=217046"}],"curies":[{"name":"wp","href":"https:\/\/api.w.org\/{rel}","templated":true}]}}