{"id":217045,"date":"2025-03-20T14:58:59","date_gmt":"2025-03-20T14:58:59","guid":{"rendered":"https:\/\/aromasentia.com\/product\/hh-tarot-roll-on-the-knight\/"},"modified":"2025-12-31T15:49:58","modified_gmt":"2025-12-31T15:49:58","slug":"hop-hare-tarot-roll-on-riddaren","status":"publish","type":"product","link":"https:\/\/aromasentia.com\/sv\/hop-hare-tarot-roll-on-riddaren\/","title":{"rendered":"Hop Hare Tarot Roll On &#8211; Riddaren"},"content":{"rendered":"<p style=\"text-align: justify;\"><strong>&quot;Riddaren&quot; av Hop Hare &ndash; En eterisk olja med \u00e4delstenar i roll-on flaska f\u00f6r den moderna &#39;livskrigaren&#39;.<\/strong> Denna blandning \u00e4r infunderad med den skyddande energin av svart turmalin, och \u00e4r noggrant skapad f\u00f6r att attrahera v\u00e4lst\u00e5nd och fr\u00e4mja v\u00e4nskapsband.<\/p>\n<p style=\"text-align: justify;\"><strong>Riddarens Skyddande Sten: Svart Turmalin<\/strong><\/p>\n<p style=\"text-align: justify;\">Inuti varje roll-on finns svart turmalin, k\u00e4nd f\u00f6r sin f\u00f6rm\u00e5ga att avv\u00e4rja negativitet och locka till sig rikedom och gemenskap. Dess n\u00e4rvaro i &quot;Riddaren&quot; fungerar som en fyr f\u00f6r dem som navigerar livets utmaningar med mod och elegans.<\/p>\n<p style=\"text-align: justify;\"><strong>S\u00e5 h\u00e4r utnyttjar du dess kraft:<\/strong><\/p>\n<ul>\n<li style=\"text-align: justify;\">Applicera oljeblandningen p\u00e5 pulspunkterna med precision som en erfaren sv\u00e4rdsk\u00e4mpare.<\/li>\n<li style=\"text-align: justify;\">Inhalera blandningen av tr\u00e4iga och blommiga dofter, och f\u00f6rbered dig f\u00f6r dagens \u00e4ventyr.<\/li>\n<li style=\"text-align: justify;\">Ta ett steg fram\u00e5t med trygghet och karisma som en riddare i gl\u00e4nsande rustning.<\/li>\n<\/ul>\n<p style=\"text-align: justify;\"><em>Omfamna v\u00e4lst\u00e5dets och v\u00e4nskapens mantel med &quot;Riddaren&quot; av Hop Hare, guidad mot seger av den \u00e4dla blandningen och den st\u00e4rkande svarta turmalinen.<\/em><\/p>\n","protected":false},"excerpt":{"rendered":"<p>&quot;Riddaren&quot; av Hop Hare &ndash; En eterisk olja med \u00e4delstenar i roll-on flaska f\u00f6r den moderna &#39;livskrigaren&#39;. Denna blandning \u00e4r infunderad med den skyddande energin av svart turmalin, och \u00e4r noggrant skapad f\u00f6r att attrahera v\u00e4lst\u00e5nd och fr\u00e4mja v\u00e4nskapsband. Riddarens Skyddande Sten: Svart Turmalin Inuti varje roll-on finns svart turmalin, k\u00e4nd f\u00f6r sin f\u00f6rm\u00e5ga att [&hellip;]<\/p>\n","protected":false},"featured_media":264398,"comment_status":"closed","ping_status":"open","template":"","meta":[],"product_brand":[27116],"product_cat":[11868],"product_tag":[],"class_list":{"0":"post-217045","1":"product","2":"type-product","3":"status-publish","4":"has-post-thumbnail","6":"product_brand-hop-hare","7":"product_cat-aromaterapi-och-rumsdofter","8":"pa_collection-hop-hare-essential-oil-gemstone-roll-ons-10ml-sv","9":"pa_made-in-storbritannien","11":"first","12":"instock","13":"purchasable","14":"product-type-simple"},"supplier_id":null,"supplier_sku":"HHGR-07","barcode":null,"atum_controlled":true,"out_stock_date":null,"out_stock_threshold":null,"inheritable":false,"inbound_stock":null,"stock_on_hold":0,"sold_today":0,"sales_last_days":0,"reserved_stock":null,"customer_returns":null,"warehouse_damage":null,"lost_in_post":null,"other_logs":null,"out_stock_days":0,"lost_sales":0,"has_location":null,"update_date":"2026-02-11T08:29:39","atum_locations":[],"atum_stock_status":"instock","restock_status":false,"low_stock_amount":"","sales_update_date":"2025-09-05T00:16:50","calc_backorders":null,"_links":{"self":[{"href":"https:\/\/aromasentia.com\/sv\/wp-json\/wp\/v2\/product\/217045","targetHints":{"allow":["GET"]}}],"collection":[{"href":"https:\/\/aromasentia.com\/sv\/wp-json\/wp\/v2\/product"}],"about":[{"href":"https:\/\/aromasentia.com\/sv\/wp-json\/wp\/v2\/types\/product"}],"replies":[{"embeddable":true,"href":"https:\/\/aromasentia.com\/sv\/wp-json\/wp\/v2\/comments?post=217045"}],"version-history":[{"count":0,"href":"https:\/\/aromasentia.com\/sv\/wp-json\/wp\/v2\/product\/217045\/revisions"}],"wp:featuredmedia":[{"embeddable":true,"href":"https:\/\/aromasentia.com\/sv\/wp-json\/wp\/v2\/media\/264398"}],"wp:attachment":[{"href":"https:\/\/aromasentia.com\/sv\/wp-json\/wp\/v2\/media?parent=217045"}],"wp:term":[{"taxonomy":"product_brand","embeddable":true,"href":"https:\/\/aromasentia.com\/sv\/wp-json\/wp\/v2\/product_brand?post=217045"},{"taxonomy":"product_cat","embeddable":true,"href":"https:\/\/aromasentia.com\/sv\/wp-json\/wp\/v2\/product_cat?post=217045"},{"taxonomy":"product_tag","embeddable":true,"href":"https:\/\/aromasentia.com\/sv\/wp-json\/wp\/v2\/product_tag?post=217045"}],"curies":[{"name":"wp","href":"https:\/\/api.w.org\/{rel}","templated":true}]}}