{"id":217028,"date":"2025-03-20T15:00:08","date_gmt":"2025-03-20T15:00:08","guid":{"rendered":"https:\/\/aromasentia.com\/product\/lrg-home-oil-burner-grey-love-home-sweet-home\/"},"modified":"2025-12-31T15:49:51","modified_gmt":"2025-12-31T15:49:51","slug":"stor-home-oljebrannare-gra-love-home-sweet-home","status":"publish","type":"product","link":"https:\/\/aromasentia.com\/sv\/stor-home-oljebrannare-gra-love-home-sweet-home\/","title":{"rendered":"Stor Home Oljebr\u00e4nnare &#8211; Gr\u00e5 &#8211; Love Home Sweet Home"},"content":{"rendered":"<p style=\"text-align: justify;\">Dessa <strong>oljebr\u00e4nnare i grossistledet<\/strong> \u00e4r en bra presentid&eacute; f\u00f6r speciella tillf\u00e4llen tack vare sin kvalitet, material och v\u00e4rde.&nbsp;<\/p>\n<p style=\"text-align: justify;\">Keramiska Home Oljebr\u00e4nnare \u00e4r bra att anv\u00e4nda med <strong>doftoljor, sojavaxer <\/strong>eller <strong>doftgranulat<\/strong>. De g\u00f6r ocks\u00e5 en mycket fin dekoration i alla rum, tack vare den vackra f\u00e4rgglada keramiken.&nbsp;<\/p>\n<p style=\"text-align: justify;\">S\u00e4ljes i en f\u00f6rpackning om 4.<\/p>\n","protected":false},"excerpt":{"rendered":"<p>Dessa oljebr\u00e4nnare i grossistledet \u00e4r en bra presentid&eacute; f\u00f6r speciella tillf\u00e4llen tack vare sin kvalitet, material och v\u00e4rde.&nbsp; Keramiska Home Oljebr\u00e4nnare \u00e4r bra att anv\u00e4nda med doftoljor, sojavaxer eller doftgranulat. De g\u00f6r ocks\u00e5 en mycket fin dekoration i alla rum, tack vare den vackra f\u00e4rgglada keramiken.&nbsp; S\u00e4ljes i en f\u00f6rpackning om 4.<\/p>\n","protected":false},"featured_media":264679,"comment_status":"closed","ping_status":"open","template":"","meta":{"_angie_page":false},"product_brand":[],"product_cat":[12345,11884],"product_tag":[],"class_list":{"0":"post-217028","1":"product","2":"type-product","3":"status-publish","4":"has-post-thumbnail","6":"product_cat-aromalampor","7":"product_cat-aromalampor-diffusers-och-doftpinnar","8":"pa_collection-home-oil-burner-sv","9":"pa_made-in-kina","11":"first","12":"instock","13":"purchasable","14":"product-type-simple"},"supplier_id":null,"supplier_sku":"HomeOB-03","barcode":null,"atum_controlled":true,"out_stock_date":null,"out_stock_threshold":null,"inheritable":false,"inbound_stock":null,"stock_on_hold":0,"sold_today":0,"sales_last_days":0,"reserved_stock":null,"customer_returns":null,"warehouse_damage":null,"lost_in_post":null,"other_logs":null,"out_stock_days":0,"lost_sales":0,"has_location":null,"update_date":"2026-04-27T19:09:25","atum_locations":[],"atum_stock_status":"instock","restock_status":false,"low_stock_amount":"","sales_update_date":"2026-01-30T01:24:33","calc_backorders":null,"_links":{"self":[{"href":"https:\/\/aromasentia.com\/sv\/wp-json\/wp\/v2\/product\/217028","targetHints":{"allow":["GET"]}}],"collection":[{"href":"https:\/\/aromasentia.com\/sv\/wp-json\/wp\/v2\/product"}],"about":[{"href":"https:\/\/aromasentia.com\/sv\/wp-json\/wp\/v2\/types\/product"}],"replies":[{"embeddable":true,"href":"https:\/\/aromasentia.com\/sv\/wp-json\/wp\/v2\/comments?post=217028"}],"version-history":[{"count":0,"href":"https:\/\/aromasentia.com\/sv\/wp-json\/wp\/v2\/product\/217028\/revisions"}],"wp:featuredmedia":[{"embeddable":true,"href":"https:\/\/aromasentia.com\/sv\/wp-json\/wp\/v2\/media\/264679"}],"wp:attachment":[{"href":"https:\/\/aromasentia.com\/sv\/wp-json\/wp\/v2\/media?parent=217028"}],"wp:term":[{"taxonomy":"product_brand","embeddable":true,"href":"https:\/\/aromasentia.com\/sv\/wp-json\/wp\/v2\/product_brand?post=217028"},{"taxonomy":"product_cat","embeddable":true,"href":"https:\/\/aromasentia.com\/sv\/wp-json\/wp\/v2\/product_cat?post=217028"},{"taxonomy":"product_tag","embeddable":true,"href":"https:\/\/aromasentia.com\/sv\/wp-json\/wp\/v2\/product_tag?post=217028"}],"curies":[{"name":"wp","href":"https:\/\/api.w.org\/{rel}","templated":true}]}}