{"id":217025,"date":"2025-03-20T15:00:45","date_gmt":"2025-03-20T15:00:45","guid":{"rendered":"https:\/\/aromasentia.com\/product\/sandalwood-glow-1kg-massage-oil\/"},"modified":"2025-12-31T15:49:43","modified_gmt":"2025-12-31T15:49:43","slug":"stralande-hud-sandeltra-glod-massageolja-1l","status":"publish","type":"product","link":"https:\/\/aromasentia.com\/sv\/stralande-hud-sandeltra-glod-massageolja-1l\/","title":{"rendered":"Str\u00e5lande Hud &#8211; Sandeltr\u00e4 Gl\u00f6d Massageolja &#8211; 1L"},"content":{"rendered":"<p style=\"text-align: justify;\"><strong>Ingredienser:<\/strong> Sandeltr\u00e4 amyris, svartpeppar &amp; mandarin eteriska oljor blandade med druvk\u00e4rneolja.&nbsp;<\/p>\n<p style=\"text-align: justify;\">Ancient Wisdom Massageoljor \u00e4r expertblandade. De \u00e4r inte bara designade f\u00f6r en fantastisk massage utan var och en \u00e4r infunderad med eteriska oljor, vilket ger n\u00e5got extra speciellt.&nbsp;<\/p>\n<p style=\"text-align: justify;\"><strong>Sandeltr\u00e4 Gl\u00f6d Massageolja<\/strong> \u00e4r blandad f\u00f6r att vara en avslappnande och avstressande massageolja som ocks\u00e5 \u00e4r bra f\u00f6r huden. Detta tillsammans med den sensuella och avslappnande doften av sandeltr\u00e4 ger en fantastisk massageolja.&nbsp;<\/p>\n<p style=\"text-align: justify;\"><strong>Allergener:&nbsp;<\/strong>Limonene och Linalool.<\/p>\n","protected":false},"excerpt":{"rendered":"<p>Ingredienser: Sandeltr\u00e4 amyris, svartpeppar &amp; mandarin eteriska oljor blandade med druvk\u00e4rneolja.&nbsp; Ancient Wisdom Massageoljor \u00e4r expertblandade. De \u00e4r inte bara designade f\u00f6r en fantastisk massage utan var och en \u00e4r infunderad med eteriska oljor, vilket ger n\u00e5got extra speciellt.&nbsp; Sandeltr\u00e4 Gl\u00f6d Massageolja \u00e4r blandad f\u00f6r att vara en avslappnande och avstressande massageolja som ocks\u00e5 \u00e4r [&hellip;]<\/p>\n","protected":false},"featured_media":264982,"comment_status":"closed","ping_status":"open","template":"","meta":{"_angie_page":false},"product_brand":[],"product_cat":[12600,25845,13747,26063,26899],"product_tag":[],"class_list":{"0":"post-217025","1":"product","2":"type-product","3":"status-publish","4":"has-post-thumbnail","6":"product_cat-bad-och-dusch","7":"product_cat-dofter-aromer","8":"product_cat-massageoljor","9":"product_cat-sandeltra","10":"product_cat-traig","11":"pa_collection-massage-and-bath-oils-1kg-sv","12":"pa_made-in-storbritannien","14":"first","15":"instock","16":"purchasable","17":"product-type-simple"},"supplier_id":null,"supplier_sku":"MOB-03","barcode":null,"atum_controlled":true,"out_stock_date":null,"out_stock_threshold":null,"inheritable":false,"inbound_stock":null,"stock_on_hold":0,"sold_today":0,"sales_last_days":0,"reserved_stock":null,"customer_returns":null,"warehouse_damage":null,"lost_in_post":null,"other_logs":null,"out_stock_days":0,"lost_sales":0,"has_location":null,"update_date":"2026-04-27T07:13:22","atum_locations":[],"atum_stock_status":"instock","restock_status":false,"low_stock_amount":"","sales_update_date":"2026-02-06T00:02:10","calc_backorders":null,"_links":{"self":[{"href":"https:\/\/aromasentia.com\/sv\/wp-json\/wp\/v2\/product\/217025","targetHints":{"allow":["GET"]}}],"collection":[{"href":"https:\/\/aromasentia.com\/sv\/wp-json\/wp\/v2\/product"}],"about":[{"href":"https:\/\/aromasentia.com\/sv\/wp-json\/wp\/v2\/types\/product"}],"replies":[{"embeddable":true,"href":"https:\/\/aromasentia.com\/sv\/wp-json\/wp\/v2\/comments?post=217025"}],"version-history":[{"count":0,"href":"https:\/\/aromasentia.com\/sv\/wp-json\/wp\/v2\/product\/217025\/revisions"}],"wp:featuredmedia":[{"embeddable":true,"href":"https:\/\/aromasentia.com\/sv\/wp-json\/wp\/v2\/media\/264982"}],"wp:attachment":[{"href":"https:\/\/aromasentia.com\/sv\/wp-json\/wp\/v2\/media?parent=217025"}],"wp:term":[{"taxonomy":"product_brand","embeddable":true,"href":"https:\/\/aromasentia.com\/sv\/wp-json\/wp\/v2\/product_brand?post=217025"},{"taxonomy":"product_cat","embeddable":true,"href":"https:\/\/aromasentia.com\/sv\/wp-json\/wp\/v2\/product_cat?post=217025"},{"taxonomy":"product_tag","embeddable":true,"href":"https:\/\/aromasentia.com\/sv\/wp-json\/wp\/v2\/product_tag?post=217025"}],"curies":[{"name":"wp","href":"https:\/\/api.w.org\/{rel}","templated":true}]}}