{"id":217024,"date":"2025-03-20T15:00:45","date_gmt":"2025-03-20T15:00:45","guid":{"rendered":"https:\/\/aromasentia.com\/product\/sensual-1kg-massage-oil\/"},"modified":"2025-12-31T15:49:43","modified_gmt":"2025-12-31T15:49:43","slug":"sensuell-massageolja-1l","status":"publish","type":"product","link":"https:\/\/aromasentia.com\/sv\/sensuell-massageolja-1l\/","title":{"rendered":"Sensuell Massageolja &#8211; 1L"},"content":{"rendered":"<p style=\"text-align: justify;\"><strong>Ingredienser:<\/strong> Ylang ylang, apelsin &amp; patchouli eteriska oljor blandade med druvk\u00e4rneolja.&nbsp;<\/p>\n<p style=\"text-align: justify;\">Ancient Wisdom Massageoljor \u00e4r expertblandade. De \u00e4r inte bara designade f\u00f6r en fantastisk massage utan var och en \u00e4r infunderad med eteriska oljor, vilket ger n\u00e5got extra speciellt.&nbsp;<\/p>\n<p style=\"text-align: justify;\"><strong>Sensuell Massageolja<\/strong> \u00e4r framtagen f\u00f6r att g\u00f6ra precis vad namnet antyder. Blandningen \u00e4r designad f\u00f6r att stimulera sinnena och hj\u00e4rnans njutningscentra f\u00f6r den ultimata sensuella massagen.&nbsp;<\/p>\n<p style=\"text-align: justify;\"><strong>Allergener:<\/strong> Limonen, Bensylbensoat, Bensylsalicylat, Linalool, Farnesol, Eugenol, Isoeugenol och Citral.<\/p>\n","protected":false},"excerpt":{"rendered":"<p>Ingredienser: Ylang ylang, apelsin &amp; patchouli eteriska oljor blandade med druvk\u00e4rneolja.&nbsp; Ancient Wisdom Massageoljor \u00e4r expertblandade. De \u00e4r inte bara designade f\u00f6r en fantastisk massage utan var och en \u00e4r infunderad med eteriska oljor, vilket ger n\u00e5got extra speciellt.&nbsp; Sensuell Massageolja \u00e4r framtagen f\u00f6r att g\u00f6ra precis vad namnet antyder. Blandningen \u00e4r designad f\u00f6r att [&hellip;]<\/p>\n","protected":false},"featured_media":264973,"comment_status":"closed","ping_status":"open","template":"","meta":[],"product_brand":[],"product_cat":[12600,13747],"product_tag":[],"class_list":{"0":"post-217024","1":"product","2":"type-product","3":"status-publish","4":"has-post-thumbnail","6":"product_cat-bad-och-dusch","7":"product_cat-massageoljor","8":"pa_collection-massage-and-bath-oils-1kg-sv","9":"pa_made-in-storbritannien","11":"first","12":"instock","13":"purchasable","14":"product-type-simple"},"supplier_id":null,"supplier_sku":"MOB-02","barcode":null,"atum_controlled":true,"out_stock_date":null,"out_stock_threshold":null,"inheritable":false,"inbound_stock":null,"stock_on_hold":0,"sold_today":0,"sales_last_days":0,"reserved_stock":null,"customer_returns":null,"warehouse_damage":null,"lost_in_post":null,"other_logs":null,"out_stock_days":0,"lost_sales":0,"has_location":null,"update_date":"2026-01-30T10:37:53","atum_locations":[],"atum_stock_status":"instock","restock_status":false,"low_stock_amount":"","sales_update_date":"2025-09-05T00:17:00","calc_backorders":null,"_links":{"self":[{"href":"https:\/\/aromasentia.com\/sv\/wp-json\/wp\/v2\/product\/217024","targetHints":{"allow":["GET"]}}],"collection":[{"href":"https:\/\/aromasentia.com\/sv\/wp-json\/wp\/v2\/product"}],"about":[{"href":"https:\/\/aromasentia.com\/sv\/wp-json\/wp\/v2\/types\/product"}],"replies":[{"embeddable":true,"href":"https:\/\/aromasentia.com\/sv\/wp-json\/wp\/v2\/comments?post=217024"}],"version-history":[{"count":0,"href":"https:\/\/aromasentia.com\/sv\/wp-json\/wp\/v2\/product\/217024\/revisions"}],"wp:featuredmedia":[{"embeddable":true,"href":"https:\/\/aromasentia.com\/sv\/wp-json\/wp\/v2\/media\/264973"}],"wp:attachment":[{"href":"https:\/\/aromasentia.com\/sv\/wp-json\/wp\/v2\/media?parent=217024"}],"wp:term":[{"taxonomy":"product_brand","embeddable":true,"href":"https:\/\/aromasentia.com\/sv\/wp-json\/wp\/v2\/product_brand?post=217024"},{"taxonomy":"product_cat","embeddable":true,"href":"https:\/\/aromasentia.com\/sv\/wp-json\/wp\/v2\/product_cat?post=217024"},{"taxonomy":"product_tag","embeddable":true,"href":"https:\/\/aromasentia.com\/sv\/wp-json\/wp\/v2\/product_tag?post=217024"}],"curies":[{"name":"wp","href":"https:\/\/api.w.org\/{rel}","templated":true}]}}