{"id":217017,"date":"2025-03-20T15:00:45","date_gmt":"2025-03-20T15:00:45","guid":{"rendered":"https:\/\/aromasentia.com\/product\/mr-cleancut-shaving-oil-50ml\/"},"modified":"2025-12-31T15:49:36","modified_gmt":"2025-12-31T15:49:36","slug":"herr-cleancut-rakolja-50ml","status":"publish","type":"product","link":"https:\/\/aromasentia.com\/sv\/herr-cleancut-rakolja-50ml\/","title":{"rendered":"Herr Cleancut Rakolja &#8211; 50ml"},"content":{"rendered":"<p style=\"text-align: justify;\"><strong>Ingredienser:<\/strong> Tetr\u00e4d, lime och pepparmynta eteriska oljor utsp\u00e4dda i jojoba- och druvk\u00e4rneolja.&nbsp;<\/p>\n<p style=\"text-align: justify;\">Ancient Wisdom massageoljor \u00e4r expertblandade. De \u00e4r inte bara designade f\u00f6r en fantastisk massage utan var och en \u00e4r infunderad med eteriska oljor, vilket ger det d\u00e4r lilla extra.&nbsp;<\/p>\n<p style=\"text-align: justify;\"><strong>Herr Cleancut Rakolja<\/strong> \u00e4r designad f\u00f6r att vara en rakolja med m\u00e5nga nyttiga egenskaper. Tetr\u00e4d hj\u00e4lper till att reng\u00f6ra huden och h\u00e5lla den fri fr\u00e5n fl\u00e4ckar och infektioner. Pepparmyntan hj\u00e4lper till att skydda mot akne och andra hudproblem medan lime avfettar huden och hj\u00e4lper till att f\u00e5 ansiktsh\u00e5ren att st\u00e5 upp f\u00f6r en b\u00e4ttre och bekv\u00e4mare rakning.&nbsp;<\/p>\n<p style=\"text-align: justify;\"><strong>Allergener:<\/strong> Citronellol, geraniol, linalool, limonene och citral.<\/p>\n","protected":false},"excerpt":{"rendered":"<p>Ingredienser: Tetr\u00e4d, lime och pepparmynta eteriska oljor utsp\u00e4dda i jojoba- och druvk\u00e4rneolja.&nbsp; Ancient Wisdom massageoljor \u00e4r expertblandade. De \u00e4r inte bara designade f\u00f6r en fantastisk massage utan var och en \u00e4r infunderad med eteriska oljor, vilket ger det d\u00e4r lilla extra.&nbsp; Herr Cleancut Rakolja \u00e4r designad f\u00f6r att vara en rakolja med m\u00e5nga nyttiga egenskaper. [&hellip;]<\/p>\n","protected":false},"featured_media":264902,"comment_status":"closed","ping_status":"open","template":"","meta":{"_angie_page":false},"product_brand":[],"product_cat":[12600,13747],"product_tag":[],"class_list":{"0":"post-217017","1":"product","2":"type-product","3":"status-publish","4":"has-post-thumbnail","6":"product_cat-bad-och-dusch","7":"product_cat-massageoljor","8":"pa_made-in-storbritannien","9":"pa_size-50ml","11":"first","12":"instock","13":"purchasable","14":"product-type-simple"},"supplier_id":null,"supplier_sku":"MO-12","barcode":null,"atum_controlled":true,"out_stock_date":null,"out_stock_threshold":null,"inheritable":false,"inbound_stock":null,"stock_on_hold":0,"sold_today":0,"sales_last_days":0,"reserved_stock":null,"customer_returns":null,"warehouse_damage":null,"lost_in_post":null,"other_logs":null,"out_stock_days":0,"lost_sales":0,"has_location":null,"update_date":"2026-04-27T07:13:14","atum_locations":[],"atum_stock_status":"instock","restock_status":false,"low_stock_amount":"","sales_update_date":"2026-01-30T01:24:44","calc_backorders":null,"_links":{"self":[{"href":"https:\/\/aromasentia.com\/sv\/wp-json\/wp\/v2\/product\/217017","targetHints":{"allow":["GET"]}}],"collection":[{"href":"https:\/\/aromasentia.com\/sv\/wp-json\/wp\/v2\/product"}],"about":[{"href":"https:\/\/aromasentia.com\/sv\/wp-json\/wp\/v2\/types\/product"}],"replies":[{"embeddable":true,"href":"https:\/\/aromasentia.com\/sv\/wp-json\/wp\/v2\/comments?post=217017"}],"version-history":[{"count":0,"href":"https:\/\/aromasentia.com\/sv\/wp-json\/wp\/v2\/product\/217017\/revisions"}],"wp:featuredmedia":[{"embeddable":true,"href":"https:\/\/aromasentia.com\/sv\/wp-json\/wp\/v2\/media\/264902"}],"wp:attachment":[{"href":"https:\/\/aromasentia.com\/sv\/wp-json\/wp\/v2\/media?parent=217017"}],"wp:term":[{"taxonomy":"product_brand","embeddable":true,"href":"https:\/\/aromasentia.com\/sv\/wp-json\/wp\/v2\/product_brand?post=217017"},{"taxonomy":"product_cat","embeddable":true,"href":"https:\/\/aromasentia.com\/sv\/wp-json\/wp\/v2\/product_cat?post=217017"},{"taxonomy":"product_tag","embeddable":true,"href":"https:\/\/aromasentia.com\/sv\/wp-json\/wp\/v2\/product_tag?post=217017"}],"curies":[{"name":"wp","href":"https:\/\/api.w.org\/{rel}","templated":true}]}}