{"id":217010,"date":"2025-03-20T15:01:07","date_gmt":"2025-03-20T15:01:07","guid":{"rendered":"https:\/\/aromasentia.com\/product\/clear-skin-1kg-massage-oil\/"},"modified":"2025-12-31T15:49:36","modified_gmt":"2025-12-31T15:49:36","slug":"klar-hud-massageolja-1l","status":"publish","type":"product","link":"https:\/\/aromasentia.com\/sv\/klar-hud-massageolja-1l\/","title":{"rendered":"Klar Hud Massageolja &#8211; 1L"},"content":{"rendered":"<p style=\"text-align: justify;\"><strong>Ingredienser:<\/strong> Tetr\u00e4d, grapefrukt och pelargon eteriska oljor blandade med druvk\u00e4rneolja.&nbsp;<\/p>\n<p style=\"text-align: justify;\">Ancient Wisdom Massageoljor \u00e4r expertblandade. De \u00e4r inte bara designade f\u00f6r en fantastisk massage utan var och en \u00e4r infunderad med eteriska oljor, vilket ger n\u00e5got extra speciellt.&nbsp;<\/p>\n<p style=\"text-align: justify;\"><strong>Klar Hud Massageolja<\/strong> \u00e4r framtagen f\u00f6r att hj\u00e4lpa till med en m\u00e4ngd olika hudrelaterade problem. De antiseptiska egenskaperna hos tetr\u00e4dolja kan hj\u00e4lpa att \u00e5tg\u00e4rda ett antal hudbesv\u00e4r som fl\u00e4ckar och olika typer av infektioner.&nbsp;<\/p>\n<p style=\"text-align: justify;\">Grapefrukt- och pelargonoljorna hj\u00e4lper till att h\u00e5lla huden icke-fet och agerar sammandragande.&nbsp;<\/p>\n<p style=\"text-align: justify;\"><strong>Allergener:<\/strong> Limonene, Citronellol, Geraniol, Linalool och Citral.<\/p>\n","protected":false},"excerpt":{"rendered":"<p>Ingredienser: Tetr\u00e4d, grapefrukt och pelargon eteriska oljor blandade med druvk\u00e4rneolja.&nbsp; Ancient Wisdom Massageoljor \u00e4r expertblandade. De \u00e4r inte bara designade f\u00f6r en fantastisk massage utan var och en \u00e4r infunderad med eteriska oljor, vilket ger n\u00e5got extra speciellt.&nbsp; Klar Hud Massageolja \u00e4r framtagen f\u00f6r att hj\u00e4lpa till med en m\u00e4ngd olika hudrelaterade problem. De antiseptiska [&hellip;]<\/p>\n","protected":false},"featured_media":265291,"comment_status":"closed","ping_status":"open","template":"","meta":{"_angie_page":false},"product_brand":[],"product_cat":[12600,13747],"product_tag":[],"class_list":{"0":"post-217010","1":"product","2":"type-product","3":"status-publish","4":"has-post-thumbnail","6":"product_cat-bad-och-dusch","7":"product_cat-massageoljor","8":"pa_collection-massage-and-bath-oils-1kg-sv","9":"pa_made-in-storbritannien","11":"first","12":"instock","13":"purchasable","14":"product-type-simple"},"supplier_id":null,"supplier_sku":"MOB-16","barcode":null,"atum_controlled":true,"out_stock_date":null,"out_stock_threshold":null,"inheritable":false,"inbound_stock":0,"stock_on_hold":0,"sold_today":0,"sales_last_days":0,"reserved_stock":0,"customer_returns":0,"warehouse_damage":0,"lost_in_post":0,"other_logs":0,"out_stock_days":0,"lost_sales":0,"has_location":false,"update_date":"2026-04-29T05:08:19","atum_locations":[],"atum_stock_status":"instock","restock_status":false,"low_stock_amount":"","sales_update_date":"2026-01-30T01:24:52","calc_backorders":null,"_links":{"self":[{"href":"https:\/\/aromasentia.com\/sv\/wp-json\/wp\/v2\/product\/217010","targetHints":{"allow":["GET"]}}],"collection":[{"href":"https:\/\/aromasentia.com\/sv\/wp-json\/wp\/v2\/product"}],"about":[{"href":"https:\/\/aromasentia.com\/sv\/wp-json\/wp\/v2\/types\/product"}],"replies":[{"embeddable":true,"href":"https:\/\/aromasentia.com\/sv\/wp-json\/wp\/v2\/comments?post=217010"}],"version-history":[{"count":0,"href":"https:\/\/aromasentia.com\/sv\/wp-json\/wp\/v2\/product\/217010\/revisions"}],"wp:featuredmedia":[{"embeddable":true,"href":"https:\/\/aromasentia.com\/sv\/wp-json\/wp\/v2\/media\/265291"}],"wp:attachment":[{"href":"https:\/\/aromasentia.com\/sv\/wp-json\/wp\/v2\/media?parent=217010"}],"wp:term":[{"taxonomy":"product_brand","embeddable":true,"href":"https:\/\/aromasentia.com\/sv\/wp-json\/wp\/v2\/product_brand?post=217010"},{"taxonomy":"product_cat","embeddable":true,"href":"https:\/\/aromasentia.com\/sv\/wp-json\/wp\/v2\/product_cat?post=217010"},{"taxonomy":"product_tag","embeddable":true,"href":"https:\/\/aromasentia.com\/sv\/wp-json\/wp\/v2\/product_tag?post=217010"}],"curies":[{"name":"wp","href":"https:\/\/api.w.org\/{rel}","templated":true}]}}