{"id":217007,"date":"2025-03-20T15:01:07","date_gmt":"2025-03-20T15:01:07","guid":{"rendered":"https:\/\/aromasentia.com\/product\/madame-punaises-scalp-massage-1kg\/"},"modified":"2025-12-31T15:49:27","modified_gmt":"2025-12-31T15:49:27","slug":"harbotten-massageolja-1l","status":"publish","type":"product","link":"https:\/\/aromasentia.com\/sv\/harbotten-massageolja-1l\/","title":{"rendered":"H\u00e5rbotten Massageolja &#8211; 1L"},"content":{"rendered":"<p style=\"text-align: justify;\"><strong>Ingredienser:<\/strong> Tetr\u00e4d och eukalyptus eteriska oljor blandade med druvk\u00e4rneolja.&nbsp;<\/p>\n<p style=\"text-align: justify;\">Ancient Wisdom Massageoljor \u00e4r expertblandade. De \u00e4r inte bara designade f\u00f6r en fantastisk massage utan var och en \u00e4r infunderad med eteriska oljor, vilket ger n\u00e5got extra speciellt.&nbsp;<\/p>\n<p style=\"text-align: justify;\"><strong>H\u00e5rbotten Massageolja<\/strong> \u00e4r framtagen f\u00f6r att vara ett kraftfullt medel mot infektioner, irritationer och parasiter.&nbsp;<\/p>\n<p style=\"text-align: justify;\">Blandningen av tetr\u00e4d och eukalyptus g\u00f6r att dessa oljor t\u00e4cker n\u00e4stan hela spektrumet fr\u00e5n l\u00f6ss till svampinfektioner, mj\u00e4ll och fett h\u00e5r.&nbsp;<\/p>\n<p style=\"text-align: justify;\"><strong>Allergener:<\/strong> Limonen.<\/p>\n","protected":false},"excerpt":{"rendered":"<p>Ingredienser: Tetr\u00e4d och eukalyptus eteriska oljor blandade med druvk\u00e4rneolja.&nbsp; Ancient Wisdom Massageoljor \u00e4r expertblandade. De \u00e4r inte bara designade f\u00f6r en fantastisk massage utan var och en \u00e4r infunderad med eteriska oljor, vilket ger n\u00e5got extra speciellt.&nbsp; H\u00e5rbotten Massageolja \u00e4r framtagen f\u00f6r att vara ett kraftfullt medel mot infektioner, irritationer och parasiter.&nbsp; Blandningen av tetr\u00e4d [&hellip;]<\/p>\n","protected":false},"featured_media":265216,"comment_status":"closed","ping_status":"open","template":"","meta":{"_angie_page":false},"product_brand":[],"product_cat":[12600,13747],"product_tag":[],"class_list":{"0":"post-217007","1":"product","2":"type-product","3":"status-publish","4":"has-post-thumbnail","6":"product_cat-bad-och-dusch","7":"product_cat-massageoljor","8":"pa_collection-massage-and-bath-oils-1kg-sv","9":"pa_made-in-storbritannien","11":"first","12":"instock","13":"purchasable","14":"product-type-simple"},"supplier_id":null,"supplier_sku":"MOB-13","barcode":null,"atum_controlled":true,"out_stock_date":null,"out_stock_threshold":null,"inheritable":false,"inbound_stock":null,"stock_on_hold":0,"sold_today":0,"sales_last_days":0,"reserved_stock":null,"customer_returns":null,"warehouse_damage":null,"lost_in_post":null,"other_logs":null,"out_stock_days":0,"lost_sales":0,"has_location":null,"update_date":"2026-04-27T07:13:22","atum_locations":[],"atum_stock_status":"instock","restock_status":false,"low_stock_amount":"","sales_update_date":"2026-01-30T01:25:38","calc_backorders":null,"_links":{"self":[{"href":"https:\/\/aromasentia.com\/sv\/wp-json\/wp\/v2\/product\/217007","targetHints":{"allow":["GET"]}}],"collection":[{"href":"https:\/\/aromasentia.com\/sv\/wp-json\/wp\/v2\/product"}],"about":[{"href":"https:\/\/aromasentia.com\/sv\/wp-json\/wp\/v2\/types\/product"}],"replies":[{"embeddable":true,"href":"https:\/\/aromasentia.com\/sv\/wp-json\/wp\/v2\/comments?post=217007"}],"version-history":[{"count":0,"href":"https:\/\/aromasentia.com\/sv\/wp-json\/wp\/v2\/product\/217007\/revisions"}],"wp:featuredmedia":[{"embeddable":true,"href":"https:\/\/aromasentia.com\/sv\/wp-json\/wp\/v2\/media\/265216"}],"wp:attachment":[{"href":"https:\/\/aromasentia.com\/sv\/wp-json\/wp\/v2\/media?parent=217007"}],"wp:term":[{"taxonomy":"product_brand","embeddable":true,"href":"https:\/\/aromasentia.com\/sv\/wp-json\/wp\/v2\/product_brand?post=217007"},{"taxonomy":"product_cat","embeddable":true,"href":"https:\/\/aromasentia.com\/sv\/wp-json\/wp\/v2\/product_cat?post=217007"},{"taxonomy":"product_tag","embeddable":true,"href":"https:\/\/aromasentia.com\/sv\/wp-json\/wp\/v2\/product_tag?post=217007"}],"curies":[{"name":"wp","href":"https:\/\/api.w.org\/{rel}","templated":true}]}}