{"id":217004,"date":"2025-03-20T15:01:07","date_gmt":"2025-03-20T15:01:07","guid":{"rendered":"https:\/\/aromasentia.com\/product\/heighten-awareness-1kg-massage-oil\/"},"modified":"2025-12-31T15:49:27","modified_gmt":"2025-12-31T15:49:27","slug":"oka-medvetandet-massageolja-1l","status":"publish","type":"product","link":"https:\/\/aromasentia.com\/sv\/oka-medvetandet-massageolja-1l\/","title":{"rendered":"\u00d6ka Medvetandet Massageolja &#8211; 1L"},"content":{"rendered":"<p><strong>Ingredienser:<\/strong> Bergamott, svartpeppar &amp; petitgrain eteriska oljor blandade med druvk\u00e4rneolja.&nbsp;<\/p>\n<p>Ancient Wisdom Massageoljor \u00e4r expertblandade. De \u00e4r inte bara designade f\u00f6r en fantastisk massage utan var och en \u00e4r infunderad med eteriska oljor, vilket ger n\u00e5got extra speciellt.&nbsp;<\/p>\n<p><strong>\u00d6ka Medvetandet Massageolja<\/strong> \u00e4r framtagen f\u00f6r att ha upplyftande egenskaper. Blandningen av citrus och svartpeppar samverkar f\u00f6r att stimulera sinnena.&nbsp;<\/p>\n<p>Den eteriska oljeblandningen har ocks\u00e5 en gynnsam effekt p\u00e5 huden som att hj\u00e4lpa med akne, porreng\u00f6ring och hudtoning.&nbsp;<\/p>\n<p><strong>Allergener:<\/strong> Limonene, Linalool, Geraniol och Citral.<\/p>\n","protected":false},"excerpt":{"rendered":"<p>Ingredienser: Bergamott, svartpeppar &amp; petitgrain eteriska oljor blandade med druvk\u00e4rneolja.&nbsp; Ancient Wisdom Massageoljor \u00e4r expertblandade. De \u00e4r inte bara designade f\u00f6r en fantastisk massage utan var och en \u00e4r infunderad med eteriska oljor, vilket ger n\u00e5got extra speciellt.&nbsp; \u00d6ka Medvetandet Massageolja \u00e4r framtagen f\u00f6r att ha upplyftande egenskaper. Blandningen av citrus och svartpeppar samverkar f\u00f6r [&hellip;]<\/p>\n","protected":false},"featured_media":265141,"comment_status":"closed","ping_status":"open","template":"","meta":{"_angie_page":false},"product_brand":[],"product_cat":[12600,13747],"product_tag":[],"class_list":{"0":"post-217004","1":"product","2":"type-product","3":"status-publish","4":"has-post-thumbnail","6":"product_cat-bad-och-dusch","7":"product_cat-massageoljor","8":"pa_collection-massage-and-bath-oils-1kg-sv","9":"pa_made-in-storbritannien","11":"first","12":"instock","13":"purchasable","14":"product-type-simple"},"supplier_id":null,"supplier_sku":"MOB-10","barcode":null,"atum_controlled":true,"out_stock_date":null,"out_stock_threshold":null,"inheritable":false,"inbound_stock":null,"stock_on_hold":0,"sold_today":0,"sales_last_days":0,"reserved_stock":null,"customer_returns":null,"warehouse_damage":null,"lost_in_post":null,"other_logs":null,"out_stock_days":0,"lost_sales":0,"has_location":null,"update_date":"2026-04-29T05:08:19","atum_locations":[],"atum_stock_status":"instock","restock_status":false,"low_stock_amount":"","sales_update_date":"2026-02-06T00:02:46","calc_backorders":null,"_links":{"self":[{"href":"https:\/\/aromasentia.com\/sv\/wp-json\/wp\/v2\/product\/217004","targetHints":{"allow":["GET"]}}],"collection":[{"href":"https:\/\/aromasentia.com\/sv\/wp-json\/wp\/v2\/product"}],"about":[{"href":"https:\/\/aromasentia.com\/sv\/wp-json\/wp\/v2\/types\/product"}],"replies":[{"embeddable":true,"href":"https:\/\/aromasentia.com\/sv\/wp-json\/wp\/v2\/comments?post=217004"}],"version-history":[{"count":0,"href":"https:\/\/aromasentia.com\/sv\/wp-json\/wp\/v2\/product\/217004\/revisions"}],"wp:featuredmedia":[{"embeddable":true,"href":"https:\/\/aromasentia.com\/sv\/wp-json\/wp\/v2\/media\/265141"}],"wp:attachment":[{"href":"https:\/\/aromasentia.com\/sv\/wp-json\/wp\/v2\/media?parent=217004"}],"wp:term":[{"taxonomy":"product_brand","embeddable":true,"href":"https:\/\/aromasentia.com\/sv\/wp-json\/wp\/v2\/product_brand?post=217004"},{"taxonomy":"product_cat","embeddable":true,"href":"https:\/\/aromasentia.com\/sv\/wp-json\/wp\/v2\/product_cat?post=217004"},{"taxonomy":"product_tag","embeddable":true,"href":"https:\/\/aromasentia.com\/sv\/wp-json\/wp\/v2\/product_tag?post=217004"}],"curies":[{"name":"wp","href":"https:\/\/api.w.org\/{rel}","templated":true}]}}