{"id":217001,"date":"2025-03-20T15:01:24","date_gmt":"2025-03-20T15:01:24","guid":{"rendered":"https:\/\/aromasentia.com\/product\/scalp-massage-oil-100ml\/"},"modified":"2025-12-31T15:49:27","modified_gmt":"2025-12-31T15:49:27","slug":"harbotten-massageolja-100ml","status":"publish","type":"product","link":"https:\/\/aromasentia.com\/sv\/harbotten-massageolja-100ml\/","title":{"rendered":"H\u00e5rbotten Massageolja &#8211; 100ml"},"content":{"rendered":"<p><strong>Ingredienser:<\/strong> Tetr\u00e4d och eukalyptus eteriska oljor blandade med druvk\u00e4rneolja.&nbsp;<\/p>\n<p>Ancient Wisdom Massageoljor \u00e4r expertblandade. De \u00e4r inte bara designade f\u00f6r en fantastisk massage utan var och en \u00e4r infunderad med eteriska oljor, vilket ger n\u00e5got extra.&nbsp;<\/p>\n<p><strong>H\u00e5rbotten Massageolja<\/strong> fungerar som ett kraftfullt medel mot infektioner, irritationer och parasiter.&nbsp;<\/p>\n<p>Blandningen av Tetr\u00e4d och eukalyptus g\u00f6r att denna olja t\u00e4cker n\u00e4stan hela spektrumet fr\u00e5n l\u00f6ss till svampinfektioner, mj\u00e4ll och fett h\u00e5r.&nbsp;<\/p>\n<p><strong>Allergener:<\/strong> Limonen.<\/p>\n","protected":false},"excerpt":{"rendered":"<p>Ingredienser: Tetr\u00e4d och eukalyptus eteriska oljor blandade med druvk\u00e4rneolja.&nbsp; Ancient Wisdom Massageoljor \u00e4r expertblandade. De \u00e4r inte bara designade f\u00f6r en fantastisk massage utan var och en \u00e4r infunderad med eteriska oljor, vilket ger n\u00e5got extra.&nbsp; H\u00e5rbotten Massageolja fungerar som ett kraftfullt medel mot infektioner, irritationer och parasiter.&nbsp; Blandningen av Tetr\u00e4d och eukalyptus g\u00f6r att [&hellip;]<\/p>\n","protected":false},"featured_media":265650,"comment_status":"closed","ping_status":"open","template":"","meta":{"_angie_page":false},"product_brand":[27091],"product_cat":[12600,13747],"product_tag":[],"class_list":{"0":"post-217001","1":"product","2":"type-product","3":"status-publish","4":"has-post-thumbnail","6":"product_brand-ancient-wisdom","7":"product_cat-bad-och-dusch","8":"product_cat-massageoljor","9":"pa_collection-massage-oils-bottles-100ml-sv","10":"pa_made-in-storbritannien","11":"pa_size-100ml","13":"first","14":"instock","15":"purchasable","16":"product-type-simple"},"supplier_id":null,"supplier_sku":"MOL-13","barcode":null,"atum_controlled":true,"out_stock_date":null,"out_stock_threshold":null,"inheritable":false,"inbound_stock":null,"stock_on_hold":0,"sold_today":0,"sales_last_days":0,"reserved_stock":null,"customer_returns":null,"warehouse_damage":null,"lost_in_post":null,"other_logs":null,"out_stock_days":0,"lost_sales":0,"has_location":null,"update_date":"2026-04-27T07:13:29","atum_locations":[],"atum_stock_status":"instock","restock_status":false,"low_stock_amount":"","sales_update_date":"2025-09-05T00:17:10","calc_backorders":null,"_links":{"self":[{"href":"https:\/\/aromasentia.com\/sv\/wp-json\/wp\/v2\/product\/217001","targetHints":{"allow":["GET"]}}],"collection":[{"href":"https:\/\/aromasentia.com\/sv\/wp-json\/wp\/v2\/product"}],"about":[{"href":"https:\/\/aromasentia.com\/sv\/wp-json\/wp\/v2\/types\/product"}],"replies":[{"embeddable":true,"href":"https:\/\/aromasentia.com\/sv\/wp-json\/wp\/v2\/comments?post=217001"}],"version-history":[{"count":0,"href":"https:\/\/aromasentia.com\/sv\/wp-json\/wp\/v2\/product\/217001\/revisions"}],"wp:featuredmedia":[{"embeddable":true,"href":"https:\/\/aromasentia.com\/sv\/wp-json\/wp\/v2\/media\/265650"}],"wp:attachment":[{"href":"https:\/\/aromasentia.com\/sv\/wp-json\/wp\/v2\/media?parent=217001"}],"wp:term":[{"taxonomy":"product_brand","embeddable":true,"href":"https:\/\/aromasentia.com\/sv\/wp-json\/wp\/v2\/product_brand?post=217001"},{"taxonomy":"product_cat","embeddable":true,"href":"https:\/\/aromasentia.com\/sv\/wp-json\/wp\/v2\/product_cat?post=217001"},{"taxonomy":"product_tag","embeddable":true,"href":"https:\/\/aromasentia.com\/sv\/wp-json\/wp\/v2\/product_tag?post=217001"}],"curies":[{"name":"wp","href":"https:\/\/api.w.org\/{rel}","templated":true}]}}