{"id":216991,"date":"2025-03-20T15:01:24","date_gmt":"2025-03-20T15:01:24","guid":{"rendered":"https:\/\/aromasentia.com\/product\/sandalwood-glow-massage-oil-100ml\/"},"modified":"2025-12-31T15:49:20","modified_gmt":"2025-12-31T15:49:20","slug":"stralande-hud-massageolja-100ml","status":"publish","type":"product","link":"https:\/\/aromasentia.com\/sv\/stralande-hud-massageolja-100ml\/","title":{"rendered":"Str\u00e5lande Hud Massageolja &#8211; 100ml"},"content":{"rendered":"<p><strong>Ingredienser:&nbsp;<\/strong>Sandeltr\u00e4 Amyris, svartpeppar &amp; mandarin eteriska oljor blandade med druvk\u00e4rneolja.&nbsp;<\/p>\n<p>Ancient Wisdom Massageoljor \u00e4r expertblandade. De \u00e4r inte bara designade f\u00f6r en fantastisk massage utan var och en \u00e4r infunderad med eteriska oljor, vilket ger n\u00e5got extra.<\/p>\n<p><strong>Str\u00e5lande Hud Massageolja&nbsp;<\/strong>\u00e4r avsedd att vara en avslappnande och avstressande massageolja som ocks\u00e5 \u00e4r bra f\u00f6r huden. Detta tillsammans med den sensuella och avslappnande doften av sandeltr\u00e4 ger en fantastisk massageolja.&nbsp;<\/p>\n<p><strong>Allergener:<\/strong> Limonen och Linalool.<\/p>\n","protected":false},"excerpt":{"rendered":"<p>Ingredienser:&nbsp;Sandeltr\u00e4 Amyris, svartpeppar &amp; mandarin eteriska oljor blandade med druvk\u00e4rneolja.&nbsp; Ancient Wisdom Massageoljor \u00e4r expertblandade. De \u00e4r inte bara designade f\u00f6r en fantastisk massage utan var och en \u00e4r infunderad med eteriska oljor, vilket ger n\u00e5got extra. Str\u00e5lande Hud Massageolja&nbsp;\u00e4r avsedd att vara en avslappnande och avstressande massageolja som ocks\u00e5 \u00e4r bra f\u00f6r huden. Detta [&hellip;]<\/p>\n","protected":false},"featured_media":265416,"comment_status":"closed","ping_status":"open","template":"","meta":{"_angie_page":false},"product_brand":[27091],"product_cat":[12600,25845,13747,26063,26899],"product_tag":[],"class_list":{"0":"post-216991","1":"product","2":"type-product","3":"status-publish","4":"has-post-thumbnail","6":"product_brand-ancient-wisdom","7":"product_cat-bad-och-dusch","8":"product_cat-dofter-aromer","9":"product_cat-massageoljor","10":"product_cat-sandeltra","11":"product_cat-traig","12":"pa_collection-massage-oils-bottles-100ml-sv","13":"pa_made-in-storbritannien","14":"pa_size-100ml","16":"first","17":"instock","18":"purchasable","19":"product-type-simple"},"supplier_id":null,"supplier_sku":"MOL-03","barcode":null,"atum_controlled":true,"out_stock_date":null,"out_stock_threshold":null,"inheritable":false,"inbound_stock":null,"stock_on_hold":0,"sold_today":0,"sales_last_days":0,"reserved_stock":null,"customer_returns":null,"warehouse_damage":null,"lost_in_post":null,"other_logs":null,"out_stock_days":0,"lost_sales":0,"has_location":null,"update_date":"2026-05-04T00:03:58","atum_locations":[],"atum_stock_status":"instock","restock_status":false,"low_stock_amount":"","sales_update_date":"2025-09-05T00:17:06","calc_backorders":null,"_links":{"self":[{"href":"https:\/\/aromasentia.com\/sv\/wp-json\/wp\/v2\/product\/216991","targetHints":{"allow":["GET"]}}],"collection":[{"href":"https:\/\/aromasentia.com\/sv\/wp-json\/wp\/v2\/product"}],"about":[{"href":"https:\/\/aromasentia.com\/sv\/wp-json\/wp\/v2\/types\/product"}],"replies":[{"embeddable":true,"href":"https:\/\/aromasentia.com\/sv\/wp-json\/wp\/v2\/comments?post=216991"}],"version-history":[{"count":0,"href":"https:\/\/aromasentia.com\/sv\/wp-json\/wp\/v2\/product\/216991\/revisions"}],"wp:featuredmedia":[{"embeddable":true,"href":"https:\/\/aromasentia.com\/sv\/wp-json\/wp\/v2\/media\/265416"}],"wp:attachment":[{"href":"https:\/\/aromasentia.com\/sv\/wp-json\/wp\/v2\/media?parent=216991"}],"wp:term":[{"taxonomy":"product_brand","embeddable":true,"href":"https:\/\/aromasentia.com\/sv\/wp-json\/wp\/v2\/product_brand?post=216991"},{"taxonomy":"product_cat","embeddable":true,"href":"https:\/\/aromasentia.com\/sv\/wp-json\/wp\/v2\/product_cat?post=216991"},{"taxonomy":"product_tag","embeddable":true,"href":"https:\/\/aromasentia.com\/sv\/wp-json\/wp\/v2\/product_tag?post=216991"}],"curies":[{"name":"wp","href":"https:\/\/api.w.org\/{rel}","templated":true}]}}