{"id":216988,"date":"2025-03-20T15:03:30","date_gmt":"2025-03-20T15:03:30","guid":{"rendered":"https:\/\/aromasentia.com\/product\/floral-oil-burner-rose\/"},"modified":"2025-12-31T15:49:20","modified_gmt":"2025-12-31T15:49:20","slug":"blommig-oljebrannare-rosa","status":"publish","type":"product","link":"https:\/\/aromasentia.com\/sv\/blommig-oljebrannare-rosa\/","title":{"rendered":"Blommig Oljebr\u00e4nnare &#8211; Rosa"},"content":{"rendered":"<p style=\"text-align: justify;\">Den nya <strong>Blommiga Oljebr\u00e4nnaren<\/strong><strong>&nbsp;i Rosa<\/strong> skapar en atmosf\u00e4r av komfort och lugn i alla rum och fylla luften med en doft som du sj\u00e4lv v\u00e4ljer.&nbsp;<\/p>\n<p style=\"text-align: justify;\">Tack vare den vackra keramiken blir den en fin prydnad i hemmet. Ytan \u00e4r t\u00e4ckt med glasyr f\u00f6r att ge oljebr\u00e4nnaren en fin glans. Snyggt och enkelt &#8211; perfekt f\u00f6r presentkorgar.&nbsp;<\/p>\n<p style=\"text-align: justify;\">Den har en vacker blommig design som l\u00e5ter ljuset skina igenom och skapar den d\u00e4r avkopplande atmosf\u00e4ren.&nbsp;<\/p>\n<p style=\"text-align: justify;\">Blommiga oljebr\u00e4nnare \u00e4r bra att anv\u00e4nda med doftoljor, sojavaxer eller doftgranulat. Se till att det finns tillr\u00e4ckligt med vatten i beh\u00e5llaren ovanf\u00f6r br\u00e4nnaren och placera alltid oljebr\u00e4nnaren p\u00e5 en v\u00e4rmet\u00e5lig matta.&nbsp;<\/p>\n<p style=\"text-align: justify;\"><strong><span style=\"color: rgb(84, 172, 210);\">Viktigt f\u00f6rem\u00e5l f\u00f6r alla presentbutiker.<\/span><\/strong><\/p>\n","protected":false},"excerpt":{"rendered":"<p>Den nya Blommiga Oljebr\u00e4nnaren&nbsp;i Rosa skapar en atmosf\u00e4r av komfort och lugn i alla rum och fylla luften med en doft som du sj\u00e4lv v\u00e4ljer.&nbsp; Tack vare den vackra keramiken blir den en fin prydnad i hemmet. Ytan \u00e4r t\u00e4ckt med glasyr f\u00f6r att ge oljebr\u00e4nnaren en fin glans. Snyggt och enkelt &#8211; perfekt f\u00f6r [&hellip;]<\/p>\n","protected":false},"featured_media":266023,"comment_status":"closed","ping_status":"open","template":"","meta":{"_angie_page":false},"product_brand":[],"product_cat":[12345,11884],"product_tag":[],"class_list":{"0":"post-216988","1":"product","2":"type-product","3":"status-publish","4":"has-post-thumbnail","6":"product_cat-aromalampor","7":"product_cat-aromalampor-diffusers-och-doftpinnar","8":"pa_collection-floral-cauldron-oil-burners-sv","9":"pa_made-in-kina","11":"first","12":"instock","13":"purchasable","14":"product-type-simple"},"supplier_id":null,"supplier_sku":"OB-192A","barcode":null,"atum_controlled":true,"out_stock_date":null,"out_stock_threshold":null,"inheritable":false,"inbound_stock":null,"stock_on_hold":0,"sold_today":0,"sales_last_days":0,"reserved_stock":null,"customer_returns":null,"warehouse_damage":null,"lost_in_post":null,"other_logs":null,"out_stock_days":0,"lost_sales":0,"has_location":null,"update_date":"2026-04-27T07:16:05","atum_locations":[],"atum_stock_status":"instock","restock_status":false,"low_stock_amount":"","sales_update_date":"2025-09-05T00:17:12","calc_backorders":null,"_links":{"self":[{"href":"https:\/\/aromasentia.com\/sv\/wp-json\/wp\/v2\/product\/216988","targetHints":{"allow":["GET"]}}],"collection":[{"href":"https:\/\/aromasentia.com\/sv\/wp-json\/wp\/v2\/product"}],"about":[{"href":"https:\/\/aromasentia.com\/sv\/wp-json\/wp\/v2\/types\/product"}],"replies":[{"embeddable":true,"href":"https:\/\/aromasentia.com\/sv\/wp-json\/wp\/v2\/comments?post=216988"}],"version-history":[{"count":0,"href":"https:\/\/aromasentia.com\/sv\/wp-json\/wp\/v2\/product\/216988\/revisions"}],"wp:featuredmedia":[{"embeddable":true,"href":"https:\/\/aromasentia.com\/sv\/wp-json\/wp\/v2\/media\/266023"}],"wp:attachment":[{"href":"https:\/\/aromasentia.com\/sv\/wp-json\/wp\/v2\/media?parent=216988"}],"wp:term":[{"taxonomy":"product_brand","embeddable":true,"href":"https:\/\/aromasentia.com\/sv\/wp-json\/wp\/v2\/product_brand?post=216988"},{"taxonomy":"product_cat","embeddable":true,"href":"https:\/\/aromasentia.com\/sv\/wp-json\/wp\/v2\/product_cat?post=216988"},{"taxonomy":"product_tag","embeddable":true,"href":"https:\/\/aromasentia.com\/sv\/wp-json\/wp\/v2\/product_tag?post=216988"}],"curies":[{"name":"wp","href":"https:\/\/api.w.org\/{rel}","templated":true}]}}