{"id":216976,"date":"2025-03-20T15:03:30","date_gmt":"2025-03-20T15:03:30","guid":{"rendered":"https:\/\/aromasentia.com\/product\/special-regeneration-a2-mix-massage-oil-100ml\/"},"modified":"2025-12-31T15:49:06","modified_gmt":"2025-12-31T15:49:06","slug":"speciell-a2-blandning-massageolja-100ml","status":"publish","type":"product","link":"https:\/\/aromasentia.com\/sv\/speciell-a2-blandning-massageolja-100ml\/","title":{"rendered":"Speciell A2-Blandning Massageolja &#8211; 100ml"},"content":{"rendered":"<p><strong>Ingredienser:<\/strong> Eteriska oljor av rosmarin, lavendel, myrra och ingef\u00e4ra blandade i druvk\u00e4rneolja.&nbsp;<\/p>\n<p>Ancient Wisdom Massageoljor \u00e4r expertblandade. De \u00e4r inte bara designade f\u00f6r en fantastisk massage utan var och en \u00e4r infunderad med eteriska oljor, vilket ger n\u00e5got extra.&nbsp;<\/p>\n<p><strong>Speciell A2-Blandning Massageolja<\/strong> har syftet att hj\u00e4lpa mot v\u00e4rkande leder och lemmar. Denna blandning \u00e4r speciellt utformad f\u00f6r att bek\u00e4mpa besv\u00e4r som v\u00e4rkande muskler, muskelbristningar och reumatism.&nbsp;<\/p>\n<p>Den har ocks\u00e5 den milda v\u00e4rmande effekten av ingef\u00e4ra och kan hj\u00e4lpa till med cirkulationen.&nbsp;<\/p>\n<p><strong>Allergener:&nbsp;<\/strong>Limonen.<\/p>\n","protected":false},"excerpt":{"rendered":"<p>Ingredienser: Eteriska oljor av rosmarin, lavendel, myrra och ingef\u00e4ra blandade i druvk\u00e4rneolja.&nbsp; Ancient Wisdom Massageoljor \u00e4r expertblandade. De \u00e4r inte bara designade f\u00f6r en fantastisk massage utan var och en \u00e4r infunderad med eteriska oljor, vilket ger n\u00e5got extra.&nbsp; Speciell A2-Blandning Massageolja har syftet att hj\u00e4lpa mot v\u00e4rkande leder och lemmar. Denna blandning \u00e4r speciellt [&hellip;]<\/p>\n","protected":false},"featured_media":265659,"comment_status":"closed","ping_status":"open","template":"","meta":{"_angie_page":false},"product_brand":[27091],"product_cat":[12600,13747],"product_tag":[],"class_list":{"0":"post-216976","1":"product","2":"type-product","3":"status-publish","4":"has-post-thumbnail","6":"product_brand-ancient-wisdom","7":"product_cat-bad-och-dusch","8":"product_cat-massageoljor","9":"pa_collection-massage-oils-bottles-100ml-sv","10":"pa_made-in-storbritannien","11":"pa_size-100ml","13":"first","14":"instock","15":"purchasable","16":"product-type-simple"},"supplier_id":null,"supplier_sku":"MOL-14","barcode":null,"atum_controlled":true,"out_stock_date":null,"out_stock_threshold":null,"inheritable":false,"inbound_stock":0,"stock_on_hold":0,"sold_today":0,"sales_last_days":0,"reserved_stock":0,"customer_returns":0,"warehouse_damage":0,"lost_in_post":0,"other_logs":0,"out_stock_days":0,"lost_sales":0,"has_location":false,"update_date":"2026-04-27T07:13:29","atum_locations":[],"atum_stock_status":"instock","restock_status":false,"low_stock_amount":"","sales_update_date":"2025-09-05T00:17:09","calc_backorders":null,"_links":{"self":[{"href":"https:\/\/aromasentia.com\/sv\/wp-json\/wp\/v2\/product\/216976","targetHints":{"allow":["GET"]}}],"collection":[{"href":"https:\/\/aromasentia.com\/sv\/wp-json\/wp\/v2\/product"}],"about":[{"href":"https:\/\/aromasentia.com\/sv\/wp-json\/wp\/v2\/types\/product"}],"replies":[{"embeddable":true,"href":"https:\/\/aromasentia.com\/sv\/wp-json\/wp\/v2\/comments?post=216976"}],"version-history":[{"count":0,"href":"https:\/\/aromasentia.com\/sv\/wp-json\/wp\/v2\/product\/216976\/revisions"}],"wp:featuredmedia":[{"embeddable":true,"href":"https:\/\/aromasentia.com\/sv\/wp-json\/wp\/v2\/media\/265659"}],"wp:attachment":[{"href":"https:\/\/aromasentia.com\/sv\/wp-json\/wp\/v2\/media?parent=216976"}],"wp:term":[{"taxonomy":"product_brand","embeddable":true,"href":"https:\/\/aromasentia.com\/sv\/wp-json\/wp\/v2\/product_brand?post=216976"},{"taxonomy":"product_cat","embeddable":true,"href":"https:\/\/aromasentia.com\/sv\/wp-json\/wp\/v2\/product_cat?post=216976"},{"taxonomy":"product_tag","embeddable":true,"href":"https:\/\/aromasentia.com\/sv\/wp-json\/wp\/v2\/product_tag?post=216976"}],"curies":[{"name":"wp","href":"https:\/\/api.w.org\/{rel}","templated":true}]}}